{"id":61056,"date":"2024-11-02T18:21:44","date_gmt":"2024-11-02T18:21:44","guid":{"rendered":"https:\/\/brandss.com.py\/index\/?post_type=product&#038;p=61056"},"modified":"2025-12-10T18:30:33","modified_gmt":"2025-12-10T18:30:33","slug":"perfume-masculino-ajmal-amaze-edp-100ml","status":"publish","type":"product","link":"https:\/\/brandss.com.py\/index\/producto\/perfume-masculino-ajmal-amaze-edp-100ml\/","title":{"rendered":"PERFUME MASCULINO AJMAL AMAZE EDP 100ML"},"content":{"rendered":"<p><img loading=\"lazy\" decoding=\"async\" class=\"\" src=\"https:\/\/in.ajmal.com\/cdn\/shop\/files\/Ajmal_Logo_1_300x300.png?v=1637576073\" alt=\"Our Brands \u2013 Ajmal Perfumes India\" width=\"83\" height=\"153\" \/><\/p>\n<h1>AMAZE<\/h1>\n<div class=\"trix-content\">\n<div>Con una frescura sorprendente,\u00a0Amaze\u00a0revela una fragancia moderna, sensual e impredecible.\u00a0Emb\u00e1rcate en un viaje olfativo \u00fanico con el perfume Ajmal. Esta fragancia cautivadora captura la esencia del lujo y la elegancia oriental. Cada rociada despierta los sentidos con una mezcla exquisita de notas especiadas y amaderadas, creando una experiencia arom\u00e1tica que deja una impresi\u00f3n duradera. El perfume Ajmal deja una estela distintiva de sofisticaci\u00f3n y refinamiento, reflejando la rica herencia y la artesan\u00eda meticulosa de la marca. Es la elecci\u00f3n perfecta para aquellos que buscan expresar su estilo distintivo con una fragancia que cautiva los sentidos<img loading=\"lazy\" decoding=\"async\" class=\"alignleft\" src=\"https:\/\/ajmalperfumeus.com\/cdn\/shop\/files\/Amze_1024x1024@2x.png?v=1692357199\" width=\"405\" height=\"405\" \/><\/div>\n<\/div>\n<h3><\/h3>\n<h3>Notas Olfativas:<\/h3>\n<p>Fragancia Amaze para \u00e9l\u00a0de Ajmal Perfume\u00a0\u00a0Use esta fragancia carism\u00e1tica con confianza y\u00a0\u00a0mantenga una personalidad impredecible con un comportamiento encantador, y deje que esta creaci\u00f3n entra\u00f1able con un encanto amaderado, almizclado y a cuero realce su estilo deslumbrante. Elija\u00a0<em>AMAZE<\/em>\u00a0para una encantadora historia de amor con la naturaleza.<\/p>\n<ul>\n<li><strong>Notas de salida:<\/strong> Bergamota, lima (lim\u00f3n verde), manzana y cempas\u00fachil (tagete, clavel\u00f3n).<\/li>\n<li><strong>Notas de coraz\u00f3n:<\/strong> Iris y jazm\u00edn.<\/li>\n<li><strong>Notas de fondo:<\/strong> Almizcle, pachul\u00ed, cuero y musgo de roble.<\/li>\n<\/ul>\n","protected":false},"excerpt":{"rendered":"<p>AMAZE Con una frescura sorprendente,\u00a0Amaze\u00a0revela una fragancia moderna, sensual e impredecible.\u00a0Emb\u00e1rcate en un viaje olfativo \u00fanico con el perfume Ajmal.<\/p>\n","protected":false},"featured_media":61057,"comment_status":"open","ping_status":"closed","template":"","meta":{"nf_dc_page":""},"product_brand":[1802],"product_cat":[84],"product_tag":[1815],"class_list":{"0":"post-61056","1":"product","2":"type-product","3":"status-publish","4":"has-post-thumbnail","6":"product_brand-ajmal","7":"product_cat-perfumeria","8":"product_tag-1815","10":"first","11":"instock","12":"shipping-taxable","13":"purchasable","14":"product-type-simple"},"_links":{"self":[{"href":"https:\/\/brandss.com.py\/index\/wp-json\/wp\/v2\/product\/61056","targetHints":{"allow":["GET"]}}],"collection":[{"href":"https:\/\/brandss.com.py\/index\/wp-json\/wp\/v2\/product"}],"about":[{"href":"https:\/\/brandss.com.py\/index\/wp-json\/wp\/v2\/types\/product"}],"replies":[{"embeddable":true,"href":"https:\/\/brandss.com.py\/index\/wp-json\/wp\/v2\/comments?post=61056"}],"version-history":[{"count":2,"href":"https:\/\/brandss.com.py\/index\/wp-json\/wp\/v2\/product\/61056\/revisions"}],"predecessor-version":[{"id":61065,"href":"https:\/\/brandss.com.py\/index\/wp-json\/wp\/v2\/product\/61056\/revisions\/61065"}],"wp:featuredmedia":[{"embeddable":true,"href":"https:\/\/brandss.com.py\/index\/wp-json\/wp\/v2\/media\/61057"}],"wp:attachment":[{"href":"https:\/\/brandss.com.py\/index\/wp-json\/wp\/v2\/media?parent=61056"}],"wp:term":[{"taxonomy":"product_brand","embeddable":true,"href":"https:\/\/brandss.com.py\/index\/wp-json\/wp\/v2\/product_brand?post=61056"},{"taxonomy":"product_cat","embeddable":true,"href":"https:\/\/brandss.com.py\/index\/wp-json\/wp\/v2\/product_cat?post=61056"},{"taxonomy":"product_tag","embeddable":true,"href":"https:\/\/brandss.com.py\/index\/wp-json\/wp\/v2\/product_tag?post=61056"}],"curies":[{"name":"wp","href":"https:\/\/api.w.org\/{rel}","templated":true}]}}