{"id":61066,"date":"2024-11-02T18:42:26","date_gmt":"2024-11-02T18:42:26","guid":{"rendered":"https:\/\/brandss.com.py\/index\/?post_type=product&#038;p=61066"},"modified":"2026-03-28T16:25:55","modified_gmt":"2026-03-28T16:25:55","slug":"perfume-masculino-lattafa-tharwah-silver-edp-100-ml","status":"publish","type":"product","link":"https:\/\/brandss.com.py\/index\/producto\/perfume-masculino-lattafa-tharwah-silver-edp-100-ml\/","title":{"rendered":"PERFUME MASCULINO LATTAFA THARWAH SILVER EDP 100 ML"},"content":{"rendered":"<p><img loading=\"lazy\" decoding=\"async\" class=\"\" src=\"https:\/\/seeklogo.com\/images\/L\/lattafa-logo-BF4C5EB5A4-seeklogo.com.png\" alt=\"Lattafa Logo PNG Vector (AI) Free Download\" width=\"110\" height=\"145\" \/><\/p>\n<h1>THARWAH SILVER<\/h1>\n<p>Tharwah Silver es una fragancia lujosa y cautivadora que destila elegancia y sofisticaci\u00f3n. Etse perfume oriental es perfecto para quienes aprecian una mezcla de aromas tradicionales y modernos, creaondo un aroma \u00fanico y memorable. El exquisito envase del frasco a\u00f1ade un toque de glamour a tu colecci\u00f3n de fragancias.<img loading=\"lazy\" decoding=\"async\" class=\"alignleft\" src=\"https:\/\/perfumescardales.com.ar\/wp-content\/uploads\/2023\/10\/tarwa-1.jpg\" width=\"423\" height=\"423\" \/><\/p>\n<h3><\/h3>\n<h3>Notas Olfativas:<\/h3>\n<p>Tharwah Silver de Lattafa Perfumes es una fragancia de la familia olfativa Amaderada Acu\u00e1tica para Hombres. Esta fragancia es nueva. Tharwah Silver se lanz\u00f3 en 2022.<\/p>\n<p><strong>Las Notas de Salida:<\/strong> menta y bergamota.<\/p>\n<p><strong>Las Notas de Coraz\u00f3n:<\/strong> lavanda y esclarea.<\/p>\n<p><strong>Las Notas de Fondo:<\/strong>\u00a0 almizcle, vetiver y cedro.<\/p>\n","protected":false},"excerpt":{"rendered":"<p>THARWAH SILVER Tharwah Silver es una fragancia lujosa y cautivadora que destila elegancia y sofisticaci\u00f3n. Etse perfume oriental es perfecto<\/p>\n","protected":false},"featured_media":61067,"comment_status":"open","ping_status":"closed","template":"","meta":{"nf_dc_page":""},"product_brand":[109],"product_cat":[84],"product_tag":[692],"class_list":{"0":"post-61066","1":"product","2":"type-product","3":"status-publish","4":"has-post-thumbnail","6":"product_brand-lattafa","7":"product_cat-perfumeria","8":"product_tag-692","10":"first","11":"outofstock","12":"shipping-taxable","13":"purchasable","14":"product-type-simple"},"_links":{"self":[{"href":"https:\/\/brandss.com.py\/index\/wp-json\/wp\/v2\/product\/61066","targetHints":{"allow":["GET"]}}],"collection":[{"href":"https:\/\/brandss.com.py\/index\/wp-json\/wp\/v2\/product"}],"about":[{"href":"https:\/\/brandss.com.py\/index\/wp-json\/wp\/v2\/types\/product"}],"replies":[{"embeddable":true,"href":"https:\/\/brandss.com.py\/index\/wp-json\/wp\/v2\/comments?post=61066"}],"version-history":[{"count":1,"href":"https:\/\/brandss.com.py\/index\/wp-json\/wp\/v2\/product\/61066\/revisions"}],"predecessor-version":[{"id":61076,"href":"https:\/\/brandss.com.py\/index\/wp-json\/wp\/v2\/product\/61066\/revisions\/61076"}],"wp:featuredmedia":[{"embeddable":true,"href":"https:\/\/brandss.com.py\/index\/wp-json\/wp\/v2\/media\/61067"}],"wp:attachment":[{"href":"https:\/\/brandss.com.py\/index\/wp-json\/wp\/v2\/media?parent=61066"}],"wp:term":[{"taxonomy":"product_brand","embeddable":true,"href":"https:\/\/brandss.com.py\/index\/wp-json\/wp\/v2\/product_brand?post=61066"},{"taxonomy":"product_cat","embeddable":true,"href":"https:\/\/brandss.com.py\/index\/wp-json\/wp\/v2\/product_cat?post=61066"},{"taxonomy":"product_tag","embeddable":true,"href":"https:\/\/brandss.com.py\/index\/wp-json\/wp\/v2\/product_tag?post=61066"}],"curies":[{"name":"wp","href":"https:\/\/api.w.org\/{rel}","templated":true}]}}