{"id":61077,"date":"2024-11-02T18:55:50","date_gmt":"2024-11-02T18:55:50","guid":{"rendered":"https:\/\/brandss.com.py\/index\/?post_type=product&#038;p=61077"},"modified":"2026-04-22T17:25:39","modified_gmt":"2026-04-22T17:25:39","slug":"perfume-femenino-lattafa-fakhar-rose-gold-edp-100ml","status":"publish","type":"product","link":"https:\/\/brandss.com.py\/index\/producto\/perfume-femenino-lattafa-fakhar-rose-gold-edp-100ml\/","title":{"rendered":"PERFUME FEMENINO LATTAFA FAKHAR ROS\u00c9 GOLD EDP 100ML"},"content":{"rendered":"<p><img loading=\"lazy\" decoding=\"async\" class=\"\" src=\"https:\/\/seeklogo.com\/images\/L\/lattafa-logo-BF4C5EB5A4-seeklogo.com.png\" alt=\"Lattafa Logo PNG Vector (AI) Free Download\" width=\"105\" height=\"139\" \/><\/p>\n<h1>FAKHAR ROS\u00c9 GOLD<\/h1>\n<p>El nombre &#8220;Fakhar Lattafa Rose Gold &#8221; evoca orgullo, nobleza y un aura de opulencia en oro rosa. Esta fragancia, como un tesoro de rosas en un frasco, encarna la grandeza y la elegancia de una rosa delicada. \u201cFakhar Lattafa Rose Gold \u201d es una fragancia oriental que se abre con notas altas frescas y vibrantes. Mandarina, lim\u00f3n y bergamota aportan un soplo c\u00edtrico que despierta inmediatamente los sentidos. Las notas de coraz\u00f3n revelan un sofisticado bouquet floral, donde la rosa, la peon\u00eda y el jazm\u00edn se mezclan para crear una dimensi\u00f3n delicada y rom\u00e1ntica. Finalmente, las notas de fondo, compuestas por \u00e1mbar, vainilla y almizcle, aportan una base c\u00e1lida y sensual.<\/p>\n<p>Esta combinaci\u00f3n armoniosa de ingredientes crea una fragancia que evoluciona a lo largo del d\u00eda, capturando la imaginaci\u00f3n de quienes la usan. Lo que distingue a \u201cFakhar Lattafa Rose Gold \u201d es su estela elegante y refinada. La fragancia deja una huella olfativa memorable que es a la vez sofisticada y sutil. Es perfecto para quienes buscan una fragancia suave y elegante que deje una impresi\u00f3n duradera.<\/p>\n<p><strong>Una botella de excelencia<\/strong><\/p>\n<p>La botella de \u201cFakhar Lattafa Rose Gold \u201d es una obra de arte en s\u00ed misma. Refleja la est\u00e9tica oriental con detalles en oro rosa y una elegancia atemporal. Es una pieza de colecci\u00f3n que a\u00f1ade un toque de lujo a cualquier tocador.<img loading=\"lazy\" decoding=\"async\" class=\"alignleft\" src=\"https:\/\/www.duneperfumes.com.au\/cdn\/shop\/files\/fakhar-lattafa-rose-100ml-edp-lattafa-387496.jpg?v=1723519087&amp;width=823\" width=\"434\" height=\"434\" \/><\/p>\n<p>\u201cFakhar Lattafa Rose Gold \u201d es mucho m\u00e1s que un simple perfume. Es una invitaci\u00f3n a descubrir la perfecta armon\u00eda entre elegancia y suavidad, una fragancia que evoca la ternura de la rosa mientras celebra la opulencia de Oriente. Si buscas una fragancia sutil y sofisticada que evoque a la perfecci\u00f3n la elegancia natural, &#8220;Fakhar Lattafa Rose Gold &#8221; es una elecci\u00f3n imprescindible. Con su estela elegante, su longevidad excepcional y su frasco de excelencia, esta fragancia es la expresi\u00f3n olfativa de un refinamiento atemporal.<\/p>\n<p>Descubre el equilibrio perfecto entre elegancia y suavidad con &#8220;Fakhar Lattafa Rose Gold &#8220;, una fragancia que te envolver\u00e1 en un aura sofisticada y delicada, ideal para cualquier ocasi\u00f3n en la que quieras revelar tu elegancia natural.<\/p>\n<h3>Notas Olfativas:<\/h3>\n<p>El Perfume Lattafa Fakhar EDP es una aut\u00e9ntica joya de la perfumer\u00eda, que aporta caracter\u00edsticas exclusivas que la hacen irresistible y cautivadora. Con una sensaci\u00f3n \u00fanica al usarse, este perfume despierta los sentidos y deja una huella imborrable por donde pasa.<\/p>\n<ul>\n<li><strong>Notas de salida:\u00a0<\/strong>frutas, azucena, granada y aldeh\u00eddos<\/li>\n<li><strong>Notas de coraz\u00f3n:<\/strong>\u00a0nardos, jazm\u00edn, gardenia, madreselva, ylang-ylang, rosa y peon\u00eda<\/li>\n<li><strong>Notas de fondo:<\/strong>\u00a0vainilla, almizcle blanco, ambroxan y s\u00e1ndalo.<\/li>\n<\/ul>\n","protected":false},"excerpt":{"rendered":"<p>FAKHAR ROS\u00c9 GOLD El nombre &#8220;Fakhar Lattafa Rose Gold &#8221; evoca orgullo, nobleza y un aura de opulencia en oro<\/p>\n","protected":false},"featured_media":61078,"comment_status":"open","ping_status":"closed","template":"","meta":{"nf_dc_page":""},"product_brand":[109],"product_cat":[84],"product_tag":[637],"class_list":{"0":"post-61077","1":"product","2":"type-product","3":"status-publish","4":"has-post-thumbnail","6":"product_brand-lattafa","7":"product_cat-perfumeria","8":"product_tag-637","10":"first","11":"instock","12":"shipping-taxable","13":"purchasable","14":"product-type-simple"},"_links":{"self":[{"href":"https:\/\/brandss.com.py\/index\/wp-json\/wp\/v2\/product\/61077","targetHints":{"allow":["GET"]}}],"collection":[{"href":"https:\/\/brandss.com.py\/index\/wp-json\/wp\/v2\/product"}],"about":[{"href":"https:\/\/brandss.com.py\/index\/wp-json\/wp\/v2\/types\/product"}],"replies":[{"embeddable":true,"href":"https:\/\/brandss.com.py\/index\/wp-json\/wp\/v2\/comments?post=61077"}],"version-history":[{"count":1,"href":"https:\/\/brandss.com.py\/index\/wp-json\/wp\/v2\/product\/61077\/revisions"}],"predecessor-version":[{"id":61082,"href":"https:\/\/brandss.com.py\/index\/wp-json\/wp\/v2\/product\/61077\/revisions\/61082"}],"wp:featuredmedia":[{"embeddable":true,"href":"https:\/\/brandss.com.py\/index\/wp-json\/wp\/v2\/media\/61078"}],"wp:attachment":[{"href":"https:\/\/brandss.com.py\/index\/wp-json\/wp\/v2\/media?parent=61077"}],"wp:term":[{"taxonomy":"product_brand","embeddable":true,"href":"https:\/\/brandss.com.py\/index\/wp-json\/wp\/v2\/product_brand?post=61077"},{"taxonomy":"product_cat","embeddable":true,"href":"https:\/\/brandss.com.py\/index\/wp-json\/wp\/v2\/product_cat?post=61077"},{"taxonomy":"product_tag","embeddable":true,"href":"https:\/\/brandss.com.py\/index\/wp-json\/wp\/v2\/product_tag?post=61077"}],"curies":[{"name":"wp","href":"https:\/\/api.w.org\/{rel}","templated":true}]}}