{"id":61083,"date":"2024-11-02T19:12:49","date_gmt":"2024-11-02T19:12:49","guid":{"rendered":"https:\/\/brandss.com.py\/index\/?post_type=product&#038;p=61083"},"modified":"2025-12-04T17:30:27","modified_gmt":"2025-12-04T17:30:27","slug":"perfume-masculino-al-wataniah-eternal-kayaan-classic-edp-100ml","status":"publish","type":"product","link":"https:\/\/brandss.com.py\/index\/producto\/perfume-masculino-al-wataniah-eternal-kayaan-classic-edp-100ml\/","title":{"rendered":"PERFUME MASCULINO AL WATANIAH ETERNAL KAYAAN CLASSIC EDP 100ML"},"content":{"rendered":"<p><img loading=\"lazy\" decoding=\"async\" class=\"\" src=\"https:\/\/www.shoppingchina.com.py\/rails\/active_storage\/blobs\/redirect\/eyJfcmFpbHMiOnsibWVzc2FnZSI6IkJBaHBBLzdoQ0E9PSIsImV4cCI6bnVsbCwicHVyIjoiYmxvYl9pZCJ9fQ==--1b945dbbe78e43af5449364aa01e10ce1fdc4fe4\/al%20wataniah.webp\" alt=\"Al wataniah no Paraguai | Shopping China\" width=\"135\" height=\"135\" \/><\/p>\n<h1>ETERNAL KAYAAN CLASSIC<\/h1>\n<p>Sum\u00e9rgete en una experiencia olfativa atemporal con Kayaan Classic Eau De Parfum 100ml Al Wataniah. Esta elegante fragancia combina armoniosamente la frescura del lim\u00f3n, la dulzura floral y los c\u00e1lidos matices de vainilla para crear una composici\u00f3n irresistiblemente seductora.<\/p>\n<h4><span>Viaje de fragancias cl\u00e1sicas de Kayaan<\/span><\/h4>\n<p><span>En las notas de salida, el aroma se despliega con una explosi\u00f3n de brillo c\u00edtrico, con el estimulante aroma de la bergamota y la refrescante c\u00e1scara de naranja. Estas notas vibrantes crean una apertura vivaz y vigorizante para la fragancia.<\/span><\/p>\n<p><span>En las notas medias, el aroma se transforma en un exuberante bouquet floral, que muestra los delicados y rom\u00e1nticos aromas del\u00a0<\/span><strong><span>iris toscano, la rosa y el jazm\u00edn<\/span><\/strong><span>\u00a0. Estos acordes florales a\u00f1aden un toque de feminidad y sofisticaci\u00f3n a la composici\u00f3n, evocando im\u00e1genes de jardines florecientes y d\u00edas soleados.<img loading=\"lazy\" decoding=\"async\" class=\"alignleft\" src=\"https:\/\/opulensi.com\/cdn\/shop\/files\/Kayaan_Classic_notes_76c93bb1-2aa8-4dd6-b5f3-3abf355baa9f.jpg?v=1724702287&amp;width=713\" width=\"485\" height=\"485\" \/><\/span><\/p>\n<p><span>A medida que la fragancia se asienta en las notas de base, revela un aroma c\u00e1lido y reconfortante de\u00a0<\/span><strong><span>vainilla y almizcle<\/span><\/strong><span>\u00a0. Esta nota dulce y cremosa aporta profundidad y riqueza al aroma, dejando una estela suave y atractiva que perdura en la piel, equilibrada con\u00a0<\/span><strong><span>s\u00e1ndalo y pachul\u00ed.<\/span><\/strong><\/p>\n<hr \/>\n<h4><span>Kayan Classic Un perfume vers\u00e1til<\/span><\/h4>\n<p><span>Una fragancia encantadora que se puede usar en cualquier ocasi\u00f3n, desde salidas diurnas hasta eventos nocturnos. Su armoniosa combinaci\u00f3n de c\u00edtricos, flores, vainilla dulce, s\u00e1ndalo y pachul\u00ed crea una experiencia olfativa cautivadora que es a la vez atemporal y cautivadora.<\/span><\/p>\n<h3>Notas Olfativas:<\/h3>\n<p><b><span>Kayaan Classic<\/span><\/b><span>\u00a0de\u00a0<\/span><b><span>Al Wataniah<\/span><\/b><span>\u00a0es una fragancia de la familia olfativa Oriental Vainilla para Hombres y Mujeres. Esta es una nueva fragancia.\u00a0<\/span><b><span>Kayaan Classic<\/span><\/b><span>\u00a0se lanz\u00f3 en 2023. <\/span><\/p>\n<p>&nbsp;<\/p>\n<p><span><strong>Notas de Salida:<\/strong> Naranja y Bergamota; <\/span><\/p>\n<p><span><strong>Notas de Coraz\u00f3n:<\/strong> Jazm\u00edn y Rosa; <\/span><\/p>\n<p><span><strong>Nota de Fondo:<\/strong> Vainilla.<\/span><\/p>\n","protected":false},"excerpt":{"rendered":"<p>ETERNAL KAYAAN CLASSIC Sum\u00e9rgete en una experiencia olfativa atemporal con Kayaan Classic Eau De Parfum 100ml Al Wataniah. Esta elegante<\/p>\n","protected":false},"featured_media":61084,"comment_status":"open","ping_status":"closed","template":"","meta":{"nf_dc_page":""},"product_brand":[105],"product_cat":[84],"product_tag":[1593],"class_list":{"0":"post-61083","1":"product","2":"type-product","3":"status-publish","4":"has-post-thumbnail","6":"product_brand-al-wataniah","7":"product_cat-perfumeria","8":"product_tag-1593","10":"first","11":"outofstock","12":"shipping-taxable","13":"purchasable","14":"product-type-simple"},"_links":{"self":[{"href":"https:\/\/brandss.com.py\/index\/wp-json\/wp\/v2\/product\/61083","targetHints":{"allow":["GET"]}}],"collection":[{"href":"https:\/\/brandss.com.py\/index\/wp-json\/wp\/v2\/product"}],"about":[{"href":"https:\/\/brandss.com.py\/index\/wp-json\/wp\/v2\/types\/product"}],"replies":[{"embeddable":true,"href":"https:\/\/brandss.com.py\/index\/wp-json\/wp\/v2\/comments?post=61083"}],"version-history":[{"count":1,"href":"https:\/\/brandss.com.py\/index\/wp-json\/wp\/v2\/product\/61083\/revisions"}],"predecessor-version":[{"id":61089,"href":"https:\/\/brandss.com.py\/index\/wp-json\/wp\/v2\/product\/61083\/revisions\/61089"}],"wp:featuredmedia":[{"embeddable":true,"href":"https:\/\/brandss.com.py\/index\/wp-json\/wp\/v2\/media\/61084"}],"wp:attachment":[{"href":"https:\/\/brandss.com.py\/index\/wp-json\/wp\/v2\/media?parent=61083"}],"wp:term":[{"taxonomy":"product_brand","embeddable":true,"href":"https:\/\/brandss.com.py\/index\/wp-json\/wp\/v2\/product_brand?post=61083"},{"taxonomy":"product_cat","embeddable":true,"href":"https:\/\/brandss.com.py\/index\/wp-json\/wp\/v2\/product_cat?post=61083"},{"taxonomy":"product_tag","embeddable":true,"href":"https:\/\/brandss.com.py\/index\/wp-json\/wp\/v2\/product_tag?post=61083"}],"curies":[{"name":"wp","href":"https:\/\/api.w.org\/{rel}","templated":true}]}}