{"id":61121,"date":"2024-11-14T12:43:16","date_gmt":"2024-11-14T12:43:16","guid":{"rendered":"https:\/\/brandss.com.py\/index\/?post_type=product&#038;p=61121"},"modified":"2026-04-07T13:15:55","modified_gmt":"2026-04-07T13:15:55","slug":"perfume-masculino-diesel-only-the-brave-edt-125ml","status":"publish","type":"product","link":"https:\/\/brandss.com.py\/index\/producto\/perfume-masculino-diesel-only-the-brave-edt-125ml\/","title":{"rendered":"PERFUME MASCULINO DIESEL ONLY THE BRAVE EDT 125ML"},"content":{"rendered":"<p><img loading=\"lazy\" decoding=\"async\" class=\"\" src=\"https:\/\/i.pinimg.com\/originals\/53\/c5\/63\/53c563b481a5233e5829f237c3f99d13.png\" alt=\"Diesel Logo PNG Vector (EPS) Free Download\" width=\"89\" height=\"89\" \/><\/p>\n<h1>ONLY THE BRAVE<\/h1>\n<p>&nbsp;<\/p>\n<p>Diesel Only The Brave, es la fragancia masculina ic\u00f3nica de Diesel, marca italiana de lujo alternativo. Un perfume de hombre que expresa las mismas connotaciones de la marca.El hombre Diesel es moderno y actual, es diferente y le gusta provocar. Es una fragancia exclusiva para hombres con fuerza, coraje y convicci\u00f3n. Valiente. Fuerte. Determinado. Only The Brave es el perfume masculino que encapsula la energ\u00eda necesaria para que uno pueda buscar el \u00e9xito y superarse cada d\u00eda en todos los \u00e1mbitos de su vida.<img loading=\"lazy\" decoding=\"async\" class=\"alignleft\" src=\"https:\/\/f.fcdn.app\/imgs\/d0099c\/electroventas.com.uy\/elecuy\/5937\/webp\/catalogo\/BY3605520679957_BY3605520679957_5\/460x460\/perfume-diesel-only-the-brave-edt-35ml-original-35-ml.jpg\" width=\"321\" height=\"321\" \/><\/p>\n<p>Only The Brave es la fragancia de los aventureros de la ciudad, de los hombres que transforman la valent\u00eda en una forma de vida y buscan convertirse en sus propios h\u00e9roes.<\/p>\n<p>Un Eau de Toilette que es la definici\u00f3n del hombre con fuerza, con la decisi\u00f3n de saber lo que quiere y de luchar por conseguirlo. Es el s\u00edmbolo del \u00e9xito, de la seguridad en uno mismo y de la energ\u00eda.Only The Brave pertenece a la familia olfativa de los perfumes orientales amaderados. En sus notas frescas de salida destacan el cilantro, el lim\u00f3n y la mandarina, mientras que las notas de coraz\u00f3n est\u00e1n encabezadas por la violeta, el cedro y el romero. De fondo, la piel queda impregnada un armonioso acorde de cuero, junto con notas de \u00e1mbar y de Labdanum.<\/p>\n<p>El irresistible perfume del coraje, Only the Brave the Original es el emblema de fuerza y audacia. La esencia que captura inevitablemente la atenci\u00f3n. Una combinaci\u00f3n distintiva de Lim\u00f3n Fresco, Romero Arom\u00e1tico y Sensual Madera de \u00c1mbar. Este perfume es el emblema de una fuerza inquebrantable, coraje y determinaci\u00f3n sin reservas.<br \/>\nEl poder de superarse a uno mismo.<\/p>\n<p>&nbsp;<\/p>\n<h3>Notas Olfativas<\/h3>\n<p>&nbsp;<\/p>\n<div class=\"product_detail_desc_text\"><span>Only The Brave es una fragancia fresca y amaderada que armoniza notas orientales y amaderadas con una mezcla distintiva de c\u00edtricos, \u00e1mbar y cuero.<\/span><\/div>\n<div class=\"product_detail_desc_text\"><span>La fragancia para todos los hombres que eligieron ser h\u00e9roes.<\/span><img loading=\"lazy\" decoding=\"async\" class=\"alignright\" src=\"https:\/\/m.media-amazon.com\/images\/I\/81yl65ctVIL._SX522_.jpg\" width=\"316\" height=\"316\" \/><span>\u00a0Un c\u00f3ctel explosivo que da testimonio de un hombre con una identidad tan fuerte como presente, casi magn\u00e9tica. El frasco en forma de pu\u00f1o lleva tatuada la marca en los nudillos.<\/span><\/div>\n<p><strong>Notas de salida:<\/strong> lim\u00f3n de Amalfi (lima de Amalfi) y mandarina<br \/>\n<strong>Notas de coraz\u00f3n:<\/strong> violeta, cedro de Virginia y cilantro<br \/>\n<strong>Notas de fondo:<\/strong> \u00e1mbar, cuero, benju\u00ed, l\u00e1dano franc\u00e9s y styrax<\/p>\n<p>&nbsp;<\/p>\n","protected":false},"excerpt":{"rendered":"<p>ONLY THE BRAVE &nbsp; Diesel Only The Brave, es la fragancia masculina ic\u00f3nica de Diesel, marca italiana de lujo alternativo.<\/p>\n","protected":false},"featured_media":61122,"comment_status":"open","ping_status":"closed","template":"","meta":{"nf_dc_page":""},"product_brand":[1709],"product_cat":[84],"product_tag":[1817],"class_list":{"0":"post-61121","1":"product","2":"type-product","3":"status-publish","4":"has-post-thumbnail","6":"product_brand-diesel","7":"product_cat-perfumeria","8":"product_tag-1817","10":"first","11":"outofstock","12":"shipping-taxable","13":"purchasable","14":"product-type-simple"},"_links":{"self":[{"href":"https:\/\/brandss.com.py\/index\/wp-json\/wp\/v2\/product\/61121","targetHints":{"allow":["GET"]}}],"collection":[{"href":"https:\/\/brandss.com.py\/index\/wp-json\/wp\/v2\/product"}],"about":[{"href":"https:\/\/brandss.com.py\/index\/wp-json\/wp\/v2\/types\/product"}],"replies":[{"embeddable":true,"href":"https:\/\/brandss.com.py\/index\/wp-json\/wp\/v2\/comments?post=61121"}],"version-history":[{"count":1,"href":"https:\/\/brandss.com.py\/index\/wp-json\/wp\/v2\/product\/61121\/revisions"}],"predecessor-version":[{"id":61132,"href":"https:\/\/brandss.com.py\/index\/wp-json\/wp\/v2\/product\/61121\/revisions\/61132"}],"wp:featuredmedia":[{"embeddable":true,"href":"https:\/\/brandss.com.py\/index\/wp-json\/wp\/v2\/media\/61122"}],"wp:attachment":[{"href":"https:\/\/brandss.com.py\/index\/wp-json\/wp\/v2\/media?parent=61121"}],"wp:term":[{"taxonomy":"product_brand","embeddable":true,"href":"https:\/\/brandss.com.py\/index\/wp-json\/wp\/v2\/product_brand?post=61121"},{"taxonomy":"product_cat","embeddable":true,"href":"https:\/\/brandss.com.py\/index\/wp-json\/wp\/v2\/product_cat?post=61121"},{"taxonomy":"product_tag","embeddable":true,"href":"https:\/\/brandss.com.py\/index\/wp-json\/wp\/v2\/product_tag?post=61121"}],"curies":[{"name":"wp","href":"https:\/\/api.w.org\/{rel}","templated":true}]}}