{"id":61138,"date":"2024-11-14T13:46:00","date_gmt":"2024-11-14T13:46:00","guid":{"rendered":"https:\/\/brandss.com.py\/index\/?post_type=product&#038;p=61138"},"modified":"2026-03-14T11:48:35","modified_gmt":"2026-03-14T11:48:35","slug":"perfume-masculino-dolce-gabbana-light-blue-homme-edt-125ml","status":"publish","type":"product","link":"https:\/\/brandss.com.py\/index\/producto\/perfume-masculino-dolce-gabbana-light-blue-homme-edt-125ml\/","title":{"rendered":"PERFUME MASCULINO DOLCE &amp; GABBANA LIGHT BLUE NEW EDT 125ML"},"content":{"rendered":"<p><img loading=\"lazy\" decoding=\"async\" class=\"\" src=\"https:\/\/1000marcas.net\/wp-content\/uploads\/2020\/01\/Dolce-Gabbana-Logo-1-500x281.png\" alt=\"Dolce &amp; Gabbana Logo - s\u00edmbolo, significado logotipo, historia, PNG\" width=\"164\" height=\"92\" \/><\/p>\n<h1>LIGHT BLUE HOMME<\/h1>\n<p>Dolce&amp;Gabbana Light Blue perfume for men encarna el encanto aventurerode un hombre mediterr\u00e1neo contempor\u00e1neo, en esta fresca y energizante fragancia. Magn\u00e9tica, un vigorizante c\u00f3ctel de frutas c\u00edtricas,balanceadas perfectamente con romero y pachul\u00ed de la India. Est\u00e1 dirigida a hombres modernos y atl\u00e9ticos, que cuidan su imagen y se sienten bien consigo mismos. Simboliza la alegr\u00eda de vivir y est\u00e1 inspirada en un paisaje del Mediterr\u00e1neo, un escenario id\u00edlico para iniciar un juego constante de seducci\u00f3n, que se caracteriza por su sofisticaci\u00f3n y elegancia. La estela de esta fragancia se caracteriza por su encanto y frescura. Inicialmente destacamos notas c\u00edtricas y cargadas de energ\u00eda, como mandarina siciliana, enebro de Virginia, toronja y bergamota; seguidamente asoma un coraz\u00f3n picante y atrevido, dispuesto a seducir y dejar huella con romero, palo de rosa de Brasil y pimienta, para finalmente concluir con notas tan sensuales como el almizcle o el incienso.<img loading=\"lazy\" decoding=\"async\" class=\"alignleft\" src=\"https:\/\/perfumescardales.com.ar\/wp-content\/uploads\/2021\/12\/light-blue-edt-hombre-3.jpg\" width=\"399\" height=\"402\" \/><\/p>\n<p>&nbsp;<\/p>\n<p><strong>EL DISE\u00d1O<\/strong><\/p>\n<p>&nbsp;<\/p>\n<p>Light Blue Pour Homme Eau de Toilette viene en un frasco de vidrio escarchado adornado con una tapa aguamarina que evoca las aguascristalinas y cielos del Mediterr\u00e1neo. Light Blue una fragancia fresca, masculina y seductora.<\/p>\n<p>&nbsp;<\/p>\n<h3>Notas Olfativas<\/h3>\n<p>&nbsp;<\/p>\n<p>El eau de toilette en spray Light Blue de Dolce &amp; Gabbana es una opci\u00f3n considerada por el hombre vivaz y seguro de si mismo, que favorece un aroma moderno y vibrante. Lanzada en 2007, esta fragancia masculina deja un aroma en\u00e9rgico y pronunciado. Light Blue Edt pour Homme de Dolce Gabbana es una fragancia de la familia olfativa C\u00edtrica Arom\u00e1tica para Hombres.<\/p>\n<p><strong>Las Notas de Salida son:<\/strong> pomelo, bergamota, mandarina siciliana y enebro de Virginia.<\/p>\n<p><strong>Las Notas de Coraz\u00f3n son:<\/strong> pimienta, romero y palo de rosa de Brasil.<\/p>\n<p><strong>Las Notas de Fondo son:<\/strong> almizcle, incienso y musgo de roble.<\/p>\n","protected":false},"excerpt":{"rendered":"<p>LIGHT BLUE HOMME Dolce&amp;Gabbana Light Blue perfume for men encarna el encanto aventurerode un hombre mediterr\u00e1neo contempor\u00e1neo, en esta fresca<\/p>\n","protected":false},"featured_media":61139,"comment_status":"open","ping_status":"closed","template":"","meta":{"nf_dc_page":""},"product_brand":[125],"product_cat":[84],"product_tag":[1247],"class_list":{"0":"post-61138","1":"product","2":"type-product","3":"status-publish","4":"has-post-thumbnail","6":"product_brand-dolce-gabbana","7":"product_cat-perfumeria","8":"product_tag-1247","10":"first","11":"outofstock","12":"sale","13":"shipping-taxable","14":"purchasable","15":"product-type-simple"},"_links":{"self":[{"href":"https:\/\/brandss.com.py\/index\/wp-json\/wp\/v2\/product\/61138","targetHints":{"allow":["GET"]}}],"collection":[{"href":"https:\/\/brandss.com.py\/index\/wp-json\/wp\/v2\/product"}],"about":[{"href":"https:\/\/brandss.com.py\/index\/wp-json\/wp\/v2\/types\/product"}],"replies":[{"embeddable":true,"href":"https:\/\/brandss.com.py\/index\/wp-json\/wp\/v2\/comments?post=61138"}],"version-history":[{"count":2,"href":"https:\/\/brandss.com.py\/index\/wp-json\/wp\/v2\/product\/61138\/revisions"}],"predecessor-version":[{"id":97039,"href":"https:\/\/brandss.com.py\/index\/wp-json\/wp\/v2\/product\/61138\/revisions\/97039"}],"wp:featuredmedia":[{"embeddable":true,"href":"https:\/\/brandss.com.py\/index\/wp-json\/wp\/v2\/media\/61139"}],"wp:attachment":[{"href":"https:\/\/brandss.com.py\/index\/wp-json\/wp\/v2\/media?parent=61138"}],"wp:term":[{"taxonomy":"product_brand","embeddable":true,"href":"https:\/\/brandss.com.py\/index\/wp-json\/wp\/v2\/product_brand?post=61138"},{"taxonomy":"product_cat","embeddable":true,"href":"https:\/\/brandss.com.py\/index\/wp-json\/wp\/v2\/product_cat?post=61138"},{"taxonomy":"product_tag","embeddable":true,"href":"https:\/\/brandss.com.py\/index\/wp-json\/wp\/v2\/product_tag?post=61138"}],"curies":[{"name":"wp","href":"https:\/\/api.w.org\/{rel}","templated":true}]}}