{"id":61159,"date":"2024-11-14T16:43:04","date_gmt":"2024-11-14T16:43:04","guid":{"rendered":"https:\/\/brandss.com.py\/index\/?post_type=product&#038;p=61159"},"modified":"2026-04-22T14:33:43","modified_gmt":"2026-04-22T14:33:43","slug":"perfume-masculino-versace-pour-homme-edt-100ml","status":"publish","type":"product","link":"https:\/\/brandss.com.py\/index\/producto\/perfume-masculino-versace-pour-homme-edt-100ml\/","title":{"rendered":"PERFUME MASCULINO VERSACE POUR HOMME EDT 100ML"},"content":{"rendered":"<p><img loading=\"lazy\" decoding=\"async\" class=\"\" src=\"https:\/\/seeklogo.com\/images\/V\/versace-medusa-logo-8821DAD251-seeklogo.com.png\" alt=\"Versace Logo PNG Vectors Free Download\" width=\"77\" height=\"96\" \/><\/p>\n<h1>POUR HOMME<\/h1>\n<p>La nueva fragancia para hombre, Versace Pour Homme, combina ingredientes esenciales de origen mediterr\u00e1neo para lograr notas arom\u00e1ticas que se adaptan al hombre de hoy: erudito y seguro de s\u00ed mismo, tiene la capacidad de vivir en armon\u00eda con el mundo natural. Din\u00e1mico y emprendedor, el hombre Versace Pour Homme comunica su car\u00e1cter en\u00e9rgico y apasionado a trav\u00e9s de esta fragancia decididamente masculina.<img loading=\"lazy\" decoding=\"async\" class=\"alignright\" src=\"https:\/\/blogger.googleusercontent.com\/img\/b\/R29vZ2xl\/AVvXsEjsOmyLZ74vBVEXZibyE_Zj7GbqhUKWZn7LEECRBjQN9BVoY9Q92gwnjuauLiBU6623S9HB1yTqw5OQbf7UzWJLlkkjX7CG13v42xTfWI_kp5b44Sx0fw7E6aJ0v1D2Yn0iJ5ELE6e3aCo6\/s400\/VERSACE-POUR-HOMME-MODEL.jpg\" width=\"293\" height=\"293\" \/><\/p>\n<p>En palabras de Donatella Versace, \u00abbuscaba una fragancia intensa y decidida que se adaptara a un hombre seguro de s\u00ed mismo y, sobre todo, atractivo\u00bb. La fragancia masculina se ha creado a partir de ingredientes mediterr\u00e1neos esenciales con notas arom\u00e1ticas, incluida una vibrante mezcla c\u00edtrica de bergamota y geranio para una sensaci\u00f3n de ligereza, equilibrada con notas de fondo profundas y sensuales de \u00e1mbar y almizcle.<\/p>\n<h3><\/h3>\n<h3>Notas Olfativas<\/h3>\n<p>&nbsp;<\/p>\n<p>Versace Pour Homme Edt de Versace es una fragancia de la familia olfativa Arom\u00e1tica Foug\u00e8re para Hombres. Las Notas de Salida son lim\u00f3n, bergamota, neroli y rosa de Mai; las Notas de Coraz\u00f3n son jacinto, cedro, esclarea y geranio; las Notas de Fondo son haba tonka, almizcle y \u00e1mbar.<\/p>\n<p>En su salida, Citr\u00f3n de diamante, hojas de naranja amarga y flores de neroli dan vida a una fragancia con acentos mediterr\u00e1neos. La esencia de Versace Pour Homme se caracteriza por el aroma mineral-floral, casi t\u00e1ctil, de amaro y jacinto azul.<img loading=\"lazy\" decoding=\"async\" class=\"alignleft\" src=\"https:\/\/www.sephora.com\/productimages\/product\/p219907-av-04-zoom.jpg?imwidth=612\" width=\"431\" height=\"431\" \/><\/p>\n<p>Finalizando esta armon\u00eda olfativa acordes de \u00c1mbar y almizcle que aportan notas b\u00e1sicas profundas y sensuales, la esencia de la masculinidad pura. Inspirada en aquellos hombres seguros, con mucha personalidad y sensualidad, que son capaces de tener una relaci\u00f3n armoniosa con el mundo y la naturaleza!!!<\/p>\n<ul>\n<li><strong>Notas de salida:<\/strong> bergamota, neroli, citr\u00f3n de diamante, hojas de naranja amarga.<\/li>\n<li><strong>Notas de coraz\u00f3n:<\/strong> geranio, amaro, jacinto azul.<\/li>\n<li><strong>Notas de fondo:<\/strong> madera de oud, \u00e1mbar mineral, madera de cedro.<\/li>\n<\/ul>\n","protected":false},"excerpt":{"rendered":"<p>POUR HOMME La nueva fragancia para hombre, Versace Pour Homme, combina ingredientes esenciales de origen mediterr\u00e1neo para lograr notas arom\u00e1ticas<\/p>\n","protected":false},"featured_media":61160,"comment_status":"open","ping_status":"closed","template":"","meta":{"nf_dc_page":""},"product_brand":[121],"product_cat":[84],"product_tag":[1818],"class_list":{"0":"post-61159","1":"product","2":"type-product","3":"status-publish","4":"has-post-thumbnail","6":"product_brand-versace","7":"product_cat-perfumeria","8":"product_tag-1818","10":"first","11":"instock","12":"shipping-taxable","13":"purchasable","14":"product-type-simple"},"_links":{"self":[{"href":"https:\/\/brandss.com.py\/index\/wp-json\/wp\/v2\/product\/61159","targetHints":{"allow":["GET"]}}],"collection":[{"href":"https:\/\/brandss.com.py\/index\/wp-json\/wp\/v2\/product"}],"about":[{"href":"https:\/\/brandss.com.py\/index\/wp-json\/wp\/v2\/types\/product"}],"replies":[{"embeddable":true,"href":"https:\/\/brandss.com.py\/index\/wp-json\/wp\/v2\/comments?post=61159"}],"version-history":[{"count":1,"href":"https:\/\/brandss.com.py\/index\/wp-json\/wp\/v2\/product\/61159\/revisions"}],"predecessor-version":[{"id":61166,"href":"https:\/\/brandss.com.py\/index\/wp-json\/wp\/v2\/product\/61159\/revisions\/61166"}],"wp:featuredmedia":[{"embeddable":true,"href":"https:\/\/brandss.com.py\/index\/wp-json\/wp\/v2\/media\/61160"}],"wp:attachment":[{"href":"https:\/\/brandss.com.py\/index\/wp-json\/wp\/v2\/media?parent=61159"}],"wp:term":[{"taxonomy":"product_brand","embeddable":true,"href":"https:\/\/brandss.com.py\/index\/wp-json\/wp\/v2\/product_brand?post=61159"},{"taxonomy":"product_cat","embeddable":true,"href":"https:\/\/brandss.com.py\/index\/wp-json\/wp\/v2\/product_cat?post=61159"},{"taxonomy":"product_tag","embeddable":true,"href":"https:\/\/brandss.com.py\/index\/wp-json\/wp\/v2\/product_tag?post=61159"}],"curies":[{"name":"wp","href":"https:\/\/api.w.org\/{rel}","templated":true}]}}