{"id":61167,"date":"2024-11-14T17:38:45","date_gmt":"2024-11-14T17:38:45","guid":{"rendered":"https:\/\/brandss.com.py\/index\/?post_type=product&#038;p=61167"},"modified":"2026-01-21T14:37:02","modified_gmt":"2026-01-21T14:37:02","slug":"perfume-masculino-lacoste-eau-de-lacoste-blanc-l-12-12-edt-100ml","status":"publish","type":"product","link":"https:\/\/brandss.com.py\/index\/producto\/perfume-masculino-lacoste-eau-de-lacoste-blanc-l-12-12-edt-100ml\/","title":{"rendered":"PERFUME MASCULINO LACOSTE EAU DE LACOSTE BLANC L.12.12 EDT 100ML"},"content":{"rendered":"<p><img loading=\"lazy\" decoding=\"async\" class=\"\" src=\"https:\/\/logodownload.org\/wp-content\/uploads\/2017\/06\/lacoste-logo.png\" alt=\"Lacoste Logo - PNG y Vector\" width=\"127\" height=\"61\" \/><\/p>\n<h1>EAU DE LACOSTE BLANC L.12.12<\/h1>\n<p>Lacoste Eau de Lacoste L.12.12 Blanc se inspira en el ic\u00f3nico polo. Su composici\u00f3n arom\u00e1tica refleja la masculinidad y la confianza en uno mismo. Esta fragancia cl\u00e1sica te proporcionar\u00e1 la misma sensaci\u00f3n de confort que cuando te pones un c\u00f3modo polo. Los hombres que desean mostrar lo mejor en sofisticaci\u00f3n atemporal usan la fragancia de Lacoste Eau De Lacoste L.12.12 Blanc.<\/p>\n<ul>\n<li>fragancia floral amaderada<\/li>\n<li>la textura del frasco evoca el tejido \u00abpetit piqu\u00e9\u00bb<\/li>\n<li>decorado con el ic\u00f3nico cocodrilo<\/li>\n<\/ul>\n<p><strong>Composici\u00f3n de la fragancia<\/strong><\/p>\n<p>Al olerla, lo que sentir\u00e1s con mayor intensidad ser\u00e1n las frescas notas c\u00edtricas que se entremezclan con el arom\u00e1tico cardamomo y eucalipto e intensas notas de pino y abeto. En las notas de fondo de la fragancia se despliegan unas ricas notas de cedro, que son las que se mantienen m\u00e1s tiempo en la piel y proporcionan a los sentidos una sensaci\u00f3n de confort.<\/p>\n<p><strong>Historia de la fragancia<\/strong><\/p>\n<p>La fragancia para hombre Lacoste L.12.12 Blanc ha sido creada con el reto de reinventar las reglas del juego, haciendo referencia al tenis y al legendario tenista Ren\u00e9 Lacoste, con quien est\u00e1 vinculado desde el principio.<\/p>\n<p>El curioso nombre de la fragancia, L 12.12., hace referencia al c\u00f3digo que se utiliz\u00f3 para fabricar el primer polo en colaboraci\u00f3n con el mencionado tenista. \u00abL\u00bb representa el nombre de Lacoste, \u00ab1\u00bb designa el material utilizado, el \u00abpetit piqu\u00e9\u00bb, y \u00ab2\u00bb indica la longitud de la manga. La segunda cifra, 12, indica el n\u00famero de prototipos que se crearon antes de la versi\u00f3n final.<\/p>\n<h3><img loading=\"lazy\" decoding=\"async\" class=\"alignleft\" src=\"https:\/\/www.lookfantastic.ie\/images?url=https:\/\/static.thcdn.com\/productimg\/original\/15016798-6015114175252870.jpg&amp;format=webp&amp;auto=avif&amp;width=1200&amp;height=1200&amp;fit=cover\" width=\"387\" height=\"387\" \/><\/h3>\n<h3>Notas Olfativas:<\/h3>\n<p>&nbsp;<\/p>\n<p>El perfume Lacoste L.12.12 Blanc EDT es una fragancia de la familia olfativa amaderada floral para hombres. Esta esencia pura de agua de ba\u00f1o lanzada en 2011 por la imperedecedera casa de moda francesa de Rene Lacoste. Blanc, que en franc\u00e9s significa &#8220;blanco&#8221;, describe la nitidez y la simpleza de esta fragancia..<\/p>\n<p>Notas de apertura que presentan toronja fresca que dan paso a un coraz\u00f3n de nardo cremoso e ylang ylang dulce.. Los aromas de cedro de Virginia y cuero fino brindan un elegante acabado. Usa este aroma masculino para mantenerte fresco en los d\u00edas calurosos de verano.<\/p>\n<ul>\n<li><span dir=\"ltr\" lang=\"PT-BR\"><strong>Notas de salida:\u00a0<\/strong>Pomelo, cardamomo, romero, hojas de cedro<\/span><\/li>\n<li><strong>Notas de coraz\u00f3n:\u00a0<\/strong>Nardo, ylang ylang<\/li>\n<li><strong>Notas de fondo:\u00a0<\/strong>Cedro, vetiver, acorde de ante (cuero, almizcle, madera)<\/li>\n<\/ul>\n<p>&nbsp;<\/p>\n","protected":false},"excerpt":{"rendered":"<p>EAU DE LACOSTE BLANC L.12.12 Lacoste Eau de Lacoste L.12.12 Blanc se inspira en el ic\u00f3nico polo. Su composici\u00f3n arom\u00e1tica<\/p>\n","protected":false},"featured_media":61168,"comment_status":"open","ping_status":"closed","template":"","meta":{"nf_dc_page":""},"product_brand":[2549],"product_cat":[84],"product_tag":[2548],"class_list":{"0":"post-61167","1":"product","2":"type-product","3":"status-publish","4":"has-post-thumbnail","6":"product_brand-lacoste","7":"product_cat-perfumeria","8":"product_tag-2548","10":"first","11":"instock","12":"sale","13":"shipping-taxable","14":"purchasable","15":"product-type-simple"},"_links":{"self":[{"href":"https:\/\/brandss.com.py\/index\/wp-json\/wp\/v2\/product\/61167","targetHints":{"allow":["GET"]}}],"collection":[{"href":"https:\/\/brandss.com.py\/index\/wp-json\/wp\/v2\/product"}],"about":[{"href":"https:\/\/brandss.com.py\/index\/wp-json\/wp\/v2\/types\/product"}],"replies":[{"embeddable":true,"href":"https:\/\/brandss.com.py\/index\/wp-json\/wp\/v2\/comments?post=61167"}],"version-history":[{"count":1,"href":"https:\/\/brandss.com.py\/index\/wp-json\/wp\/v2\/product\/61167\/revisions"}],"predecessor-version":[{"id":61178,"href":"https:\/\/brandss.com.py\/index\/wp-json\/wp\/v2\/product\/61167\/revisions\/61178"}],"wp:featuredmedia":[{"embeddable":true,"href":"https:\/\/brandss.com.py\/index\/wp-json\/wp\/v2\/media\/61168"}],"wp:attachment":[{"href":"https:\/\/brandss.com.py\/index\/wp-json\/wp\/v2\/media?parent=61167"}],"wp:term":[{"taxonomy":"product_brand","embeddable":true,"href":"https:\/\/brandss.com.py\/index\/wp-json\/wp\/v2\/product_brand?post=61167"},{"taxonomy":"product_cat","embeddable":true,"href":"https:\/\/brandss.com.py\/index\/wp-json\/wp\/v2\/product_cat?post=61167"},{"taxonomy":"product_tag","embeddable":true,"href":"https:\/\/brandss.com.py\/index\/wp-json\/wp\/v2\/product_tag?post=61167"}],"curies":[{"name":"wp","href":"https:\/\/api.w.org\/{rel}","templated":true}]}}