{"id":61192,"date":"2024-11-14T19:11:18","date_gmt":"2024-11-14T19:11:18","guid":{"rendered":"https:\/\/brandss.com.py\/index\/?post_type=product&#038;p=61192"},"modified":"2026-03-14T11:32:21","modified_gmt":"2026-03-14T11:32:21","slug":"perfume-femenino-lancome-hypnose-edp-75ml","status":"publish","type":"product","link":"https:\/\/brandss.com.py\/index\/producto\/perfume-femenino-lancome-hypnose-edp-75ml\/","title":{"rendered":"PERFUME FEMENINO LANC\u00d4ME HYPN\u00d4SE EDP 75ML"},"content":{"rendered":"<p><img loading=\"lazy\" decoding=\"async\" class=\"\" src=\"https:\/\/1000marcas.net\/wp-content\/uploads\/2020\/02\/logo-Lancome.png\" alt=\"Lanc\u00f4me Logo - s\u00edmbolo, significado logotipo, historia, PNG\" width=\"110\" height=\"62\" \/><\/p>\n<h1>HYPN\u00d4SE<\/h1>\n<p>Un remolino de sentidos. La cautivante fragancia de una mujer apasionada. Un elixir m\u00e1gico de feminidad construido sobre una c\u00e1lida armon\u00eda oriental amaderada. Una mujer que se deja envolver y sabe utilizar su atractivo para fascinar al hombre que ama.<\/p>\n<p>Atrayente y de una belleza sutil y encantadora.<\/p>\n<p>Para una mujer misteriosa y sensual que busca dejar huella!! Con un toque embriagador y hechizante!!<img decoding=\"async\" class=\"alignleft\" src=\"https:\/\/perfumative.es\/foto\/lancome-hypnose-publicidad2.jpg\" \/><\/p>\n<h3>Notas Olfativas:<\/h3>\n<section class=\"product-page\" data-isavailable=\"1\">\n<div class=\"prd-description\" data-points=\"2\">\n<div id=\"productDetails\" class=\"hasProductList ptl pbl\">\n<div class=\"prd-information mbl prm\">\n<p>Hypn\u00f4se de Lanc\u00f4me es una fragancia amaderada oriental que act\u00faa como una poci\u00f3n de magia con una estela cautivadora: flor de la pasi\u00f3n combinada con vainilla y una nota de fondo amaderada de vetiver. Hypn\u00f4se de Lancome es una fragancia de la familia olfativa Oriental Vainilla para Mujeres. Hypn\u00f4se se lanz\u00f3 en 2005. Hypn\u00f4se fue creada por Annick Menardo y Thierry Wasser.<\/p>\n<p>Una fragancia con armon\u00edas orientales amaderadas que reaccionan como un filtro sensual.<\/p>\n<p><strong>Notas de Salida:\u00a0<\/strong>Flor de la Pasi\u00f3n, una nota floral afrutada poderosa y reconocida.<br \/>\n<strong>Notas de Coraz\u00f3n:\u00a0<\/strong>Efecto oriental, Jazm\u00edn y gardenia.<br \/>\n<strong>Notas de Fondo:<\/strong> Madera de Vetiver y Vainilla.<\/p>\n<p>&nbsp;<\/p>\n<\/div>\n<\/div>\n<\/div>\n<\/section>\n","protected":false},"excerpt":{"rendered":"<p>HYPN\u00d4SE Un remolino de sentidos. La cautivante fragancia de una mujer apasionada. Un elixir m\u00e1gico de feminidad construido sobre una<\/p>\n","protected":false},"featured_media":61193,"comment_status":"open","ping_status":"closed","template":"","meta":{"nf_dc_page":""},"product_brand":[129],"product_cat":[84],"product_tag":[1035],"class_list":{"0":"post-61192","1":"product","2":"type-product","3":"status-publish","4":"has-post-thumbnail","6":"product_brand-lancome","7":"product_cat-perfumeria","8":"product_tag-1035","10":"first","11":"outofstock","12":"sale","13":"shipping-taxable","14":"purchasable","15":"product-type-simple"},"_links":{"self":[{"href":"https:\/\/brandss.com.py\/index\/wp-json\/wp\/v2\/product\/61192","targetHints":{"allow":["GET"]}}],"collection":[{"href":"https:\/\/brandss.com.py\/index\/wp-json\/wp\/v2\/product"}],"about":[{"href":"https:\/\/brandss.com.py\/index\/wp-json\/wp\/v2\/types\/product"}],"replies":[{"embeddable":true,"href":"https:\/\/brandss.com.py\/index\/wp-json\/wp\/v2\/comments?post=61192"}],"version-history":[{"count":1,"href":"https:\/\/brandss.com.py\/index\/wp-json\/wp\/v2\/product\/61192\/revisions"}],"predecessor-version":[{"id":61200,"href":"https:\/\/brandss.com.py\/index\/wp-json\/wp\/v2\/product\/61192\/revisions\/61200"}],"wp:featuredmedia":[{"embeddable":true,"href":"https:\/\/brandss.com.py\/index\/wp-json\/wp\/v2\/media\/61193"}],"wp:attachment":[{"href":"https:\/\/brandss.com.py\/index\/wp-json\/wp\/v2\/media?parent=61192"}],"wp:term":[{"taxonomy":"product_brand","embeddable":true,"href":"https:\/\/brandss.com.py\/index\/wp-json\/wp\/v2\/product_brand?post=61192"},{"taxonomy":"product_cat","embeddable":true,"href":"https:\/\/brandss.com.py\/index\/wp-json\/wp\/v2\/product_cat?post=61192"},{"taxonomy":"product_tag","embeddable":true,"href":"https:\/\/brandss.com.py\/index\/wp-json\/wp\/v2\/product_tag?post=61192"}],"curies":[{"name":"wp","href":"https:\/\/api.w.org\/{rel}","templated":true}]}}