{"id":61271,"date":"2024-11-15T14:52:59","date_gmt":"2024-11-15T14:52:59","guid":{"rendered":"https:\/\/brandss.com.py\/index\/?post_type=product&#038;p=61271"},"modified":"2025-12-10T18:36:28","modified_gmt":"2025-12-10T18:36:28","slug":"perfume-masculino-jean-paul-gaultier-le-male-edt-125ml","status":"publish","type":"product","link":"https:\/\/brandss.com.py\/index\/producto\/perfume-masculino-jean-paul-gaultier-le-male-edt-125ml\/","title":{"rendered":"PERFUME MASCULINO JEAN PAUL GAULTIER LE MALE EDT 125ML"},"content":{"rendered":"<p><img loading=\"lazy\" decoding=\"async\" class=\"\" src=\"https:\/\/upload.wikimedia.org\/wikipedia\/commons\/thumb\/0\/07\/Jean_Paul_Gaultier_logo.svg\/800px-Jean_Paul_Gaultier_logo.svg.png\" alt=\"File:Jean Paul Gaultier logo.svg - Wikimedia Commons\" width=\"100\" height=\"41\" \/><\/p>\n<h1>LE MALE<\/h1>\n<p>&nbsp;<\/p>\n<p>Le Male, tan viril como sexy, rinde homenaje a la figura m\u00edtica que siempre ha inspirado a Jean Paul Gaultier: el marinero. Este perfume masculino tiene una visi\u00f3n poco convencional de la masculinidad. La lavanda, que hace referencia al olor familiar y tranquilizador del jab\u00f3n de afeitar, se realza con la sensualidad de la vainilla.<img loading=\"lazy\" decoding=\"async\" class=\"size-medium wp-image-61272 alignright\" src=\"https:\/\/brandss.com.py\/index\/wp-content\/uploads\/2024\/11\/A-228-302x300.png\" alt=\"\" width=\"302\" height=\"300\" srcset=\"https:\/\/brandss.com.py\/index\/wp-content\/uploads\/2024\/11\/A-228-302x300.png 302w, https:\/\/brandss.com.py\/index\/wp-content\/uploads\/2024\/11\/A-228-150x149.png 150w, https:\/\/brandss.com.py\/index\/wp-content\/uploads\/2024\/11\/A-228-430x427.png 430w, https:\/\/brandss.com.py\/index\/wp-content\/uploads\/2024\/11\/A-228.png 600w\" sizes=\"auto, (max-width: 302px) 100vw, 302px\" \/><\/p>\n<p>Le Male\u00a0, de\u00a0Jean Paul Gaultier\u00a0, es un perfume masculino importado, s\u00edmbolo de seducci\u00f3n y virilidad. La fragancia multifac\u00e9tica m\u00e1s vendida de la ic\u00f3nica marca rinde homenaje a una figura simb\u00f3lica que durante mucho tiempo ha sido una fuente de inspiraci\u00f3n: el marinero. Tan viril como sexy, el perfume ofrece una visi\u00f3n inconformista y poco convencional de la masculinidad.<\/p>\n<p>Este perfume\u00a0Eau de Toilette\u00a0es reconfortante y tiene una estela arom\u00e1tica sumamente moderna. La lavanda, que recuerda el olor familiar y reconfortante del jab\u00f3n de afeitar, se realza y transforma con la sensualidad de la vainilla para aportar una fragancia oriental al portafolio de\u00a0Jean Paul Gaultier.<\/p>\n<p>&nbsp;<\/p>\n<h3><strong><span>Sobre la botella<\/span><\/strong><\/h3>\n<p><span>Una botella en forma de torso con atributos masculinos descarados. Sobre el cristal transparente est\u00e1 grabada\u00a0la indumentaria emblem\u00e1tica de\u00a0<\/span>Jean Paul Gaultier\u00a0para hombre: la camiseta marinera a rayas, s\u00edmbolo de libertad y seducci\u00f3n. El dise\u00f1ador iconoclasta se apropia de un objeto cotidiano y lo transforma en un embalaje art\u00edstico: la famosa lata.<\/p>\n<p>El perfume\u00a0Le Male<span>\u00a0sopla su brisa moderna y poco convencional con un gesto asumido y libre. Siente este viento fr\u00edo de seducci\u00f3n en tu cuello cuando roc\u00edes el perfume en el cuello de tu camisa de rayas y en tus mu\u00f1ecas, y marca el camino hacia tus sue\u00f1os.<\/span><\/p>\n<p>&nbsp;<\/p>\n<h3>Notas Olfativas:<\/h3>\n<p>&nbsp;<\/p>\n<p>Le Male Eau de Toilette es una fragancia ic\u00f3nica de Jean Paul Gaultier, lanzada en 1995. Es conocida por su mezcla audaz y contrastante de notas frescas y c\u00e1lidas, creando una composici\u00f3n distintiva y memorable. Esta fragancia est\u00e1 dise\u00f1ada para el hombre moderno que busca un aroma con car\u00e1cter y personalidad.<img loading=\"lazy\" decoding=\"async\" class=\"alignleft\" src=\"https:\/\/www.sephora.com.br\/dw\/image\/v2\/BFJC_PRD\/on\/demandware.static\/-\/Sites-masterCatalog_Sephora\/pt_BR\/dw157da585\/images\/hi-res-BR\/8435415012607.3_1000px.jpg?sw=556&amp;sh=680&amp;sm=fit\" width=\"367\" height=\"367\" \/><\/p>\n<p>El perfume Le Male de Jean Paul Gaultier es una fragancia de la familia olfativa \u00e1mbar foug\u00e8re para hombres.<\/p>\n<ul>\n<li><strong>Notas de salida:<\/strong> Lavanda, menta, cardamomo, bergamota y abr\u00f3tano.<\/li>\n<li><strong>Notas de coraz\u00f3n:<\/strong> Canela, flor de azahar del naranjo y alcaravea.<\/li>\n<li><strong>Notas de fondo:<\/strong> Vainilla, haba tonka, \u00e1mbar, s\u00e1ndalo y cedro.<\/li>\n<\/ul>\n","protected":false},"excerpt":{"rendered":"<p>LE MALE &nbsp; Le Male, tan viril como sexy, rinde homenaje a la figura m\u00edtica que siempre ha inspirado a<\/p>\n","protected":false},"featured_media":61273,"comment_status":"open","ping_status":"closed","template":"","meta":{"nf_dc_page":""},"product_brand":[127],"product_cat":[84],"product_tag":[1824],"class_list":{"0":"post-61271","1":"product","2":"type-product","3":"status-publish","4":"has-post-thumbnail","6":"product_brand-jean-paul-gaultier","7":"product_cat-perfumeria","8":"product_tag-1824","10":"first","11":"instock","12":"shipping-taxable","13":"purchasable","14":"product-type-simple"},"_links":{"self":[{"href":"https:\/\/brandss.com.py\/index\/wp-json\/wp\/v2\/product\/61271","targetHints":{"allow":["GET"]}}],"collection":[{"href":"https:\/\/brandss.com.py\/index\/wp-json\/wp\/v2\/product"}],"about":[{"href":"https:\/\/brandss.com.py\/index\/wp-json\/wp\/v2\/types\/product"}],"replies":[{"embeddable":true,"href":"https:\/\/brandss.com.py\/index\/wp-json\/wp\/v2\/comments?post=61271"}],"version-history":[{"count":1,"href":"https:\/\/brandss.com.py\/index\/wp-json\/wp\/v2\/product\/61271\/revisions"}],"predecessor-version":[{"id":61279,"href":"https:\/\/brandss.com.py\/index\/wp-json\/wp\/v2\/product\/61271\/revisions\/61279"}],"wp:featuredmedia":[{"embeddable":true,"href":"https:\/\/brandss.com.py\/index\/wp-json\/wp\/v2\/media\/61273"}],"wp:attachment":[{"href":"https:\/\/brandss.com.py\/index\/wp-json\/wp\/v2\/media?parent=61271"}],"wp:term":[{"taxonomy":"product_brand","embeddable":true,"href":"https:\/\/brandss.com.py\/index\/wp-json\/wp\/v2\/product_brand?post=61271"},{"taxonomy":"product_cat","embeddable":true,"href":"https:\/\/brandss.com.py\/index\/wp-json\/wp\/v2\/product_cat?post=61271"},{"taxonomy":"product_tag","embeddable":true,"href":"https:\/\/brandss.com.py\/index\/wp-json\/wp\/v2\/product_tag?post=61271"}],"curies":[{"name":"wp","href":"https:\/\/api.w.org\/{rel}","templated":true}]}}