{"id":61323,"date":"2024-11-15T18:58:43","date_gmt":"2024-11-15T18:58:43","guid":{"rendered":"https:\/\/brandss.com.py\/index\/?post_type=product&#038;p=61323"},"modified":"2026-03-14T11:34:36","modified_gmt":"2026-03-14T11:34:36","slug":"perfume-masculino-emporio-armani-stronger-with-you-edt-100ml","status":"publish","type":"product","link":"https:\/\/brandss.com.py\/index\/producto\/perfume-masculino-emporio-armani-stronger-with-you-edt-100ml\/","title":{"rendered":"PERFUME MASCULINO EMPORIO ARMANI STRONGER WITH YOU EDT 100ML"},"content":{"rendered":"<p><img loading=\"lazy\" decoding=\"async\" class=\"\" src=\"https:\/\/1000marcas.net\/wp-content\/uploads\/2020\/01\/Emporio-Armani-Emblema-1.png\" alt=\"Emporio Armani Logo - s\u00edmbolo, significado logotipo, historia, PNG\" width=\"171\" height=\"96\" \/><\/p>\n<h1>STRONGER WITH YOU<\/h1>\n<p>Encantador, misterioso, seguro de s\u00ed mismo. Es una fragancia para caballeros que transmite energ\u00eda y modernidad. Sorprende por su originalidad, con ella proyectar\u00e1s elegancia y juventud.\u00a0<strong><br \/>\n<\/strong>Stronger With You vive el presente, moldeado por la energ\u00eda de la modernidad. Impredecible, sorprende por su originalidad, como el acorde especiado de las notas de cabeza.<\/p>\n<p>Una fragancia innovadora y poderosa; \u00a1que le revelar\u00e1 una gran sorpresa!<\/p>\n<p>El<strong>\u00a0Emporio armani stronger with you eau de toilette\u00a0<\/strong>posee una combinaci\u00f3n \u00fanica de notas perfumadas.<\/p>\n<blockquote><p>\u00a1Irradia confianza y elegancia!<\/p><\/blockquote>\n<h4 class=\"h-font-secondary h-text-align-center\"><span>Una botella ic\u00f3nica<\/span><\/h4>\n<div class=\"c-content-tile__description \">\n<div class=\"h-text-align-center\">\n<p class=\"c-content-tile__description h-text-size-12-for-large h-text-size-12-for-small h-text-size-12-for-medium\">STRONGER WITH YOU se presenta en el ic\u00f3nico frasco de vidrio de la fragancia Emporio Armani. Las l\u00edneas fuertes y curvas del frasco recuerdan los hombros masculinos, y el frasco se completa con el caracter\u00edstico tap\u00f3n de metal STRONGER WITH YOU, en un llamativo gris metalizado.<\/p>\n<h4><strong>Qu\u00e9 m\u00e1s necesitas saber:<\/strong><\/h4>\n<p>Stronger With You y because It&#8217;s You son un par de fragancias con la misma fuerza. Uno perfectamente femenino, el otro generosamente masculino. Juntos se comunican, desaf\u00edan y seducen.<\/p>\n<h3>Notas Olfativas:<img loading=\"lazy\" decoding=\"async\" class=\"alignleft\" src=\"https:\/\/www.giorgioarmanibeauty-usa.com\/dw\/image\/v2\/AANG_PRD\/on\/demandware.static\/-\/Sites-gab-master-catalog\/default\/dw6d07868e\/products\/A2061\/GA_2022_EA-SWY-EDT_Pack-with-Ingredients_1x1_RVB-3000.jpg?sw=860&amp;sh=860&amp;sm=cut&amp;sfrm=jpg&amp;q=85\" width=\"386\" height=\"386\" \/><\/h3>\n<p>&nbsp;<\/p>\n<p>El Perfume Emporio Armani Stronger With You de Giorgio Armani es una fragancia de la familia olfativa arom\u00e1tica foug\u00e8re para hombres. Es la fragancia de un hombre que vive en el presente, moldeado por la energ\u00eda de la modernidad.<\/p>\n<p>Impredecible, sorprende con su originalidad, al igual que el acorde picante de la fragancia: una mezcla de cardamomo, pimienta rosa y hojas de violeta.<\/p>\n<div data-content-type=\"text\" data-appearance=\"default\" data-element=\"main\">\n<ul>\n<li><strong>Notas de salida:<\/strong> Pimienta rosa, hojas de violeta, cardamomo y menta.<\/li>\n<li><strong>Notas de coraz\u00f3n:<\/strong> Mel\u00f3n, salvia, pi\u00f1a, canela y lavanda.<\/li>\n<li><strong>Notas de fondo:<\/strong> Amberwood, cedro, vainilla, casta\u00f1a y madera de gaiac.<\/li>\n<\/ul>\n<\/div>\n<\/div>\n<\/div>\n","protected":false},"excerpt":{"rendered":"<p>STRONGER WITH YOU Encantador, misterioso, seguro de s\u00ed mismo. Es una fragancia para caballeros que transmite energ\u00eda y modernidad. Sorprende<\/p>\n","protected":false},"featured_media":61324,"comment_status":"open","ping_status":"closed","template":"","meta":{"nf_dc_page":""},"product_brand":[1828],"product_cat":[84],"product_tag":[1829],"class_list":{"0":"post-61323","1":"product","2":"type-product","3":"status-publish","4":"has-post-thumbnail","6":"product_brand-emporio-armani","7":"product_cat-perfumeria","8":"product_tag-1829","10":"first","11":"outofstock","12":"shipping-taxable","13":"purchasable","14":"product-type-simple"},"_links":{"self":[{"href":"https:\/\/brandss.com.py\/index\/wp-json\/wp\/v2\/product\/61323","targetHints":{"allow":["GET"]}}],"collection":[{"href":"https:\/\/brandss.com.py\/index\/wp-json\/wp\/v2\/product"}],"about":[{"href":"https:\/\/brandss.com.py\/index\/wp-json\/wp\/v2\/types\/product"}],"replies":[{"embeddable":true,"href":"https:\/\/brandss.com.py\/index\/wp-json\/wp\/v2\/comments?post=61323"}],"version-history":[{"count":1,"href":"https:\/\/brandss.com.py\/index\/wp-json\/wp\/v2\/product\/61323\/revisions"}],"predecessor-version":[{"id":61334,"href":"https:\/\/brandss.com.py\/index\/wp-json\/wp\/v2\/product\/61323\/revisions\/61334"}],"wp:featuredmedia":[{"embeddable":true,"href":"https:\/\/brandss.com.py\/index\/wp-json\/wp\/v2\/media\/61324"}],"wp:attachment":[{"href":"https:\/\/brandss.com.py\/index\/wp-json\/wp\/v2\/media?parent=61323"}],"wp:term":[{"taxonomy":"product_brand","embeddable":true,"href":"https:\/\/brandss.com.py\/index\/wp-json\/wp\/v2\/product_brand?post=61323"},{"taxonomy":"product_cat","embeddable":true,"href":"https:\/\/brandss.com.py\/index\/wp-json\/wp\/v2\/product_cat?post=61323"},{"taxonomy":"product_tag","embeddable":true,"href":"https:\/\/brandss.com.py\/index\/wp-json\/wp\/v2\/product_tag?post=61323"}],"curies":[{"name":"wp","href":"https:\/\/api.w.org\/{rel}","templated":true}]}}