{"id":61358,"date":"2024-11-16T09:56:43","date_gmt":"2024-11-16T09:56:43","guid":{"rendered":"https:\/\/brandss.com.py\/index\/?post_type=product&#038;p=61358"},"modified":"2026-01-15T11:48:41","modified_gmt":"2026-01-15T11:48:41","slug":"perfume-femenino-givenchy-linterdit-edp-80ml","status":"publish","type":"product","link":"https:\/\/brandss.com.py\/index\/producto\/perfume-femenino-givenchy-linterdit-edp-80ml\/","title":{"rendered":"PERFUME FEMENINO GIVENCHY L&#8217;INTERDIT EDP 80ML"},"content":{"rendered":"<p><img loading=\"lazy\" decoding=\"async\" class=\"\" src=\"https:\/\/1000logos.net\/wp-content\/uploads\/2019\/11\/Givenchy-Logo.png\" alt=\"Givenchy Logo and symbol, meaning, history, PNG, brand\" width=\"156\" height=\"88\" \/><\/p>\n<h1>L&#8217;INTERDIT<\/h1>\n<p>L&#8217;Interdit Eau de Parfum te invita a transgredir tus l\u00edmites con audacia y a sentirte empoderado en el viaje hacia el autodescubrimiento. Esta fragancia intr\u00e9pida, impregnada del escalofr\u00edo de la libertad, ofrece una mezcla prohibida de flores blancas y un acorde oscuro: sensual flor de naranja, jazm\u00edn y nardo con tonos terrosos oscuros.<img loading=\"lazy\" decoding=\"async\" class=\"alignright\" src=\"https:\/\/www.givenchybeauty.com\/on\/demandware.static\/-\/Sites-givenchy-beauty-master\/default\/dw80dc9566\/images\/split-content\/F10100099\/INT-ABSOLU_LONG-DETAIL-PAGE_KV_MODEL_INTER_DESKTOP.jpg\" width=\"286\" height=\"382\" \/><\/p>\n<p>Con su mezcla prohibida de flores blancas y un acorde oscuro, L&#8217;Interdit Eau de Parfum es una flor decididamente subterr\u00e1nea. Revela un sensual bouquet de azahar, jazm\u00edn y nardo. En contraste, los tonos terrosos oscuros emanan del vetiver y el pachul\u00ed para crear una fragancia atrevida, adictiva y sensual.<br \/>\nEn homenaje al dise\u00f1o del primer perfume de Hubert de Givenchy, el frasco es verdaderamente atemporal y terriblemente moderno. Con una forma cuadrada y redondeada y una fuerza suave, te desaf\u00eda a romper las reglas sin control.<br \/>\nExperimenta la emoci\u00f3n de lo prohibido con L&#8217;Interdit, una fragancia que te invita a desafiar las convenciones y abrazar tu singularidad.<\/p>\n<h3 class=\"giv-SplitContent-contentTitle\">LA EMOCI\u00d3N DE LO PROHIBIDO<\/h3>\n<div class=\"giv-SplitContent-contentDetail-Detail-contentText\">\n<p>L&#8217;Interdit, la nueva fragancia femenina firmada por Givenchy.<br \/>\nExperimente la emoci\u00f3n de lo prohibido. Su fragancia libera una flor blanca impregnada de notas negras, para una feminidad luminosa que coquetea con el lado oscuro.<\/p>\n<h3>NOTAS OLFATIVAS<\/h3>\n<p>Para las mujeres que se atreven a vivir lo prohibido. L&#8217;Interdit nos recuerda que el \u00fanico l\u00edmite es el que nos ponemos nosotros mismos, en donde la audacia suele ser la clave de la libertad.<\/p>\n<p>L&#8217;Interdit Eau de Parfum Givenchy, lanzada en 2018, est\u00e1 clasificada como una fragancia para mujeres y pertenece a las familias Floral y Oriental. Dominique Ropion, Ann Flipo y Fanny Bal han trabajado en su elaboraci\u00f3n.<\/p>\n<p>L&#8217;Interdit Eau de Parfum forma parte de la colecci\u00f3n L`Interdit.<img loading=\"lazy\" decoding=\"async\" class=\"alignleft\" src=\"https:\/\/www.sephora.com.mx\/on\/demandware.static\/-\/Sites-masterCatalog_Sephora\/es_MX\/dw3eea0606\/images\/hi-res\/boletos\/Roc%C3%ADo%20Mart%C3%ADnez\/GIVENCHY\/GIVENCHY%204\/3274872372139_7.jpg\" width=\"319\" height=\"319\" \/><\/p>\n<p>Familia Olfativa: Floral amaderado<\/p>\n<ul>\n<li><strong>Notas de salida:<\/strong> Esencia de bergamota de Calabria, esencia de jengibre fresco de Madagascar.&nbsp;<\/li>\n<li><strong>Notas de coraz\u00f3n:<\/strong> Absoluto de flor de naranja de T\u00fanez, Absoluto de jazm\u00edn sambac de la India, Absoluto de nardo de la India.&nbsp;<\/li>\n<li><strong>Notas de fondo:<\/strong> Esencia de pachul\u00ed de Indonesia, Esencia de vetiver de Hait\u00ed.<\/li>\n<\/ul>\n<\/div>\n","protected":false},"excerpt":{"rendered":"<p>L&#8217;INTERDIT L&#8217;Interdit Eau de Parfum te invita a transgredir tus l\u00edmites con audacia y a sentirte empoderado en el viaje<\/p>\n","protected":false},"featured_media":61359,"comment_status":"open","ping_status":"closed","template":"","meta":{"nf_dc_page":""},"product_brand":[132],"product_cat":[84],"product_tag":[1831],"class_list":{"0":"post-61358","1":"product","2":"type-product","3":"status-publish","4":"has-post-thumbnail","6":"product_brand-givenchy","7":"product_cat-perfumeria","8":"product_tag-1831","10":"first","11":"instock","12":"sale","13":"shipping-taxable","14":"purchasable","15":"product-type-simple"},"_links":{"self":[{"href":"https:\/\/brandss.com.py\/index\/wp-json\/wp\/v2\/product\/61358","targetHints":{"allow":["GET"]}}],"collection":[{"href":"https:\/\/brandss.com.py\/index\/wp-json\/wp\/v2\/product"}],"about":[{"href":"https:\/\/brandss.com.py\/index\/wp-json\/wp\/v2\/types\/product"}],"replies":[{"embeddable":true,"href":"https:\/\/brandss.com.py\/index\/wp-json\/wp\/v2\/comments?post=61358"}],"version-history":[{"count":2,"href":"https:\/\/brandss.com.py\/index\/wp-json\/wp\/v2\/product\/61358\/revisions"}],"predecessor-version":[{"id":90978,"href":"https:\/\/brandss.com.py\/index\/wp-json\/wp\/v2\/product\/61358\/revisions\/90978"}],"wp:featuredmedia":[{"embeddable":true,"href":"https:\/\/brandss.com.py\/index\/wp-json\/wp\/v2\/media\/61359"}],"wp:attachment":[{"href":"https:\/\/brandss.com.py\/index\/wp-json\/wp\/v2\/media?parent=61358"}],"wp:term":[{"taxonomy":"product_brand","embeddable":true,"href":"https:\/\/brandss.com.py\/index\/wp-json\/wp\/v2\/product_brand?post=61358"},{"taxonomy":"product_cat","embeddable":true,"href":"https:\/\/brandss.com.py\/index\/wp-json\/wp\/v2\/product_cat?post=61358"},{"taxonomy":"product_tag","embeddable":true,"href":"https:\/\/brandss.com.py\/index\/wp-json\/wp\/v2\/product_tag?post=61358"}],"curies":[{"name":"wp","href":"https:\/\/api.w.org\/{rel}","templated":true}]}}