{"id":61370,"date":"2024-11-16T11:07:56","date_gmt":"2024-11-16T11:07:56","guid":{"rendered":"https:\/\/brandss.com.py\/index\/?post_type=product&#038;p=61370"},"modified":"2026-03-13T10:39:44","modified_gmt":"2026-03-13T10:39:44","slug":"perfume-femenino-britney-spears-fantasy-edp-100ml","status":"publish","type":"product","link":"https:\/\/brandss.com.py\/index\/producto\/perfume-femenino-britney-spears-fantasy-edp-100ml\/","title":{"rendered":"PERFUME FEMENINO BRITNEY SPEARS FANTASY EDP 100ML"},"content":{"rendered":"<p><img loading=\"lazy\" decoding=\"async\" class=\"\" src=\"https:\/\/www.farmaciasrp.com.ar\/img\/m\/267.jpg\" alt=\"Britney Spears Fantasy Eau de Parfum 100 Ml en Farmacias y Perfumerias Rp\" width=\"106\" height=\"37\" \/><\/p>\n<h1>FANTASY<\/h1>\n<p>Fantas\u00eda, todo el mundo tiene uno. Una poci\u00f3n m\u00e1gica de amor de dulce tentaci\u00f3n y frutos deliciosos que deja un rastro tentador de sensualidad abrazadora. Fantasy Eau de Parfum de Britney Spears. S\u00e9 parte del encanto, Fantasy es la segunda fragancia editada por Britney Spears. Fantasy es un perfume para la mujer seductora y encantadora. La fragancia es un moderno elixir en una glamorosa botella fucsia adornada con cristales Swaroski.<img loading=\"lazy\" decoding=\"async\" class=\"alignright\" src=\"https:\/\/m.media-amazon.com\/images\/I\/91MuyzL4GhL._SX466_.jpg\" width=\"289\" height=\"289\" \/><\/p>\n<p>Seductor intensamente como un elixir de amor, con su opulencia en dulzura y sensualidad.<\/p>\n<p>El aroma enviar\u00e1 la mente hacia la fantas\u00eda y la aventura.\u00a1Qu\u00e9 delicia! Es un perfume que puedes usar durante el d\u00eda con confianza, sabiendo que recibir\u00e1s muchos cumplidos y que muchas personas reconocer\u00e1n este aroma. \u00a1Un perfume imprescindible!<\/p>\n<p>&nbsp;<\/p>\n<h3>Notas Olfativas:<\/h3>\n<p>&nbsp;<\/p>\n<div>Fantasy\u00a0 es un perfume\u00a0 juvenil, sexy y divertido con una alta estela,\u00a0un cl\u00e1sico de la estrella\u00a0Britney Spears. Este aroma contiene una fant\u00e1stica y dulce selecci\u00f3n de notas azucaradas que son claramente las que dominan la fragancia. Las notas dulces incluyen cupcake, kiwi, chocolate blanco, lichi rojo y orqu\u00eddea. Debajo de las notas dulces hay algunas notas ligeras y especiadas como el almizcle y m\u00e1s notas amaderadas.<img loading=\"lazy\" decoding=\"async\" class=\"alignleft\" src=\"https:\/\/m.media-amazon.com\/images\/I\/81DKFO0UXRL._SX466_.jpg\" width=\"270\" height=\"270\" \/><\/div>\n<div>Fantasy de Britney Spears es una fragancia de la familia olfativa Floral Frutal Gourmand para mujeres.<\/div>\n<div><\/div>\n<ul>\n<li><b>Notas de Salida:<\/b> Kiwi, lichi rojo y membrillo.<\/li>\n<li><b>Notas de Coraz\u00f3n:<\/b> Chocolate blanco, jazm\u00edn, orqu\u00eddea y quequito.<\/li>\n<li><b>Notas de Fondo:\u00a0<\/b>Almizcle, ra\u00edz de lirio y notas amaderadas.22<\/li>\n<\/ul>\n","protected":false},"excerpt":{"rendered":"<p>FANTASY Fantas\u00eda, todo el mundo tiene uno. Una poci\u00f3n m\u00e1gica de amor de dulce tentaci\u00f3n y frutos deliciosos que deja<\/p>\n","protected":false},"featured_media":61371,"comment_status":"open","ping_status":"closed","template":"","meta":{"nf_dc_page":""},"product_brand":[122],"product_cat":[84],"product_tag":[859],"class_list":{"0":"post-61370","1":"product","2":"type-product","3":"status-publish","4":"has-post-thumbnail","6":"product_brand-britney-spears","7":"product_cat-perfumeria","8":"product_tag-859","10":"first","11":"instock","12":"shipping-taxable","13":"purchasable","14":"product-type-simple"},"_links":{"self":[{"href":"https:\/\/brandss.com.py\/index\/wp-json\/wp\/v2\/product\/61370","targetHints":{"allow":["GET"]}}],"collection":[{"href":"https:\/\/brandss.com.py\/index\/wp-json\/wp\/v2\/product"}],"about":[{"href":"https:\/\/brandss.com.py\/index\/wp-json\/wp\/v2\/types\/product"}],"replies":[{"embeddable":true,"href":"https:\/\/brandss.com.py\/index\/wp-json\/wp\/v2\/comments?post=61370"}],"version-history":[{"count":1,"href":"https:\/\/brandss.com.py\/index\/wp-json\/wp\/v2\/product\/61370\/revisions"}],"predecessor-version":[{"id":61377,"href":"https:\/\/brandss.com.py\/index\/wp-json\/wp\/v2\/product\/61370\/revisions\/61377"}],"wp:featuredmedia":[{"embeddable":true,"href":"https:\/\/brandss.com.py\/index\/wp-json\/wp\/v2\/media\/61371"}],"wp:attachment":[{"href":"https:\/\/brandss.com.py\/index\/wp-json\/wp\/v2\/media?parent=61370"}],"wp:term":[{"taxonomy":"product_brand","embeddable":true,"href":"https:\/\/brandss.com.py\/index\/wp-json\/wp\/v2\/product_brand?post=61370"},{"taxonomy":"product_cat","embeddable":true,"href":"https:\/\/brandss.com.py\/index\/wp-json\/wp\/v2\/product_cat?post=61370"},{"taxonomy":"product_tag","embeddable":true,"href":"https:\/\/brandss.com.py\/index\/wp-json\/wp\/v2\/product_tag?post=61370"}],"curies":[{"name":"wp","href":"https:\/\/api.w.org\/{rel}","templated":true}]}}