{"id":61389,"date":"2024-11-16T13:42:30","date_gmt":"2024-11-16T13:42:30","guid":{"rendered":"https:\/\/brandss.com.py\/index\/?post_type=product&#038;p=61389"},"modified":"2025-11-03T14:51:38","modified_gmt":"2025-11-03T14:51:38","slug":"perfume-masculino-jacques-bogart-silver-scent-intense-edt-100ml","status":"publish","type":"product","link":"https:\/\/brandss.com.py\/index\/producto\/perfume-masculino-jacques-bogart-silver-scent-intense-edt-100ml\/","title":{"rendered":"PERFUME MASCULINO JACQUES BOGART SILVER SCENT INTENSE EDT 100ML"},"content":{"rendered":"<p><img loading=\"lazy\" decoding=\"async\" class=\"\" src=\"https:\/\/www.perfume24x7.com\/cdn\/shop\/collections\/Jacques_Bogart.png?v=1539605358\" alt=\"Buy Jacques Bogart Perfumes for Men and Women in India \u2013 Perfume24x7.com\" width=\"144\" height=\"73\" \/><\/p>\n<h1>SILVER SCENT INTENSE<\/h1>\n<p>&nbsp;<\/p>\n<p>Jacques Bogart Silver Scent Intense Eau de Toilette es una fragancia irresistible con un aroma \u00fanico que te acompa\u00f1ar\u00e1 durante todo el d\u00eda. Una fragancia oriental para el hombre moderno y seguro de s\u00ed mismo.<\/p>\n<p><span>Prep\u00e1rese para dejar una impresi\u00f3n duradera con Jacques Bogart Silver Scent Intense Eau de Toilette.<\/span><\/p>\n<p><span>Esta cautivadora fragancia, lanzada en 2009, te har\u00e1 sentir seguro y en control con su irresistible aroma Amber Fougere.<img loading=\"lazy\" decoding=\"async\" class=\"alignright\" src=\"https:\/\/www.myperfumeshop.ae\/cdn\/shop\/files\/jacques-bogart-silver-scent-intense-body-spray-body-spray-222104.webp?v=1710967483&amp;width=500\" width=\"297\" height=\"297\" \/><\/span><\/p>\n<ul class=\"tickmark_blue\">\n<li><span>Lanzado en 2009<\/span><\/li>\n<li><span>Aroma a \u00e1mbar fougere<\/span><\/li>\n<li><span>F\u00f3rmula de larga duraci\u00f3n<\/span><\/li>\n<li><span>Adecuado para usar todo el d\u00eda.<\/span><\/li>\n<\/ul>\n<p><span>Con su f\u00f3rmula de larga duraci\u00f3n, Silver Scent Intense te har\u00e1 oliendo genial todo el d\u00eda, asegur\u00e1ndote de que siempre seas el centro de atenci\u00f3n.<\/span><\/p>\n<p><span>Deja que el encantador aroma de Silver Scent Intense te acompa\u00f1e en todas tus aventuras y deje un impacto duradero en quienes te rodean.<\/span><\/p>\n<p><span>Esta fragancia, como un metal precioso, es un s\u00edmbolo de sofisticaci\u00f3n y \u00e9xito. Deja que Jacques Bogart Silver Scent Intense sea tu aroma caracter\u00edstico y lleva tu estilo al siguiente nivel.<\/span><\/p>\n<p>Para uso diario y ocasiones especiales.<\/p>\n<h3><\/h3>\n<h3>Notas Olfativas:<\/h3>\n<p><img loading=\"lazy\" decoding=\"async\" class=\"alignleft\" src=\"https:\/\/www.myperfumeshop.ae\/cdn\/shop\/products\/jacques-bogart-silver-scent-intense-edt-perfume-cologne-916297.jpg?v=1679169558&amp;width=500\" width=\"415\" height=\"415\" \/><\/p>\n<p class=\"h3\">Jacques Bogart Silver Scent Intense EDT es una fragancia cautivadora y sofisticada con un irresistible aroma Amber Fougere que deja una impresi\u00f3n duradera.<\/p>\n<p>&nbsp;<\/p>\n<div>\n<p class=\"Heading h5\"><span><strong>Notas de salida:<\/strong> <\/span><span style=\"color: #333333;font-size: 16px\">flor de naranja africana, naranja amarga y lim\u00f3n de Amalfi.<\/span><\/p>\n<p>&nbsp;<\/p>\n<p class=\"Heading h5\"><strong>Notas de coraz\u00f3n: <\/strong><span style=\"color: #333333;font-size: 16px\">lavanda, geranio, cardamomo, nuez moscada, romero y cilantro.<\/span><\/p>\n<p>&nbsp;<\/p>\n<p class=\"Heading h5\"><span><strong>Notas de fonde:<\/strong> <\/span><span style=\"color: #333333;font-size: 16px\">haba tonka, madera de oud, madera de teca, musgo de roble y vetiver.<\/span><\/p>\n<\/div>\n","protected":false},"excerpt":{"rendered":"<p>SILVER SCENT INTENSE &nbsp; Jacques Bogart Silver Scent Intense Eau de Toilette es una fragancia irresistible con un aroma \u00fanico<\/p>\n","protected":false},"featured_media":61390,"comment_status":"open","ping_status":"closed","template":"","meta":{"nf_dc_page":""},"product_brand":[1037],"product_cat":[84],"product_tag":[1252],"class_list":{"0":"post-61389","1":"product","2":"type-product","3":"status-publish","4":"has-post-thumbnail","6":"product_brand-jacques-bogart","7":"product_cat-perfumeria","8":"product_tag-1252","10":"first","11":"instock","12":"sale","13":"shipping-taxable","14":"purchasable","15":"product-type-simple"},"_links":{"self":[{"href":"https:\/\/brandss.com.py\/index\/wp-json\/wp\/v2\/product\/61389","targetHints":{"allow":["GET"]}}],"collection":[{"href":"https:\/\/brandss.com.py\/index\/wp-json\/wp\/v2\/product"}],"about":[{"href":"https:\/\/brandss.com.py\/index\/wp-json\/wp\/v2\/types\/product"}],"replies":[{"embeddable":true,"href":"https:\/\/brandss.com.py\/index\/wp-json\/wp\/v2\/comments?post=61389"}],"version-history":[{"count":1,"href":"https:\/\/brandss.com.py\/index\/wp-json\/wp\/v2\/product\/61389\/revisions"}],"predecessor-version":[{"id":61397,"href":"https:\/\/brandss.com.py\/index\/wp-json\/wp\/v2\/product\/61389\/revisions\/61397"}],"wp:featuredmedia":[{"embeddable":true,"href":"https:\/\/brandss.com.py\/index\/wp-json\/wp\/v2\/media\/61390"}],"wp:attachment":[{"href":"https:\/\/brandss.com.py\/index\/wp-json\/wp\/v2\/media?parent=61389"}],"wp:term":[{"taxonomy":"product_brand","embeddable":true,"href":"https:\/\/brandss.com.py\/index\/wp-json\/wp\/v2\/product_brand?post=61389"},{"taxonomy":"product_cat","embeddable":true,"href":"https:\/\/brandss.com.py\/index\/wp-json\/wp\/v2\/product_cat?post=61389"},{"taxonomy":"product_tag","embeddable":true,"href":"https:\/\/brandss.com.py\/index\/wp-json\/wp\/v2\/product_tag?post=61389"}],"curies":[{"name":"wp","href":"https:\/\/api.w.org\/{rel}","templated":true}]}}