{"id":61399,"date":"2024-11-16T16:42:33","date_gmt":"2024-11-16T16:42:33","guid":{"rendered":"https:\/\/brandss.com.py\/index\/?post_type=product&#038;p=61399"},"modified":"2025-10-04T11:48:46","modified_gmt":"2025-10-04T11:48:46","slug":"perfume-masculino-antonio-banderas-the-golden-secret-edt-200ml","status":"publish","type":"product","link":"https:\/\/brandss.com.py\/index\/producto\/perfume-masculino-antonio-banderas-the-golden-secret-edt-200ml\/","title":{"rendered":"PERFUME MASCULINO ANTONIO BANDERAS THE GOLDEN SECRET EDT 200ML"},"content":{"rendered":"<p><img loading=\"lazy\" decoding=\"async\" class=\"\" src=\"https:\/\/www.perfumeriavc.com\/wp-content\/uploads\/2023\/09\/ablogo.webp\" alt=\"Versace Perfumer\u00eda \u2013 Perfumer\u00eda 100% Original\" width=\"92\" height=\"92\" \/><\/p>\n<h1>THE GOLDEN SECRET<\/h1>\n<p>Antonio Banderas The Golden Secret<span>\u00a0est\u00e1 titulado como el perfume m\u00e1s misterioso del mundo. Una combinaci\u00f3n perfecta de singularidad y elegancia, el perfume The Golden Secret es para el hombre moderno, encantador y misterioso. El secreto de este perfume masculino comienza en su atractivo y enigm\u00e1tico packaging, combinado con su privilegiada fragancia.<\/span><\/p>\n<h3 class=\"fb-cpy-bold\">The Golden Secret<\/h3>\n<p class=\"fb-cpy-small\">\u00bfTe atreves a descubrir el perfume de hombre que guarda el secreto m\u00e1s preciado de un seductor? Antonio Banderas te presenta The Golden Secret.<\/p>\n<h3 class=\"fb-cpy-bold\">El secreto m\u00e1s oculto de un seductor<\/h3>\n<p class=\"fb-cpy-small\">El frasco de The Golden Secret es un fiel reflejo de su exclusivo contenido. Su forma sigue la estela de The Secret, al que a\u00f1ade un exclusivo toque dorado. El elegante cristal negro aporta una buena dosis de calidad y misterio a un dise\u00f1o decididamente masculino. El potente tap\u00f3n en color negro ahumado realza y equilibra el juego de vol\u00famenes.<\/p>\n<h3><strong>\u00bfQu\u00e9 significa El secreto dorado?<img loading=\"lazy\" decoding=\"async\" class=\"alignright\" src=\"https:\/\/epocacosmeticos.vteximg.com.br\/arquivos\/ids\/467356-450-450\/the-golden-secret-eau-de-toilette-antonio-banderas-perfume-masculino-50ml-3--4-.jpg?v=637739027784430000\" width=\"305\" height=\"305\" \/><\/strong><\/h3>\n<p>El nombre del perfume The Golden Secret lo dice todo. El &#8220;secreto de oro&#8221; del hombre misterioso, el secreto definitivo, un enigma de oro para abrir las puertas de la seducci\u00f3n.<\/p>\n<h3 class=\"fb-cpy-bold\">Atracci\u00f3n y deseo irresistible<\/h3>\n<p class=\"fb-cpy-small\">El perfume masculino The Golden Secret de Antonio Banderas nos lleva hasta un concentrado de seducci\u00f3n inconfundible gracias a la perfecta combinaci\u00f3n de acordes especiados de pimienta roja y nuez moscada, junto con la calidez de la madera de cedro y el cuero. Un perfume de lujo para las ocasiones m\u00e1s especiales.<\/p>\n<h3><strong>Sobre la marca Banderas<\/strong><\/h3>\n<p>Antonio Banderas es un seductor nato cuya pasi\u00f3n por los perfumes se remonta a muchos a\u00f1os. Sus fragancias, inspiradas en sus or\u00edgenes y ra\u00edces, reflejan al hombre maduro, que sabe seducir con encanto, seguridad y carisma.<\/p>\n<h3><strong><span>Notas Olfativas:<\/span><\/strong><\/h3>\n<p><span>La familia olfativa <\/span>Golden Secret<span> fue seleccionada minuciosamente. Las notas de salida aportan frescura y elegancia, con menta, notas verdes y manzana. Las notas de coraz\u00f3n aportan todo el poder de la seducci\u00f3n, con un toque afrodis\u00edaco, con Pimienta, Nuez moscada y Comino. Las notas de fondo intensifican la seguridad y la virilidad, con Almizcle, Cedro y Cuero. No es casualidad que el perfume <\/span>Banderas The Golden Secret<span> sea un atractivo perfume masculino. Cualquiera que huela la fragancia sentir\u00e1 inmediatamente una atracci\u00f3n peligrosa.<img loading=\"lazy\" decoding=\"async\" class=\"alignleft\" src=\"https:\/\/epocacosmeticos.vteximg.com.br\/arquivos\/ids\/467359-450-450\/the-golden-secret-eau-de-toilette-antonio-banderas-perfume-masculino-50ml-3--7-.jpg?v=637739028070130000\" width=\"302\" height=\"302\" \/> <\/span><\/p>\n<p>El perfume The Golden Secret de Antonio Banderas es una fragancia de la familia olfativa arom\u00e1tica especiada para hombres.<\/p>\n<p><strong>Notas de salida:<\/strong> Arom\u00e1tico, Notas de Menta y Licor de Manzana.<\/p>\n<p><strong>Notas de coraz\u00f3n:<\/strong> Nuez Moscada, Pimienta y Comino.<\/p>\n<p><strong>Notas de fondo:<\/strong> Musgo, Madera de Cedro y Cuero.<\/p>\n","protected":false},"excerpt":{"rendered":"<p>THE GOLDEN SECRET Antonio Banderas The Golden Secret\u00a0est\u00e1 titulado como el perfume m\u00e1s misterioso del mundo. Una combinaci\u00f3n perfecta de<\/p>\n","protected":false},"featured_media":61400,"comment_status":"open","ping_status":"closed","template":"","meta":{"nf_dc_page":""},"product_brand":[870],"product_cat":[84],"product_tag":[869],"class_list":{"0":"post-61399","1":"product","2":"type-product","3":"status-publish","4":"has-post-thumbnail","6":"product_brand-antonio-banderas","7":"product_cat-perfumeria","8":"product_tag-869","10":"first","11":"instock","12":"shipping-taxable","13":"purchasable","14":"product-type-simple"},"_links":{"self":[{"href":"https:\/\/brandss.com.py\/index\/wp-json\/wp\/v2\/product\/61399","targetHints":{"allow":["GET"]}}],"collection":[{"href":"https:\/\/brandss.com.py\/index\/wp-json\/wp\/v2\/product"}],"about":[{"href":"https:\/\/brandss.com.py\/index\/wp-json\/wp\/v2\/types\/product"}],"replies":[{"embeddable":true,"href":"https:\/\/brandss.com.py\/index\/wp-json\/wp\/v2\/comments?post=61399"}],"version-history":[{"count":1,"href":"https:\/\/brandss.com.py\/index\/wp-json\/wp\/v2\/product\/61399\/revisions"}],"predecessor-version":[{"id":61409,"href":"https:\/\/brandss.com.py\/index\/wp-json\/wp\/v2\/product\/61399\/revisions\/61409"}],"wp:featuredmedia":[{"embeddable":true,"href":"https:\/\/brandss.com.py\/index\/wp-json\/wp\/v2\/media\/61400"}],"wp:attachment":[{"href":"https:\/\/brandss.com.py\/index\/wp-json\/wp\/v2\/media?parent=61399"}],"wp:term":[{"taxonomy":"product_brand","embeddable":true,"href":"https:\/\/brandss.com.py\/index\/wp-json\/wp\/v2\/product_brand?post=61399"},{"taxonomy":"product_cat","embeddable":true,"href":"https:\/\/brandss.com.py\/index\/wp-json\/wp\/v2\/product_cat?post=61399"},{"taxonomy":"product_tag","embeddable":true,"href":"https:\/\/brandss.com.py\/index\/wp-json\/wp\/v2\/product_tag?post=61399"}],"curies":[{"name":"wp","href":"https:\/\/api.w.org\/{rel}","templated":true}]}}