{"id":61423,"date":"2024-11-16T17:37:09","date_gmt":"2024-11-16T17:37:09","guid":{"rendered":"https:\/\/brandss.com.py\/index\/?post_type=product&#038;p=61423"},"modified":"2026-03-30T18:02:25","modified_gmt":"2026-03-30T18:02:25","slug":"perfume-masculino-antonio-banderas-the-icon-edt-100ml","status":"publish","type":"product","link":"https:\/\/brandss.com.py\/index\/producto\/perfume-masculino-antonio-banderas-the-icon-edt-100ml\/","title":{"rendered":"PERFUME MASCULINO ANTONIO BANDERAS THE ICON EDT 100ML"},"content":{"rendered":"<p><img loading=\"lazy\" decoding=\"async\" class=\"\" src=\"https:\/\/www.perfumeriavc.com\/wp-content\/uploads\/2023\/09\/ablogo.webp\" alt=\"Versace Perfumer\u00eda \u2013 Perfumer\u00eda 100% Original\" width=\"95\" height=\"95\" \/><\/p>\n<h1>THE ICON<\/h1>\n<p style=\"font-weight: 400\">Antonio Banderas Perfumes presenta su nueva fragancia The Icon donde la marca abre un nuevo territorio para mostrar la masculinidad y singularidad de todo hombre de \u00e9xito. The Icon Antonio Banderas\u00a0es una fragancia hecha para el \u00e9xito. Como su nombre indica, es un aut\u00e9ntico icono de sofisticaci\u00f3n y encanto masculino.El producto representa el \u00e9xito como estado de \u00e1nimo. Para lograr este objetivo, el hombre moderno necesita las claves adecuadas, que son: autenticidad, coraje, singularidad y brillantez. Con una combinaci\u00f3n \u00fanica de notas arom\u00e1ticas, cautiva los sentidos desde el primer momento. El perfume es perfecto para hombres que quieran transmitir elegancia y confianza all\u00e1 donde vayan. Es un a fragancia que transmite poder y elegancia de manera refinada, perfecta tanto para ocasiones formales como para el uso diario, ideal para el hombre que busca proyectar una imagen ic\u00f3nica y distinguida con un toque contempor\u00e1neo.<\/p>\n<h3><\/h3>\n<h3>Notas Olfativas:<\/h3>\n<p>&nbsp;<\/p>\n<p class=\"whitespace-pre-wrap break-words\">Antonio Banderas The Icon es una fragancia masculina y sofisticada que combina elementos arom\u00e1ticos con profundidad amaderada y especiada.<img loading=\"lazy\" decoding=\"async\" class=\"alignleft\" src=\"https:\/\/aromatica.cr\/cdn\/shop\/files\/Antonio-Banderas-The-Icon-EDT-para-hombre-100-ml-Aromatica-CR-188869755.jpg?v=1729109711&amp;width=713\" width=\"603\" height=\"603\" \/><\/p>\n<p class=\"whitespace-pre-wrap break-words\">La apertura es vibrante y energ\u00e9tica, donde los c\u00edtricos de bergamota y pomelo se encuentran con la frescura verde de la hoja de violeta, mientras que la pimienta negra a\u00f1ade un toque picante y estimulante.<\/p>\n<p class=\"whitespace-pre-wrap break-words\">El coraz\u00f3n revela un acorde arom\u00e1tico elegante, donde la lavanda aporta frescura herb\u00e1cea cl\u00e1sica, la salvia a\u00f1ade un matiz herb\u00e1ceo m\u00e1s profundo y terroso, mientras que el s\u00e1ndalo proporciona una cremosidad amaderada que a\u00f1ade sofisticaci\u00f3n y calidez.<\/p>\n<p class=\"whitespace-pre-wrap break-words\">En el fondo, el \u00e1mbar dorado se entrelaza con la dulzura golosa del haba tonka, mientras que el musgo de roble y el pachul\u00ed crean una base terrosa y profundamente masculina.<\/p>\n<p>The Icon Eau de Toilette Antonio Banderas, lanzada en 2020, est\u00e1 clasificada como una fragancia para hombres y pertenece a las familias Fougere y Amaderada. Fue elaborada por el perfumista Nicolas Beaulieu.<\/p>\n<p>The Icon Eau de Toilette forma parte de la colecci\u00f3n The Icon.<\/p>\n<ul class=\"-mt-1 [li&gt;&amp;]:mt-2 list-disc space-y-2 pl-8\" style=\"padding-left: 2rem;font-family: Roboto, sans-serif;font-size: 16px;font-style: normal;font-weight: 400;letter-spacing: 0.6px;text-align: start;text-indent: 0px;text-transform: none;background-color: #ffffff\">\n<li class=\"whitespace-normal break-words\"><strong>Notas de salida:<\/strong> Bergamota, Pomelo, Hoja de Violeta, Pimienta Negra.<\/li>\n<li class=\"whitespace-normal break-words\"><strong>Notas de coraz\u00f3n:<\/strong> Lavanda, Salvia, S\u00e1ndalo.<\/li>\n<li class=\"whitespace-normal break-words\"><strong>Notas de fondo:<\/strong> \u00c1mbar, Haba Tonka, Musgo de Roble, Pachul\u00ed.<\/li>\n<\/ul>\n","protected":false},"excerpt":{"rendered":"<p>THE ICON Antonio Banderas Perfumes presenta su nueva fragancia The Icon donde la marca abre un nuevo territorio para mostrar<\/p>\n","protected":false},"featured_media":61424,"comment_status":"open","ping_status":"closed","template":"","meta":{"nf_dc_page":""},"product_brand":[870],"product_cat":[84],"product_tag":[1833],"class_list":{"0":"post-61423","1":"product","2":"type-product","3":"status-publish","4":"has-post-thumbnail","6":"product_brand-antonio-banderas","7":"product_cat-perfumeria","8":"product_tag-1833","10":"first","11":"instock","12":"shipping-taxable","13":"purchasable","14":"product-type-simple"},"_links":{"self":[{"href":"https:\/\/brandss.com.py\/index\/wp-json\/wp\/v2\/product\/61423","targetHints":{"allow":["GET"]}}],"collection":[{"href":"https:\/\/brandss.com.py\/index\/wp-json\/wp\/v2\/product"}],"about":[{"href":"https:\/\/brandss.com.py\/index\/wp-json\/wp\/v2\/types\/product"}],"replies":[{"embeddable":true,"href":"https:\/\/brandss.com.py\/index\/wp-json\/wp\/v2\/comments?post=61423"}],"version-history":[{"count":1,"href":"https:\/\/brandss.com.py\/index\/wp-json\/wp\/v2\/product\/61423\/revisions"}],"predecessor-version":[{"id":61430,"href":"https:\/\/brandss.com.py\/index\/wp-json\/wp\/v2\/product\/61423\/revisions\/61430"}],"wp:featuredmedia":[{"embeddable":true,"href":"https:\/\/brandss.com.py\/index\/wp-json\/wp\/v2\/media\/61424"}],"wp:attachment":[{"href":"https:\/\/brandss.com.py\/index\/wp-json\/wp\/v2\/media?parent=61423"}],"wp:term":[{"taxonomy":"product_brand","embeddable":true,"href":"https:\/\/brandss.com.py\/index\/wp-json\/wp\/v2\/product_brand?post=61423"},{"taxonomy":"product_cat","embeddable":true,"href":"https:\/\/brandss.com.py\/index\/wp-json\/wp\/v2\/product_cat?post=61423"},{"taxonomy":"product_tag","embeddable":true,"href":"https:\/\/brandss.com.py\/index\/wp-json\/wp\/v2\/product_tag?post=61423"}],"curies":[{"name":"wp","href":"https:\/\/api.w.org\/{rel}","templated":true}]}}