{"id":61462,"date":"2024-11-16T20:32:07","date_gmt":"2024-11-16T20:32:07","guid":{"rendered":"https:\/\/brandss.com.py\/index\/?post_type=product&#038;p=61462"},"modified":"2026-01-28T13:19:55","modified_gmt":"2026-01-28T13:19:55","slug":"perfume-unisex-al-wataniah-ameerati-edp-100ml","status":"publish","type":"product","link":"https:\/\/brandss.com.py\/index\/producto\/perfume-unisex-al-wataniah-ameerati-edp-100ml\/","title":{"rendered":"PERFUME UNISEX AL WATANIAH AMEERATI EDP 100ML"},"content":{"rendered":"<p><img loading=\"lazy\" decoding=\"async\" class=\"\" src=\"https:\/\/res.cloudinary.com\/beleza-na-web\/image\/upload\/f_auto,fl_progressive,q_auto:best\/v1\/brand\/2022_01_12_11_44_19_0\/26a4b927-3a1e-4c4f-8c9d-0d969a29fb96-marca-al-wataniah-carrossel.svg\" alt=\"Al Wataniah | Beleza na Web\" width=\"159\" height=\"84\" \/><\/p>\n<h1>AMEERATI<\/h1>\n<h2><span>Abrace la elegancia de la frescura \u00e1rabe<\/span><\/h2>\n<p><strong><span>Ameerati<\/span><\/strong><span> EDP es una fragancia cautivadora y popular con un encanto que llama la atenci\u00f3n. Dise\u00f1ado para realzar su presencia con elegancia, este perfume ofrece una combinaci\u00f3n de notas refrescantes, amaderadas y especiadas.<\/span><\/p>\n<p>Una fragancia que destila elegancia real y sofisticaci\u00f3n.<img loading=\"lazy\" decoding=\"async\" class=\"alignright\" src=\"https:\/\/acdn.mitiendanube.com\/stores\/003\/046\/522\/products\/ar1411-1c76de498c83d2f67f16891332931181-1024-1024.png\" width=\"667\" height=\"667\" \/><\/p>\n<blockquote><p>\u00a1Abrace la elegancia real!<\/p><\/blockquote>\n<p><strong>\u00bfCu\u00e1l es la historia del perfume Al Wataniah Ameerati?<\/strong><br \/>\nAmeerati es un perfume que encarna el verdadero refinamiento digno de las princesas. Deje que sus notas lujosas y elegantes eleven su presencia y evoquen la esencia de la realeza. Ya sea para ocasiones especiales o para llevar a diario, Ameerati es su compa\u00f1ero perfecto para un toque de sofisticaci\u00f3n regia.<\/p>\n<p><strong>Caracter\u00edsticas de la fragancia:<\/strong><\/p>\n<ul>\n<li>Fragancia de larga duraci\u00f3n que encarna la elegancia real;<\/li>\n<li>Mezcla \u00fanica de acordes c\u00edtricos, almizclados, frescos y amaderados;<\/li>\n<li>Elegante dise\u00f1o del frasco que refleja la sofisticaci\u00f3n de la realeza;<\/li>\n<li>Perfecta para ocasiones especiales y para llevar a diario.<\/li>\n<\/ul>\n<p>Ameerati de Al Wataniah es el aroma del deseo y la sofisticaci\u00f3n, un elixir magn\u00e9tico que envuelve a quien lo lleva con su poder de seducci\u00f3n. Una fragancia que trasciende fronteras de g\u00e9nero, deleitando a todos los sentidos con su mezcla \u00fanica de frescura, naturaleza y pasi\u00f3n ardiente!!!!<\/p>\n<h3>Notas olfativas:<\/h3>\n<p>Ameerati de Al Wataniah es una fragancia de la familia olfativa Arom\u00e1tica Especiada para Hombres y Mujeres. Las Notas de Salida son almizcle, c\u00edtricos y notas verdes; las Notas de Coraz\u00f3n son notas herbales y notas amaderadas; las Notas de Fondo son notas especiadas y notas atalcadas. En el aire c\u00e1lido y envolvente de la noche, surge Ameerati de Al Wataniah, una fragancia unisex que despierta los sentidos con su encanto seductor.<br \/>\nDesde el primer instante, la piel se funde con un almizcle cautivador, deslizando suavemente notas c\u00edtricas que recuerdan a un amanecer fresco y exuberante. Un bouquet de notas verdes danza alrededor, como hojas ba\u00f1adas por la lluvia, llenando el ambiente de vitalidad y pasi\u00f3n. En el coraz\u00f3n de Ameerati, las esencias herbales se entrelazan con maderas nobles, tejiendo una sinfon\u00eda arom\u00e1tica que evoca la esencia misma de la naturaleza. Es como adentrarse en un bosque secreto, donde la tierra h\u00fameda y la calidez del sol se funden en una mezcla embriagadora.<img loading=\"lazy\" decoding=\"async\" class=\"alignleft\" src=\"https:\/\/perfumescardales.com.ar\/wp-content\/uploads\/2023\/07\/ameerati-2.jpg\" width=\"400\" height=\"400\" \/><br \/>\nFinalmente, en las notas de fondo, la fragancia revela su intensidad m\u00e1s profunda y apasionada. Toques especiados emergen sutilmente, como un susurro sensual que despierta el deseo. Un halo de polvo atalcado acaricia la piel, dejando una estela elegante y misteriosa.<\/p>\n<p>El perfume Ameerati de Al Wataniah es una fragancia de la familia olfativa arom\u00e1tica especiada para mujeres y hombres.<\/p>\n<ul>\n<li><strong>Notas de salida:<\/strong> C\u00edtricos, notas verdes y almizcle.<\/li>\n<li><strong>Notas de coraz\u00f3n:<\/strong> Notas amaderadas y notas herbales.<\/li>\n<li><strong>Notas de fondo:<\/strong> Notas especiadas y notas atalcadas.<\/li>\n<\/ul>\n<p>&nbsp;<\/p>\n","protected":false},"excerpt":{"rendered":"<p>AMEERATI Abrace la elegancia de la frescura \u00e1rabe Ameerati EDP es una fragancia cautivadora y popular con un encanto que<\/p>\n","protected":false},"featured_media":61463,"comment_status":"open","ping_status":"closed","template":"","meta":{"nf_dc_page":""},"product_brand":[105],"product_cat":[84],"product_tag":[557],"class_list":{"0":"post-61462","1":"product","2":"type-product","3":"status-publish","4":"has-post-thumbnail","6":"product_brand-al-wataniah","7":"product_cat-perfumeria","8":"product_tag-557","10":"first","11":"instock","12":"sale","13":"shipping-taxable","14":"purchasable","15":"product-type-simple"},"_links":{"self":[{"href":"https:\/\/brandss.com.py\/index\/wp-json\/wp\/v2\/product\/61462","targetHints":{"allow":["GET"]}}],"collection":[{"href":"https:\/\/brandss.com.py\/index\/wp-json\/wp\/v2\/product"}],"about":[{"href":"https:\/\/brandss.com.py\/index\/wp-json\/wp\/v2\/types\/product"}],"replies":[{"embeddable":true,"href":"https:\/\/brandss.com.py\/index\/wp-json\/wp\/v2\/comments?post=61462"}],"version-history":[{"count":1,"href":"https:\/\/brandss.com.py\/index\/wp-json\/wp\/v2\/product\/61462\/revisions"}],"predecessor-version":[{"id":61473,"href":"https:\/\/brandss.com.py\/index\/wp-json\/wp\/v2\/product\/61462\/revisions\/61473"}],"wp:featuredmedia":[{"embeddable":true,"href":"https:\/\/brandss.com.py\/index\/wp-json\/wp\/v2\/media\/61463"}],"wp:attachment":[{"href":"https:\/\/brandss.com.py\/index\/wp-json\/wp\/v2\/media?parent=61462"}],"wp:term":[{"taxonomy":"product_brand","embeddable":true,"href":"https:\/\/brandss.com.py\/index\/wp-json\/wp\/v2\/product_brand?post=61462"},{"taxonomy":"product_cat","embeddable":true,"href":"https:\/\/brandss.com.py\/index\/wp-json\/wp\/v2\/product_cat?post=61462"},{"taxonomy":"product_tag","embeddable":true,"href":"https:\/\/brandss.com.py\/index\/wp-json\/wp\/v2\/product_tag?post=61462"}],"curies":[{"name":"wp","href":"https:\/\/api.w.org\/{rel}","templated":true}]}}