{"id":61474,"date":"2024-11-16T21:06:00","date_gmt":"2024-11-16T21:06:00","guid":{"rendered":"https:\/\/brandss.com.py\/index\/?post_type=product&#038;p=61474"},"modified":"2025-12-04T17:27:35","modified_gmt":"2025-12-04T17:27:35","slug":"perfume-unisex-al-wataniah-ameeri-edp-100ml","status":"publish","type":"product","link":"https:\/\/brandss.com.py\/index\/producto\/perfume-unisex-al-wataniah-ameeri-edp-100ml\/","title":{"rendered":"PERFUME UNISEX AL WATANIAH AMEERI EDP 100ML"},"content":{"rendered":"<p><img loading=\"lazy\" decoding=\"async\" class=\"\" src=\"https:\/\/res.cloudinary.com\/beleza-na-web\/image\/upload\/f_auto,fl_progressive,q_auto:best\/v1\/brand\/2022_01_12_11_44_19_0\/26a4b927-3a1e-4c4f-8c9d-0d969a29fb96-marca-al-wataniah-carrossel.svg\" alt=\"Al Wataniah | Beleza na Web\" width=\"151\" height=\"80\" \/><\/p>\n<h1>AMEERI<\/h1>\n<p>\u00a1Este perfume es riqueza en forma de fragancia! Un perfume ex\u00f3tico y envolvente que transmite lujo y sofisticaci\u00f3n. Una entrada fresca envuelta con un coraz\u00f3n c\u00e1lido y un trasfondo inolvidable. Perfecta para lucir en discotecas, en conquistas y en las mejores fiestas. Solar y radiante, encanta con su gracia.<\/p>\n<p>Experimente el encanto de Ameeri, una fragancia que combina lujo y sofisticaci\u00f3n. Descubra su cautivadora esencia y redefina su sentido de la elegancia.<\/p>\n<blockquote><p>\u00a1Donde el lujo se une a la sofisticaci\u00f3n!<\/p><\/blockquote>\n<p><strong>\u00bfCu\u00e1l es la historia del perfume Al Wataniah Ameeri?<\/strong><br \/>\nAmeeri es un homenaje al fastuoso estilo de vida de la realeza, que encapsula la esencia de la opulencia y el gusto refinado. Inspirado en los palacios principescos y los viajes ex\u00f3ticos, encarna el prestigio y el encanto en todas sus facetas.<\/p>\n<p><strong>Caracter\u00edsticas de la fragancia:<\/strong><\/p>\n<ul>\n<li>F\u00f3rmula de larga duraci\u00f3n que garantiza frescor durante todo el d\u00eda;<\/li>\n<li>Elegante dise\u00f1o del frasco, s\u00edmbolo de la sofisticaci\u00f3n de timeless;<\/li>\n<li>Fragancia vers\u00e1til adecuada tanto para el d\u00eda como para la noche;<\/li>\n<li>Elaborado con ingredientes de primera calidad para una experiencia de lujo.<\/li>\n<\/ul>\n<h4>Exquisita combinaci\u00f3n de notas:<img loading=\"lazy\" decoding=\"async\" class=\"alignleft\" src=\"https:\/\/cdn11.bigcommerce.com\/s-nhruxm7d0j\/images\/stencil\/1280x1280\/products\/576\/1110\/il_fullxfull.4718869796_ndgl__30434.1701918650.jpg?c=1\" width=\"655\" height=\"642\" \/><\/h4>\n<p>Ameeri de Al Wataniah es una sinfon\u00eda de notas cuidadosamente seleccionada que se armonizan para crear una fragancia compleja y seductora. Desde notas de salida que dejan una primera impresi\u00f3n audaz hasta notas de coraz\u00f3n que se despliegan con gracia y notas de base que dejan una estela duradera, cada elemento se elige meticulosamente por su contribuci\u00f3n a la experiencia olfativa general.<\/p>\n<h4>Elegancia atemporal:<\/h4>\n<p>la fragancia encapsula una elegancia atemporal, lo que la hace adecuada para cualquier ocasi\u00f3n. Ya sea un evento formal, una salida informal o una celebraci\u00f3n especial, Ameeri realza su presencia con un aire de sofisticaci\u00f3n que deja una impresi\u00f3n duradera.<\/p>\n<h4>Ingredientes de lujo:<\/h4>\n<p>Ameeri se elabora con los ingredientes m\u00e1s finos y lujosos provenientes de todo el mundo. Cada elemento se elige por su calidad, lo que garantiza que la fragancia desprenda opulencia y exclusividad. El resultado es un aroma tan raro como cautivador.<\/p>\n<h4>Estela duradera:<\/h4>\n<p>Ameeri est\u00e1 dise\u00f1ada para permanecer durante todo el d\u00eda, dejando una estela sutil pero inolvidable. La estela duradera garantiza que la fragancia te acompa\u00f1e desde la ma\u00f1ana hasta la noche, lo que la convierte en un aroma exclusivo que se convierte en parte integral de tu identidad.<\/p>\n<h4>Versatilidad:<\/h4>\n<p>Ameeri se adapta sin esfuerzo a diferentes entornos y estados de \u00e1nimo. Su naturaleza vers\u00e1til te permite usarlo con confianza, ya sea que quieras hacer una declaraci\u00f3n audaz en un evento formal o adoptar un ambiente m\u00e1s relajado durante momentos informales.<\/p>\n<h4>Notas Olfativas:<\/h4>\n<p>Del\u00e9itese con el prestigio de\u00a0Al Wataniah Ameeri Eau de Parfumy eleve sus momentos cotidianos con su cautivadora mezcla. Perfecta para quienes aprecian la sofisticaci\u00f3n y buscan hacer una declaraci\u00f3n con cada pulverizaci\u00f3n.<\/p>\n<p>El perfume Ameeri de Al Wataniah es una fragancia floral frutal amaderada para hombres y mujeres.<\/p>\n<ul>\n<li><strong>Notas de salida:<\/strong> Pomelo, fresia, manzana Granny Smith, lila y ar\u00e1ndanos.<\/li>\n<li><strong>Notas de coraz\u00f3n:<\/strong> Madreselva, t\u00e9, lirio y nectarina.<\/li>\n<li><strong>Notas de fondo:<\/strong> Almizcle, cedro de Virginia, vainilla, orqu\u00eddea, ciruela y secoya.<\/li>\n<\/ul>\n","protected":false},"excerpt":{"rendered":"<p>AMEERI \u00a1Este perfume es riqueza en forma de fragancia! Un perfume ex\u00f3tico y envolvente que transmite lujo y sofisticaci\u00f3n. Una<\/p>\n","protected":false},"featured_media":61475,"comment_status":"open","ping_status":"closed","template":"","meta":{"nf_dc_page":""},"product_brand":[105],"product_cat":[84],"product_tag":[1592],"class_list":{"0":"post-61474","1":"product","2":"type-product","3":"status-publish","4":"has-post-thumbnail","6":"product_brand-al-wataniah","7":"product_cat-perfumeria","8":"product_tag-1592","10":"first","11":"outofstock","12":"shipping-taxable","13":"purchasable","14":"product-type-simple"},"_links":{"self":[{"href":"https:\/\/brandss.com.py\/index\/wp-json\/wp\/v2\/product\/61474","targetHints":{"allow":["GET"]}}],"collection":[{"href":"https:\/\/brandss.com.py\/index\/wp-json\/wp\/v2\/product"}],"about":[{"href":"https:\/\/brandss.com.py\/index\/wp-json\/wp\/v2\/types\/product"}],"replies":[{"embeddable":true,"href":"https:\/\/brandss.com.py\/index\/wp-json\/wp\/v2\/comments?post=61474"}],"version-history":[{"count":1,"href":"https:\/\/brandss.com.py\/index\/wp-json\/wp\/v2\/product\/61474\/revisions"}],"predecessor-version":[{"id":61484,"href":"https:\/\/brandss.com.py\/index\/wp-json\/wp\/v2\/product\/61474\/revisions\/61484"}],"wp:featuredmedia":[{"embeddable":true,"href":"https:\/\/brandss.com.py\/index\/wp-json\/wp\/v2\/media\/61475"}],"wp:attachment":[{"href":"https:\/\/brandss.com.py\/index\/wp-json\/wp\/v2\/media?parent=61474"}],"wp:term":[{"taxonomy":"product_brand","embeddable":true,"href":"https:\/\/brandss.com.py\/index\/wp-json\/wp\/v2\/product_brand?post=61474"},{"taxonomy":"product_cat","embeddable":true,"href":"https:\/\/brandss.com.py\/index\/wp-json\/wp\/v2\/product_cat?post=61474"},{"taxonomy":"product_tag","embeddable":true,"href":"https:\/\/brandss.com.py\/index\/wp-json\/wp\/v2\/product_tag?post=61474"}],"curies":[{"name":"wp","href":"https:\/\/api.w.org\/{rel}","templated":true}]}}