{"id":61485,"date":"2024-11-18T11:10:28","date_gmt":"2024-11-18T11:10:28","guid":{"rendered":"https:\/\/brandss.com.py\/index\/?post_type=product&#038;p=61485"},"modified":"2026-03-16T17:38:27","modified_gmt":"2026-03-16T17:38:27","slug":"perfume-masculino-al-wataniah-attar-al-wesal-edp-100ml","status":"publish","type":"product","link":"https:\/\/brandss.com.py\/index\/producto\/perfume-masculino-al-wataniah-attar-al-wesal-edp-100ml\/","title":{"rendered":"PERFUME MASCULINO AL WATANIAH ATTAR AL WESAL EDP 100ML"},"content":{"rendered":"<p><img loading=\"lazy\" decoding=\"async\" class=\"\" src=\"https:\/\/res.cloudinary.com\/beleza-na-web\/image\/upload\/f_auto,fl_progressive,q_auto:best\/v1\/brand\/2022_01_12_11_44_19_0\/26a4b927-3a1e-4c4f-8c9d-0d969a29fb96-marca-al-wataniah-carrossel.svg\" alt=\"Al Wataniah | Beleza na Web\" width=\"177\" height=\"94\" \/><\/p>\n<h1>ATTAR AL WESAL<\/h1>\n<p>Con una composici\u00f3n verdaderamente seductora y magn\u00e9tica, Attar Al Wesal de Al Wataniah es un perfume de infinitas posibilidades. Un perfume que te recordar\u00e1 las reuniones que tienes con la familia y el placer que brinda.<\/p>\n<p>&nbsp;<\/p>\n<h3>Notas Olfativas:<\/h3>\n<p><img loading=\"lazy\" decoding=\"async\" class=\"alignleft\" src=\"https:\/\/perfumescardales.com.ar\/wp-content\/uploads\/2023\/01\/acordes-attar.png\" width=\"320\" height=\"314\" \/><\/p>\n<p>Attar Al Wesal Edp de Al Wataniah es una fragancia de la familia olfativa \u00c1mbar Especiada para Hombres.<\/p>\n<p>Las Notas de Salida son pera, lavanda, menta, bergamota y lim\u00f3n; las Notas de Coraz\u00f3n son canela, comino y esclarea; las Notas de Fondo son vaina de vainilla negra, \u00e1mbar, pachul\u00ed y cedro.<\/p>\n<p>Con notas altas de pera, lavanda y menta junto con pizarras de canela y c\u00e1scara de vainilla negra; este aroma irradia exoticidad.<\/p>\n<ul>\n<li><strong>Notas de salida:<\/strong> Pera, lavanda, menta, bergamota y lim\u00f3n.<\/li>\n<li><strong>Notas de coraz\u00f3n:<\/strong> Canela, alcaravea y salvia.<\/li>\n<li><strong>Notas de fondo:<\/strong> C\u00e1scara de vainilla negra, \u00e1mbar, pachul\u00ed y cedro.<\/li>\n<\/ul>\n","protected":false},"excerpt":{"rendered":"<p>ATTAR AL WESAL Con una composici\u00f3n verdaderamente seductora y magn\u00e9tica, Attar Al Wesal de Al Wataniah es un perfume de<\/p>\n","protected":false},"featured_media":61486,"comment_status":"open","ping_status":"closed","template":"","meta":{"nf_dc_page":""},"product_brand":[105],"product_cat":[84],"product_tag":[1490],"class_list":{"0":"post-61485","1":"product","2":"type-product","3":"status-publish","4":"has-post-thumbnail","6":"product_brand-al-wataniah","7":"product_cat-perfumeria","8":"product_tag-1490","10":"first","11":"instock","12":"shipping-taxable","13":"purchasable","14":"product-type-simple"},"_links":{"self":[{"href":"https:\/\/brandss.com.py\/index\/wp-json\/wp\/v2\/product\/61485","targetHints":{"allow":["GET"]}}],"collection":[{"href":"https:\/\/brandss.com.py\/index\/wp-json\/wp\/v2\/product"}],"about":[{"href":"https:\/\/brandss.com.py\/index\/wp-json\/wp\/v2\/types\/product"}],"replies":[{"embeddable":true,"href":"https:\/\/brandss.com.py\/index\/wp-json\/wp\/v2\/comments?post=61485"}],"version-history":[{"count":1,"href":"https:\/\/brandss.com.py\/index\/wp-json\/wp\/v2\/product\/61485\/revisions"}],"predecessor-version":[{"id":61493,"href":"https:\/\/brandss.com.py\/index\/wp-json\/wp\/v2\/product\/61485\/revisions\/61493"}],"wp:featuredmedia":[{"embeddable":true,"href":"https:\/\/brandss.com.py\/index\/wp-json\/wp\/v2\/media\/61486"}],"wp:attachment":[{"href":"https:\/\/brandss.com.py\/index\/wp-json\/wp\/v2\/media?parent=61485"}],"wp:term":[{"taxonomy":"product_brand","embeddable":true,"href":"https:\/\/brandss.com.py\/index\/wp-json\/wp\/v2\/product_brand?post=61485"},{"taxonomy":"product_cat","embeddable":true,"href":"https:\/\/brandss.com.py\/index\/wp-json\/wp\/v2\/product_cat?post=61485"},{"taxonomy":"product_tag","embeddable":true,"href":"https:\/\/brandss.com.py\/index\/wp-json\/wp\/v2\/product_tag?post=61485"}],"curies":[{"name":"wp","href":"https:\/\/api.w.org\/{rel}","templated":true}]}}