{"id":61497,"date":"2024-11-18T12:05:04","date_gmt":"2024-11-18T12:05:04","guid":{"rendered":"https:\/\/brandss.com.py\/index\/?post_type=product&#038;p=61497"},"modified":"2025-12-10T18:43:49","modified_gmt":"2025-12-10T18:43:49","slug":"perfume-femenino-elodie-roy-belize-blossom-edp-100ml","status":"publish","type":"product","link":"https:\/\/brandss.com.py\/index\/producto\/perfume-femenino-elodie-roy-belize-blossom-edp-100ml\/","title":{"rendered":"PERFUME FEMENINO ELODIE ROY BELIZE BLOSSOM EDP 100ML"},"content":{"rendered":"<p><img loading=\"lazy\" decoding=\"async\" class=\"\" src=\"https:\/\/www.charmeperfumeria.com.br\/public\/images\/brands\/elodie.jpg\" alt=\"ELODIE ROY BELIZE LOVE EDP FEM 100ML | CHARME ATACADO | CHARME PERFUMERIA |  ATACADO PARAGUAY\" width=\"94\" height=\"93\" \/><\/p>\n<h1>BELIZE BLOSSOM<\/h1>\n<p>El Perfume Elodie Roy Belize Blossom EDP es una fragancia cautivante y duradera, especialmente dise\u00f1ada para mujeres que desean destacar su personalidad. Con su aroma cautivador y persistente, este Eau de Parfum es una elecci\u00f3n perfecta para resaltar tu estilo. Su duradera estela envolvente lo convierte en una elecci\u00f3n perfecta para el d\u00eda o la noche, a\u00f1adiendo un toque de sofisticaci\u00f3n y feminidad a cualquier ocasi\u00f3n.<\/p>\n<h3>Notas Olfativas:<\/h3>\n<p>El Perfume Femenino Belize Blossom EDP es una fragancia floral oriental dise\u00f1ada para mujeres que buscan una experiencia sensorial \u00fanica y delicada. Con notas predominantes de flores tropicales, como el jazm\u00edn y la flor de tiare, junto con toques c\u00edtricos y bergamota, este perfume evoca la sensaci\u00f3n de un exuberante jard\u00edn tropical en floraci\u00f3n.<\/p>\n<ul>\n<li><span><strong>Notas de salida:<\/strong> bergamota.<\/span><\/li>\n<li><span><strong>Notas de coraz\u00f3n:<\/strong> rosa turca y davana.<\/span><\/li>\n<li><span><strong>Notas de fondo:<\/strong> benju\u00ed y pachul\u00ed.<\/span><\/li>\n<\/ul>\n","protected":false},"excerpt":{"rendered":"<p>BELIZE BLOSSOM El Perfume Elodie Roy Belize Blossom EDP es una fragancia cautivante y duradera, especialmente dise\u00f1ada para mujeres que<\/p>\n","protected":false},"featured_media":61498,"comment_status":"open","ping_status":"closed","template":"","meta":{"nf_dc_page":""},"product_brand":[1837],"product_cat":[84],"product_tag":[1838],"class_list":{"0":"post-61497","1":"product","2":"type-product","3":"status-publish","4":"has-post-thumbnail","6":"product_brand-elodie-roy","7":"product_cat-perfumeria","8":"product_tag-1838","10":"first","11":"instock","12":"shipping-taxable","13":"purchasable","14":"product-type-simple"},"_links":{"self":[{"href":"https:\/\/brandss.com.py\/index\/wp-json\/wp\/v2\/product\/61497","targetHints":{"allow":["GET"]}}],"collection":[{"href":"https:\/\/brandss.com.py\/index\/wp-json\/wp\/v2\/product"}],"about":[{"href":"https:\/\/brandss.com.py\/index\/wp-json\/wp\/v2\/types\/product"}],"replies":[{"embeddable":true,"href":"https:\/\/brandss.com.py\/index\/wp-json\/wp\/v2\/comments?post=61497"}],"version-history":[{"count":2,"href":"https:\/\/brandss.com.py\/index\/wp-json\/wp\/v2\/product\/61497\/revisions"}],"predecessor-version":[{"id":61503,"href":"https:\/\/brandss.com.py\/index\/wp-json\/wp\/v2\/product\/61497\/revisions\/61503"}],"wp:featuredmedia":[{"embeddable":true,"href":"https:\/\/brandss.com.py\/index\/wp-json\/wp\/v2\/media\/61498"}],"wp:attachment":[{"href":"https:\/\/brandss.com.py\/index\/wp-json\/wp\/v2\/media?parent=61497"}],"wp:term":[{"taxonomy":"product_brand","embeddable":true,"href":"https:\/\/brandss.com.py\/index\/wp-json\/wp\/v2\/product_brand?post=61497"},{"taxonomy":"product_cat","embeddable":true,"href":"https:\/\/brandss.com.py\/index\/wp-json\/wp\/v2\/product_cat?post=61497"},{"taxonomy":"product_tag","embeddable":true,"href":"https:\/\/brandss.com.py\/index\/wp-json\/wp\/v2\/product_tag?post=61497"}],"curies":[{"name":"wp","href":"https:\/\/api.w.org\/{rel}","templated":true}]}}