{"id":61574,"date":"2024-11-19T12:08:38","date_gmt":"2024-11-19T12:08:38","guid":{"rendered":"https:\/\/brandss.com.py\/index\/?post_type=product&#038;p=61574"},"modified":"2025-12-10T18:48:02","modified_gmt":"2025-12-10T18:48:02","slug":"perfume-femenino-grandeur-elite-dakota-edp-100ml","status":"publish","type":"product","link":"https:\/\/brandss.com.py\/index\/producto\/perfume-femenino-grandeur-elite-dakota-edp-100ml\/","title":{"rendered":"PERFUME FEMENINO GRANDEUR ELITE DAKOTA EDP 100ML"},"content":{"rendered":"<p><img loading=\"lazy\" decoding=\"async\" class=\"\" src=\"https:\/\/perfumescorp.com\/cdn\/shop\/collections\/grandeur-Logo-Brand.webp?v=1698005233&amp;width=750\" alt=\"Grandeur Perfumes - Unveiling Sensual and Unique Fragrances \u2013 Perfumes Corp\" width=\"105\" height=\"56\" \/><\/p>\n<h1>DAKOTA<\/h1>\n<p>Es un perfume cautivador que resalta exquisitamente con tonos chispeantes entre dulces tropicales, frutales, florales ex\u00f3ticos y maderas, para dejarte con un aroma femenino y tentador en tu piel.\u00a0 Un homenaje a la feminidad luminosa, Parfums d&#8217; Elite eau de parfum es un ramo sensual estructurado con rosa turca. Infundidas con delicado lirio del valle y peon\u00eda, estas notas se fortalecen por la base afrutada de lichi, ruibarbo y bergamota. Climaxing con la sensualidad de la madera de cachemira y almizcle aterciopelado. Este sensual ramo estructurado con rosa turca, lirio del valle y peon\u00eda crece en fuerza y complejidad a trav\u00e9s de un tr\u00edo afrutado de lichi, ruibarbo y bergamota condimentado con nuez moscada. Las notas de base de madera de cachemira y almizcle dan profundidad a Dakota y lo convierten en una fragancia sutil pero misteriosa.<\/p>\n<p><span class=\"a-list-item\">Con la rom\u00e1ntica fragancia DAKOTA de madera de cachemira con toques de almizcle de rosa turca y vainilla, este perfume te envuelve en un dulce cautivador. Si est\u00e1s buscando regalos Lilly of the Valley para mujeres, nuestro seductor perfume es un favorito cl\u00e1sico que cada mujer adorar\u00e1<\/span><\/p>\n<h3><span class=\"a-list-item\">Para mujeres sensuales y apasionadas:<img loading=\"lazy\" decoding=\"async\" class=\"alignleft\" src=\"https:\/\/m.media-amazon.com\/images\/I\/51LADoQVHgL._AC_SL1024_.jpg\" width=\"520\" height=\"520\" \/> <\/span><\/h3>\n<p><span class=\"a-list-item\">nuestro perfume de madera de cachemira es para mujeres impulsado por la pasi\u00f3n, aquellos que abrazan la belleza de la feminidad y la sensualidad<\/span><\/p>\n<h3><span class=\"a-list-item\">Inspirado en el s\u00edmbolo del amor: <\/span><\/h3>\n<p><span class=\"a-list-item\">Es el perfume perfecto para mujeres o cualquier mujer especial que busque irradiar elegancia y audacia. <\/span><span class=\"a-list-item\">Este es nuestro mejor perfume sensual para mujeres, su aroma fascinado \u00fanico que refrescante y llena vibraciones encantadoras en el aire que te rodea.<\/span><\/p>\n<p><span class=\"a-list-item\">Embalaje bellamente dise\u00f1ado y botella hermosa y moderna\/seductora, cada spray emite una sensaci\u00f3n exquisita y te envuelve en un encanto irresistible<\/span><\/p>\n<p><span class=\"a-list-item\">Excelente sillaje, proyecci\u00f3n y longevidad. Una fragancia que te hace un cono de estilo. S\u00e9 el toque de cada acci\u00f3n<\/span><\/p>\n<p>&nbsp;<\/p>\n<h3>Notas Olfativas:<\/h3>\n<p>&nbsp;<\/p>\n<p>El perfume Grandeur Elite Dakota es una fragancia de la familia olfativa floral para mujeres.<\/p>\n<ul>\n<li><strong>Notas de salida:<\/strong> Litchi, ruibarbo, bergamota y nuez moscada.<\/li>\n<li><strong>Notas de coraz\u00f3n:<\/strong> Rosa turca, peon\u00eda, almizcle, p\u00e9talos y vainilla.<\/li>\n<li><strong>Notas de fondo:<\/strong> Cachemira, cedro, vetiver haitiano e incienso.<\/li>\n<\/ul>\n","protected":false},"excerpt":{"rendered":"<p>DAKOTA Es un perfume cautivador que resalta exquisitamente con tonos chispeantes entre dulces tropicales, frutales, florales ex\u00f3ticos y maderas, para<\/p>\n","protected":false},"featured_media":61575,"comment_status":"open","ping_status":"closed","template":"","meta":{"nf_dc_page":""},"product_brand":[113],"product_cat":[84],"product_tag":[1844],"class_list":{"0":"post-61574","1":"product","2":"type-product","3":"status-publish","4":"has-post-thumbnail","6":"product_brand-grandeur","7":"product_cat-perfumeria","8":"product_tag-1844","10":"first","11":"instock","12":"shipping-taxable","13":"purchasable","14":"product-type-simple"},"_links":{"self":[{"href":"https:\/\/brandss.com.py\/index\/wp-json\/wp\/v2\/product\/61574","targetHints":{"allow":["GET"]}}],"collection":[{"href":"https:\/\/brandss.com.py\/index\/wp-json\/wp\/v2\/product"}],"about":[{"href":"https:\/\/brandss.com.py\/index\/wp-json\/wp\/v2\/types\/product"}],"replies":[{"embeddable":true,"href":"https:\/\/brandss.com.py\/index\/wp-json\/wp\/v2\/comments?post=61574"}],"version-history":[{"count":1,"href":"https:\/\/brandss.com.py\/index\/wp-json\/wp\/v2\/product\/61574\/revisions"}],"predecessor-version":[{"id":61580,"href":"https:\/\/brandss.com.py\/index\/wp-json\/wp\/v2\/product\/61574\/revisions\/61580"}],"wp:featuredmedia":[{"embeddable":true,"href":"https:\/\/brandss.com.py\/index\/wp-json\/wp\/v2\/media\/61575"}],"wp:attachment":[{"href":"https:\/\/brandss.com.py\/index\/wp-json\/wp\/v2\/media?parent=61574"}],"wp:term":[{"taxonomy":"product_brand","embeddable":true,"href":"https:\/\/brandss.com.py\/index\/wp-json\/wp\/v2\/product_brand?post=61574"},{"taxonomy":"product_cat","embeddable":true,"href":"https:\/\/brandss.com.py\/index\/wp-json\/wp\/v2\/product_cat?post=61574"},{"taxonomy":"product_tag","embeddable":true,"href":"https:\/\/brandss.com.py\/index\/wp-json\/wp\/v2\/product_tag?post=61574"}],"curies":[{"name":"wp","href":"https:\/\/api.w.org\/{rel}","templated":true}]}}