{"id":61581,"date":"2024-11-19T12:32:11","date_gmt":"2024-11-19T12:32:11","guid":{"rendered":"https:\/\/brandss.com.py\/index\/?post_type=product&#038;p=61581"},"modified":"2025-12-10T18:48:25","modified_gmt":"2025-12-10T18:48:25","slug":"perfume-femenino-grandeur-elite-olimpica-edp-100ml","status":"publish","type":"product","link":"https:\/\/brandss.com.py\/index\/producto\/perfume-femenino-grandeur-elite-olimpica-edp-100ml\/","title":{"rendered":"PERFUME FEMENINO GRANDEUR ELITE OLIMPICA EDP 100ML"},"content":{"rendered":"<p><img loading=\"lazy\" decoding=\"async\" class=\"\" src=\"https:\/\/perfumescorp.com\/cdn\/shop\/collections\/grandeur-Logo-Brand.webp?v=1698005233&amp;width=750\" alt=\"Grandeur Perfumes - Unveiling Sensual and Unique Fragrances \u2013 Perfumes Corp\" width=\"113\" height=\"60\" \/><\/p>\n<h1>OLIMPICA<\/h1>\n<p>Olimpica es un perfume perfecto para una persona que ama los deportes y los desaf\u00edos. Con jazm\u00edn de agua y mandarina verde como notas de salida y sal y vainilla como notas de coraz\u00f3n; El esp\u00edritu de equipo se canaliza adecuadamente en estas notas. Luego, la fragancia termina grandiosamente con notas de fondo de madera de cachemira y \u00e1mbar.<\/p>\n<h3><img decoding=\"async\" class=\"alignleft\" src=\"https:\/\/m.media-amazon.com\/images\/I\/31WRIOwwV4L._AC_.jpg\" \/><\/h3>\n<h3><\/h3>\n<h3>Notas Olfativas:<\/h3>\n<p>&nbsp;<\/p>\n<p>El perfume Grandeur Elite Olimpica es una fragancia de la familia olfativa \u00e1mbar floral para mujeres.<\/p>\n<ul>\n<li><strong>Notas de salida:<\/strong> Jazm\u00edn de agua, flor de jengibre y mandarina verde.<\/li>\n<li><strong>Notas de coraz\u00f3n:<\/strong> Sal y vainilla.<\/li>\n<li><strong>Notas de fondo:<\/strong> Madera de cachemira, \u00e1mbar gris y s\u00e1ndalo.<\/li>\n<\/ul>\n","protected":false},"excerpt":{"rendered":"<p>OLIMPICA Olimpica es un perfume perfecto para una persona que ama los deportes y los desaf\u00edos. Con jazm\u00edn de agua<\/p>\n","protected":false},"featured_media":61582,"comment_status":"open","ping_status":"closed","template":"","meta":{"nf_dc_page":""},"product_brand":[113],"product_cat":[84],"product_tag":[1845],"class_list":{"0":"post-61581","1":"product","2":"type-product","3":"status-publish","4":"has-post-thumbnail","6":"product_brand-grandeur","7":"product_cat-perfumeria","8":"product_tag-1845","10":"first","11":"instock","12":"shipping-taxable","13":"purchasable","14":"product-type-simple"},"_links":{"self":[{"href":"https:\/\/brandss.com.py\/index\/wp-json\/wp\/v2\/product\/61581","targetHints":{"allow":["GET"]}}],"collection":[{"href":"https:\/\/brandss.com.py\/index\/wp-json\/wp\/v2\/product"}],"about":[{"href":"https:\/\/brandss.com.py\/index\/wp-json\/wp\/v2\/types\/product"}],"replies":[{"embeddable":true,"href":"https:\/\/brandss.com.py\/index\/wp-json\/wp\/v2\/comments?post=61581"}],"version-history":[{"count":1,"href":"https:\/\/brandss.com.py\/index\/wp-json\/wp\/v2\/product\/61581\/revisions"}],"predecessor-version":[{"id":61587,"href":"https:\/\/brandss.com.py\/index\/wp-json\/wp\/v2\/product\/61581\/revisions\/61587"}],"wp:featuredmedia":[{"embeddable":true,"href":"https:\/\/brandss.com.py\/index\/wp-json\/wp\/v2\/media\/61582"}],"wp:attachment":[{"href":"https:\/\/brandss.com.py\/index\/wp-json\/wp\/v2\/media?parent=61581"}],"wp:term":[{"taxonomy":"product_brand","embeddable":true,"href":"https:\/\/brandss.com.py\/index\/wp-json\/wp\/v2\/product_brand?post=61581"},{"taxonomy":"product_cat","embeddable":true,"href":"https:\/\/brandss.com.py\/index\/wp-json\/wp\/v2\/product_cat?post=61581"},{"taxonomy":"product_tag","embeddable":true,"href":"https:\/\/brandss.com.py\/index\/wp-json\/wp\/v2\/product_tag?post=61581"}],"curies":[{"name":"wp","href":"https:\/\/api.w.org\/{rel}","templated":true}]}}