{"id":61588,"date":"2024-11-19T13:32:45","date_gmt":"2024-11-19T13:32:45","guid":{"rendered":"https:\/\/brandss.com.py\/index\/?post_type=product&#038;p=61588"},"modified":"2025-12-10T18:49:39","modified_gmt":"2025-12-10T18:49:39","slug":"perfume-femenino-al-absar-nasma-edp-100ml","status":"publish","type":"product","link":"https:\/\/brandss.com.py\/index\/producto\/perfume-femenino-al-absar-nasma-edp-100ml\/","title":{"rendered":"PERFUME FEMENINO AL ABSAR NASMA EDP 100ML"},"content":{"rendered":"<p><img loading=\"lazy\" decoding=\"async\" class=\"\" src=\"https:\/\/res.cloudinary.com\/beleza-na-web\/image\/upload\/f_auto,fl_progressive,q_auto:best\/v1\/imagens\/brands\/al-absar_65d37f065d45932388405d4a\/logo_logo-alabsarsvg\" alt=\"Al Absar Mudiyah Eau de Parfum - Perfume Feminino 100ml\" width=\"133\" height=\"74\" \/><\/p>\n<h1>NASMA<\/h1>\n<p>Presentamos el perfume Al Absar Nasma, una fragancia cautivadora que te transportar\u00e1 a un mundo de encanto y belleza. Una fragancia que captura la esencia de una suave brisa en un jard\u00edn floreciente. Nasma es una fragancia que susurra feminidad, una delicada danza de c\u00edtricos, flores y dulce calidez. Deja que cada nota acaricie tus sentidos, creando un abrazo arom\u00e1tico tan elegante y atemporal como una suave brisa.<\/p>\n<h3>Carcater\u00edsticas:<img loading=\"lazy\" decoding=\"async\" class=\"alignleft\" src=\"https:\/\/i.ebayimg.com\/images\/g\/H90AAOSwviJkM4wA\/s-l1600.webp\" width=\"627\" height=\"417\" \/><\/h3>\n<ul class=\"a-unordered-list a-vertical a-spacing-mini\">\n<li class=\"a-spacing-mini\"><span class=\"a-list-item\">Nasma es una fragancia de alta calidad con un aroma fresco y vigorizante. La botella de 3.4 fl oz proporciona una fragancia duradera para el uso diario.<\/span><\/li>\n<li class=\"a-spacing-mini\"><span class=\"a-list-item\">Equilibrio perfecto de notas florales y afrutadas, creando un aroma cautivador y femenino. Ideal para uso de d\u00eda o de noche, por lo que es una opci\u00f3n vers\u00e1til para cualquier ocasi\u00f3n.<\/span><\/li>\n<li class=\"a-spacing-mini\"><span class=\"a-list-item\">Fabricado con ingredientes de alta calidad para garantizar un aroma lujoso que dura todo el d\u00eda. Gran opci\u00f3n de regalo para amigos, familiares o como un regalo para ti mismo.<\/span><\/li>\n<li class=\"a-spacing-mini\"><span class=\"a-list-item\">El elegante y elegante dise\u00f1o de botella es perfecto para exhibir en cualquier tocador o tocador. La f\u00f3rmula sin alcohol hace que sea adecuada para pieles sensibles y evita la irritaci\u00f3n.<\/span><\/li>\n<li class=\"a-spacing-mini\"><span class=\"a-list-item\">Precio asequible, sin comprometer la calidad o la potencia de la fragancia. Fabricado bajo estrictas medidas de control de calidad para garantizar una calidad constante y satisfacci\u00f3n del cliente.<\/span><\/li>\n<\/ul>\n<h3><\/h3>\n<h3>Notas Olfativas:<\/h3>\n<p>&nbsp;<\/p>\n<p>Las notas de salida se abren con una explosi\u00f3n de lim\u00f3n c\u00edtrico, creando un aura refrescante y vigorizante. A medida que la fragancia se despliega, los suaves p\u00e9talos de peon\u00eda y rosas revelan una sinfon\u00eda floral, delicada y encantadora. El coraz\u00f3n de la fragancia est\u00e1 envuelto por la calidez del \u00e1mbar gris, agregando un toque de sofisticaci\u00f3n. Las notas de fondo, una lujosa mezcla de cachemira y vainilla, crean una estela aterciopelada y persistente.<\/p>\n<ul>\n<li><span><strong>Notas de salida:<\/strong> Lim\u00f3n<\/span><\/li>\n<li><span><strong>Notas de coraz\u00f3n:<\/strong> Peon\u00eda, rosas.<\/span><\/li>\n<li><span><strong>Notas de fondo:<\/strong> \u00e1mbar gris, vainilla, cachemira.<\/span><\/li>\n<\/ul>\n","protected":false},"excerpt":{"rendered":"<p>NASMA Presentamos el perfume Al Absar Nasma, una fragancia cautivadora que te transportar\u00e1 a un mundo de encanto y belleza.<\/p>\n","protected":false},"featured_media":61589,"comment_status":"open","ping_status":"closed","template":"","meta":{"nf_dc_page":""},"product_brand":[1846],"product_cat":[84],"product_tag":[1847],"class_list":{"0":"post-61588","1":"product","2":"type-product","3":"status-publish","4":"has-post-thumbnail","6":"product_brand-al-absar","7":"product_cat-perfumeria","8":"product_tag-1847","10":"first","11":"instock","12":"shipping-taxable","13":"purchasable","14":"product-type-simple"},"_links":{"self":[{"href":"https:\/\/brandss.com.py\/index\/wp-json\/wp\/v2\/product\/61588","targetHints":{"allow":["GET"]}}],"collection":[{"href":"https:\/\/brandss.com.py\/index\/wp-json\/wp\/v2\/product"}],"about":[{"href":"https:\/\/brandss.com.py\/index\/wp-json\/wp\/v2\/types\/product"}],"replies":[{"embeddable":true,"href":"https:\/\/brandss.com.py\/index\/wp-json\/wp\/v2\/comments?post=61588"}],"version-history":[{"count":1,"href":"https:\/\/brandss.com.py\/index\/wp-json\/wp\/v2\/product\/61588\/revisions"}],"predecessor-version":[{"id":61593,"href":"https:\/\/brandss.com.py\/index\/wp-json\/wp\/v2\/product\/61588\/revisions\/61593"}],"wp:featuredmedia":[{"embeddable":true,"href":"https:\/\/brandss.com.py\/index\/wp-json\/wp\/v2\/media\/61589"}],"wp:attachment":[{"href":"https:\/\/brandss.com.py\/index\/wp-json\/wp\/v2\/media?parent=61588"}],"wp:term":[{"taxonomy":"product_brand","embeddable":true,"href":"https:\/\/brandss.com.py\/index\/wp-json\/wp\/v2\/product_brand?post=61588"},{"taxonomy":"product_cat","embeddable":true,"href":"https:\/\/brandss.com.py\/index\/wp-json\/wp\/v2\/product_cat?post=61588"},{"taxonomy":"product_tag","embeddable":true,"href":"https:\/\/brandss.com.py\/index\/wp-json\/wp\/v2\/product_tag?post=61588"}],"curies":[{"name":"wp","href":"https:\/\/api.w.org\/{rel}","templated":true}]}}