{"id":61594,"date":"2024-11-19T14:26:16","date_gmt":"2024-11-19T14:26:16","guid":{"rendered":"https:\/\/brandss.com.py\/index\/?post_type=product&#038;p=61594"},"modified":"2025-12-10T18:49:59","modified_gmt":"2025-12-10T18:49:59","slug":"perfume-femenino-al-absar-bint-al-amal-edp-80ml","status":"publish","type":"product","link":"https:\/\/brandss.com.py\/index\/producto\/perfume-femenino-al-absar-bint-al-amal-edp-80ml\/","title":{"rendered":"PERFUME FEMENINO AL ABSAR BINT AL AMAL EDP 80ML"},"content":{"rendered":"<p><img loading=\"lazy\" decoding=\"async\" class=\"\" src=\"https:\/\/res.cloudinary.com\/beleza-na-web\/image\/upload\/f_auto,fl_progressive,q_auto:best\/v1\/imagens\/brands\/al-absar_65d37f065d45932388405d4a\/logo_logo-alabsarsvg\" alt=\"Al Absar Mudiyah Eau de Parfum - Perfume Feminino 100ml\" width=\"151\" height=\"84\" \/><\/p>\n<h1>BINT AL AMAL<\/h1>\n<p>Es la expresi\u00f3n perfecta de sofisticaci\u00f3n envuelta en notas florales y almizcladas. Este perfume es una invitaci\u00f3n a abrazar un aura angelical, perfecto para todas las ocasiones, trayendo consigo la delicadeza y el encanto de\u00a0las Frutas Rosadas\u00a0y la sensualidad duradera del\u00a0Almizcle. Es m\u00e1s que una fragancia; es una celebraci\u00f3n de la feminidad moderna, sofisticada y llena de vida. D\u00e9jate seducir por la irresistible combinaci\u00f3n de notas frutales de Mango, Melocot\u00f3n y Frutas Rosas, que se funden en un exuberante coraz\u00f3n floral, exudando una feminidad cautivadora y sofisticada.<img loading=\"lazy\" decoding=\"async\" class=\"alignright\" src=\"https:\/\/i.ebayimg.com\/images\/g\/fGAAAOSwTCZl0kBG\/s-l1600.jpg\" width=\"464\" height=\"291\" \/><\/p>\n<h3><\/h3>\n<h3>Notas Olfativas:<\/h3>\n<p>&nbsp;<\/p>\n<p><span>Bint Al Amal de AL Absar, la fragancia atemporal para la mujer moderna. Esta obra maestra oriental es una mezcla de mango ex\u00f3tico, melocot\u00f3n jugoso, mandarina \u00e1cida y frambuesa \u00e1cida. Despu\u00e9s de que las notas de salida afrutadas se relajen, revelando el coraz\u00f3n cautivador de violetas, la base de \u00e1mbar, caramelo y cachemira ofrece notas de lujo y sensualidad. Bint Al Amal es una fragancia que encarna la confianza, el encanto y el sentido de la aventura. <\/span><\/p>\n<p><span>D\u00e9jate transportar a las pintorescas calles de Oriente.<\/span><\/p>\n<p><span>El perfume Al Absar Bint Al Amal es una fragancia de la familia olfativa oriental para mujeres.<\/span><\/p>\n<p><span><img decoding=\"async\" class=\"alignleft\" src=\"https:\/\/encrypted-tbn0.gstatic.com\/images?q=tbn:ANd9GcQHudhP2sLFOMY_q8LRFapSDoKEN6FuQJrH9Q&amp;s\" \/><\/span><\/p>\n<ul>\n<li><strong><span><span>Notas de salida:<\/span><\/span><\/strong><span><span>\u00a0mango, melocot\u00f3n, grosella negra, mandarina, frutas rosadas.\n<p><\/span><\/span><\/li>\n<li><strong><span><span>Notas de coraz\u00f3n:<\/span><\/span><\/strong><span><span> fresia, heliotropo, flor de naranjo, nardos, violeta.\n<p><\/span><\/span><\/li>\n<li><strong><span><span>Notas de fondo:<\/span><\/span><\/strong><span><span>\u00a0almizcle, caramelo, haba tonka, vainilla y cachemira.<\/span><\/span><\/li>\n<\/ul>\n","protected":false},"excerpt":{"rendered":"<p>BINT AL AMAL Es la expresi\u00f3n perfecta de sofisticaci\u00f3n envuelta en notas florales y almizcladas. Este perfume es una invitaci\u00f3n<\/p>\n","protected":false},"featured_media":61595,"comment_status":"open","ping_status":"closed","template":"","meta":{"nf_dc_page":""},"product_brand":[1846],"product_cat":[84],"product_tag":[1848],"class_list":{"0":"post-61594","1":"product","2":"type-product","3":"status-publish","4":"has-post-thumbnail","6":"product_brand-al-absar","7":"product_cat-perfumeria","8":"product_tag-1848","10":"first","11":"instock","12":"shipping-taxable","13":"purchasable","14":"product-type-simple"},"_links":{"self":[{"href":"https:\/\/brandss.com.py\/index\/wp-json\/wp\/v2\/product\/61594","targetHints":{"allow":["GET"]}}],"collection":[{"href":"https:\/\/brandss.com.py\/index\/wp-json\/wp\/v2\/product"}],"about":[{"href":"https:\/\/brandss.com.py\/index\/wp-json\/wp\/v2\/types\/product"}],"replies":[{"embeddable":true,"href":"https:\/\/brandss.com.py\/index\/wp-json\/wp\/v2\/comments?post=61594"}],"version-history":[{"count":1,"href":"https:\/\/brandss.com.py\/index\/wp-json\/wp\/v2\/product\/61594\/revisions"}],"predecessor-version":[{"id":61601,"href":"https:\/\/brandss.com.py\/index\/wp-json\/wp\/v2\/product\/61594\/revisions\/61601"}],"wp:featuredmedia":[{"embeddable":true,"href":"https:\/\/brandss.com.py\/index\/wp-json\/wp\/v2\/media\/61595"}],"wp:attachment":[{"href":"https:\/\/brandss.com.py\/index\/wp-json\/wp\/v2\/media?parent=61594"}],"wp:term":[{"taxonomy":"product_brand","embeddable":true,"href":"https:\/\/brandss.com.py\/index\/wp-json\/wp\/v2\/product_brand?post=61594"},{"taxonomy":"product_cat","embeddable":true,"href":"https:\/\/brandss.com.py\/index\/wp-json\/wp\/v2\/product_cat?post=61594"},{"taxonomy":"product_tag","embeddable":true,"href":"https:\/\/brandss.com.py\/index\/wp-json\/wp\/v2\/product_tag?post=61594"}],"curies":[{"name":"wp","href":"https:\/\/api.w.org\/{rel}","templated":true}]}}