{"id":61602,"date":"2024-11-19T16:32:51","date_gmt":"2024-11-19T16:32:51","guid":{"rendered":"https:\/\/brandss.com.py\/index\/?post_type=product&#038;p=61602"},"modified":"2025-12-10T18:50:34","modified_gmt":"2025-12-10T18:50:34","slug":"perfume-masculino-grandeur-elite-cavalier-edp-100ml","status":"publish","type":"product","link":"https:\/\/brandss.com.py\/index\/producto\/perfume-masculino-grandeur-elite-cavalier-edp-100ml\/","title":{"rendered":"PERFUME MASCULINO GRANDEUR ELITE CAVALIER EDP 100ML"},"content":{"rendered":"<p><img loading=\"lazy\" decoding=\"async\" class=\"\" src=\"https:\/\/perfumescorp.com\/cdn\/shop\/collections\/grandeur-Logo-Brand.webp?v=1698005233&amp;width=750\" alt=\"Grandeur Perfumes - Unveiling Sensual and Unique Fragrances \u2013 Perfumes Corp\" width=\"107\" height=\"57\" \/><\/p>\n<h1>CAVALIER<\/h1>\n<p>Ya sea para una reuni\u00f3n de negocios, una cena rom\u00e1ntica o simplemente para el d\u00eda a d\u00eda, Cavalier es la elecci\u00f3n perfecta para aquellos que buscan un perfume que los acompa\u00f1e en cada momento de su vida. Recomendamos este perfume para aquellos hombres que desean dejar una impresi\u00f3n duradera y sofisticada, y que buscan una fragancia que se adapte a las estaciones m\u00e1s fr\u00edas del a\u00f1o. Su aroma intenso y envolvente har\u00e1 que te sientas seguro y elegante en cualquier situaci\u00f3n. No dudes en probar Cavalier si buscas un perfume que te haga destacar y que refleje tu personalidad \u00fanica y sofisticada. Este perfume es perfecto para las temporadas de oto\u00f1o e invierno, ya que su aroma intenso y duradero se adapta a las bajas temperaturas y aporta un toque de calidez en los d\u00edas m\u00e1s fr\u00edos.<\/p>\n<p>La combinaci\u00f3n de notas amaderadas, c\u00edtricas y especiadas hacen de Grandeaur Elite Cavalier una fragancia \u00fanica y envolvente, que se distingue por su car\u00e1cter masculino y seductor.<\/p>\n<p>Su envase elegante y sofisticado refleja la personalidad de quien lo lleva, convirti\u00e9ndolo en un accesorio imprescindible para aquellos hombres que buscan resaltar su estilo y personalidad.<\/p>\n<p>\u00a1No te arrepentir\u00e1s de elegir esta fragancia para complementar tu estilo y presencia en cualquier ocasi\u00f3n!<\/p>\n<p>&nbsp;<\/p>\n<h3>Notas Olfativas:<\/h3>\n<p>&nbsp;<\/p>\n<p>El perfume Cavalier EDP es una fragancia que pertenece a la familia olfativa del almizcle, ideal para hombres que buscan destacar su elegancia y sofisticaci\u00f3n en cualquier ocasi\u00f3n. El perfume Cavalier de Grandeur Elite es una fragancia masculina que presenta notas frescas y afrutadas en la salida, mientras que en su coraz\u00f3n se perciben notas florales, y en el fondo se aprecian acordes c\u00e1lidos y amaderados.<\/p>\n<ul>\n<li><strong>Notas de salida:<\/strong>\u00a0Pi\u00f1a, grosella negra, bergamota y manzana<\/li>\n<li><strong>Notas de coraz\u00f3n:<\/strong>\u00a0Abedul, pachul\u00ed, jazm\u00edn de Marruecos y rosa<\/li>\n<li><strong>Notas de fondo:<\/strong>\u00a0Almizcle, musgo de roble, \u00e1mbar gris y vainilla<\/li>\n<\/ul>\n<p>&nbsp;<\/p>\n","protected":false},"excerpt":{"rendered":"<p>CAVALIER Ya sea para una reuni\u00f3n de negocios, una cena rom\u00e1ntica o simplemente para el d\u00eda a d\u00eda, Cavalier es<\/p>\n","protected":false},"featured_media":61603,"comment_status":"open","ping_status":"closed","template":"","meta":{"nf_dc_page":""},"product_brand":[113],"product_cat":[84],"product_tag":[1849],"class_list":{"0":"post-61602","1":"product","2":"type-product","3":"status-publish","4":"has-post-thumbnail","6":"product_brand-grandeur","7":"product_cat-perfumeria","8":"product_tag-1849","10":"first","11":"instock","12":"shipping-taxable","13":"purchasable","14":"product-type-simple"},"_links":{"self":[{"href":"https:\/\/brandss.com.py\/index\/wp-json\/wp\/v2\/product\/61602","targetHints":{"allow":["GET"]}}],"collection":[{"href":"https:\/\/brandss.com.py\/index\/wp-json\/wp\/v2\/product"}],"about":[{"href":"https:\/\/brandss.com.py\/index\/wp-json\/wp\/v2\/types\/product"}],"replies":[{"embeddable":true,"href":"https:\/\/brandss.com.py\/index\/wp-json\/wp\/v2\/comments?post=61602"}],"version-history":[{"count":1,"href":"https:\/\/brandss.com.py\/index\/wp-json\/wp\/v2\/product\/61602\/revisions"}],"predecessor-version":[{"id":61608,"href":"https:\/\/brandss.com.py\/index\/wp-json\/wp\/v2\/product\/61602\/revisions\/61608"}],"wp:featuredmedia":[{"embeddable":true,"href":"https:\/\/brandss.com.py\/index\/wp-json\/wp\/v2\/media\/61603"}],"wp:attachment":[{"href":"https:\/\/brandss.com.py\/index\/wp-json\/wp\/v2\/media?parent=61602"}],"wp:term":[{"taxonomy":"product_brand","embeddable":true,"href":"https:\/\/brandss.com.py\/index\/wp-json\/wp\/v2\/product_brand?post=61602"},{"taxonomy":"product_cat","embeddable":true,"href":"https:\/\/brandss.com.py\/index\/wp-json\/wp\/v2\/product_cat?post=61602"},{"taxonomy":"product_tag","embeddable":true,"href":"https:\/\/brandss.com.py\/index\/wp-json\/wp\/v2\/product_tag?post=61602"}],"curies":[{"name":"wp","href":"https:\/\/api.w.org\/{rel}","templated":true}]}}