{"id":61612,"date":"2024-11-19T17:10:21","date_gmt":"2024-11-19T17:10:21","guid":{"rendered":"https:\/\/brandss.com.py\/index\/?post_type=product&#038;p=61612"},"modified":"2026-03-12T19:13:58","modified_gmt":"2026-03-12T19:13:58","slug":"perfume-femenino-dolce-gabbana-pour-femme-red-classic-edt-100ml","status":"publish","type":"product","link":"https:\/\/brandss.com.py\/index\/producto\/perfume-femenino-dolce-gabbana-pour-femme-red-classic-edt-100ml\/","title":{"rendered":"PERFUME FEMENINO DOLCE &amp; GABBANA POUR FEMME RED CLASSIC EDT 100ML"},"content":{"rendered":"<p><img loading=\"lazy\" decoding=\"async\" class=\"\" src=\"https:\/\/1000marcas.net\/wp-content\/uploads\/2020\/01\/logo-Dolce-and-Gabbana.png\" alt=\"Dolce &amp; Gabbana Logo - s\u00edmbolo, significado logotipo, historia, PNG\" width=\"112\" height=\"63\" \/><\/p>\n<h1>POUR FEMME RED CLASSIC<\/h1>\n<p>Apasionada, aut\u00e9ntica, sensual y plenamente consciente de sus puntos fuertes y su belleza. A esta extraordinaria mujer, que encarna el ADN de la marca, est\u00e1 dedicada Dolce&amp;Gabbana Eau de Toilette.<\/p>\n<p>La primera y emblem\u00e1tica fragancia de la marca, Dolce&amp;Gabbana Pour Femme EDT, sorprende por su atrevida composici\u00f3n de contrastes de romero espa\u00f1ol, azahar y pachuli. Todo un cl\u00e1sico atemporal que conserva intacto su irresistible encanto.<\/p>\n<div class=\"WidgetDescription__widget__description--CIDPs WidgetE__widget-e__description--pstJS widget__description\">\n<div class=\"text\">\n<p>Fuerza, delicadeza y sensualidad. La fragancia de Dolce&amp;Gabbana Eau de Toilette nace de una atrevida composici\u00f3n de contrastes fuertes y dulces a la par que delicados y sorprendentes.<\/p>\n<\/div>\n<\/div>\n<h3>\nDise\u00f1o<\/h3>\n<p>El frasco del perfume\u00a0presenta unas l\u00edneas escult\u00f3ricas que se compensan con la elegancia del tap\u00f3n carmes\u00ed con detalles dorados.<\/p>\n<p>Descubra la elegancia atemporal de la fragancia Floral Aldehyde de Dolce &amp; Gabbana, lanzada originalmente en 1992 y reintroducida en 2023. Esta exquisita fragancia est\u00e1 dise\u00f1ada para la mujer sofisticada que aprecia los aromas cl\u00e1sicos pero contempor\u00e1neos.<\/p>\n<p>Eleve su colecci\u00f3n de fragancias con esta lujosa mezcla, que ofrece un equilibrio armonioso de frescura, riqueza floral y matices c\u00e1lidos y atractivos. Perfecta para cualquier ocasi\u00f3n, esta fragancia encarna la esencia del estilo refinado y la elegancia de Dolce &amp; Gabbana.<\/p>\n<h3>Notas Olfativas:<\/h3>\n<h3><img decoding=\"async\" class=\"alignleft\" src=\"https:\/\/dolcegabbana-cdn.thron.com\/api\/xcontents\/resources\/delivery\/getThumbnail\/dolcegabbana\/400x0\/d7ca1532-6250-41b9-aafe-f85c2950dfbc.jpg?format=auto\" \/><\/h3>\n<p>&nbsp;<\/p>\n<p><em><span>Dolce &amp; Gabbana<\/span><\/em><span>\u00a0de Dolce &amp; Gabbana es una fragancia de la familia olfativa Floral Aldeh\u00eddica para Mujeres creada por el d\u00fao de perfumistas Jean-Pierre Mary y Martine Pallix y lanzada en 1992.\u00a0<\/span><em><span>Dolce &amp; Gabbana<\/span><\/em><span>\u00a0(rojo, cl\u00e1sico, femme) tiene un perfil arom\u00e1tico de notas arom\u00e1ticas, florales, florales blancas, frescas, aldeh\u00eddicas, c\u00edtricas, especiadas frescas, especiadas c\u00e1lidas, amaderadas y vain\u00edlicas.<\/span><\/p>\n<p>&nbsp;<\/p>\n<p><strong><span>Notas de salida:<\/span><\/strong><span>\u00a0aldeh\u00eddos, albahaca, c\u00edtricos, hiedra, mandarina, fresia, bergamota.<br \/>\n<\/span><br \/>\n<strong><span>Notas de coraz\u00f3n:<\/span><\/strong><span>\u00a0clavel, cal\u00e9ndula, cilantro, flor de naranja, lirio, jazm\u00edn, rosa b\u00falgara, lirio de los valles.<br \/>\n<\/span><br \/>\n<strong><span>Notas de base:<\/span><\/strong><span>\u00a0s\u00e1ndalo, vainilla, almizcle, haba tonka.<\/span><\/p>\n","protected":false},"excerpt":{"rendered":"<p>POUR FEMME RED CLASSIC Apasionada, aut\u00e9ntica, sensual y plenamente consciente de sus puntos fuertes y su belleza. A esta extraordinaria<\/p>\n","protected":false},"featured_media":61613,"comment_status":"open","ping_status":"closed","template":"","meta":{"nf_dc_page":""},"product_brand":[125],"product_cat":[84],"product_tag":[848],"class_list":{"0":"post-61612","1":"product","2":"type-product","3":"status-publish","4":"has-post-thumbnail","6":"product_brand-dolce-gabbana","7":"product_cat-perfumeria","8":"product_tag-848","10":"first","11":"instock","12":"sale","13":"shipping-taxable","14":"purchasable","15":"product-type-simple"},"_links":{"self":[{"href":"https:\/\/brandss.com.py\/index\/wp-json\/wp\/v2\/product\/61612","targetHints":{"allow":["GET"]}}],"collection":[{"href":"https:\/\/brandss.com.py\/index\/wp-json\/wp\/v2\/product"}],"about":[{"href":"https:\/\/brandss.com.py\/index\/wp-json\/wp\/v2\/types\/product"}],"replies":[{"embeddable":true,"href":"https:\/\/brandss.com.py\/index\/wp-json\/wp\/v2\/comments?post=61612"}],"version-history":[{"count":1,"href":"https:\/\/brandss.com.py\/index\/wp-json\/wp\/v2\/product\/61612\/revisions"}],"predecessor-version":[{"id":61618,"href":"https:\/\/brandss.com.py\/index\/wp-json\/wp\/v2\/product\/61612\/revisions\/61618"}],"wp:featuredmedia":[{"embeddable":true,"href":"https:\/\/brandss.com.py\/index\/wp-json\/wp\/v2\/media\/61613"}],"wp:attachment":[{"href":"https:\/\/brandss.com.py\/index\/wp-json\/wp\/v2\/media?parent=61612"}],"wp:term":[{"taxonomy":"product_brand","embeddable":true,"href":"https:\/\/brandss.com.py\/index\/wp-json\/wp\/v2\/product_brand?post=61612"},{"taxonomy":"product_cat","embeddable":true,"href":"https:\/\/brandss.com.py\/index\/wp-json\/wp\/v2\/product_cat?post=61612"},{"taxonomy":"product_tag","embeddable":true,"href":"https:\/\/brandss.com.py\/index\/wp-json\/wp\/v2\/product_tag?post=61612"}],"curies":[{"name":"wp","href":"https:\/\/api.w.org\/{rel}","templated":true}]}}