{"id":61743,"date":"2024-11-21T13:07:50","date_gmt":"2024-11-21T13:07:50","guid":{"rendered":"https:\/\/brandss.com.py\/index\/?post_type=product&#038;p=61743"},"modified":"2024-11-21T13:11:13","modified_gmt":"2024-11-21T13:11:13","slug":"calzado-deportivo-masculino-adidas-hoops-3-0-low-classic-vintage","status":"publish","type":"product","link":"https:\/\/brandss.com.py\/index\/producto\/calzado-deportivo-masculino-adidas-hoops-3-0-low-classic-vintage\/","title":{"rendered":"CALZADO DEPORTIVO MASCULINO ADIDAS HOOPS 3.0 LOW CLASSIC VINTAGE"},"content":{"rendered":"<p><img loading=\"lazy\" decoding=\"async\" class=\"\" src=\"https:\/\/1000marcas.net\/wp-content\/uploads\/2024\/02\/Adidas-Logo-1991.png\" alt=\"Logo de Adidas: la historia y el significado del logotipo, la marca y el  s\u00edmbolo. | png, vector\" width=\"123\" height=\"74\" \/><\/p>\n<h1>HOOPS 3.0 LOW CLASSIC VINTAGE<\/h1>\n<div class=\"text-content___13aRm\">\n<h3 class=\"subtitle___9ljbp\">Calzados de corte bajo inspiradas en el baloncesto para todas tus actividades cotidianas.<\/h3>\n<p class=\"gl-vspace\">Un estilo limpio, fresco y sobrio que te dejar\u00e1 sin aliento. Eso es lo que ver\u00e1s cuando saques estas zapatillas adidas de su caja. Las 3 Rayas tonales en la parte superior de cuero sint\u00e9tico despejado le dan un aire tradicional. Una entresuela acolchada agrega un soporte suave sobre la suela exterior de goma retro.<\/p>\n<div class=\"accordion__header-text___2o9Im\">\n<h2 class=\"accordion-title___2sTgR\"><span>Detalles<\/span><\/h2>\n<\/div>\n<div class=\"accordion__header-icon___2FuRa\"><\/div>\n<div class=\"accordion__content___29x9h\">\n<div class=\"content-padding___2kVWQ\">\n<div class=\"bullets___3bsSs\" data-auto-id=\"specifications-section\">\n<ul class=\"gl-list\">\n<li class=\"gl-vspace-bpall-small\"><span>Ajuste regular<\/span><\/li>\n<li class=\"gl-vspace-bpall-small\"><span>Cierre de encaje<\/span><\/li>\n<li class=\"gl-vspace-bpall-small\"><span>Parte superior de cuero sint\u00e9tico<\/span><\/li>\n<li class=\"gl-vspace-bpall-small\"><span>Sensaci\u00f3n de amortiguaci\u00f3n<\/span><\/li>\n<li class=\"gl-vspace-bpall-small\"><span>Forro textil<\/span><\/li>\n<li class=\"gl-vspace-bpall-small\"><span>Plantilla de EVA<\/span><\/li>\n<li class=\"gl-vspace-bpall-small\"><span>Suela de goma<\/span><\/li>\n<li class=\"gl-vspace-bpall-small\"><span>Color: Blanco nube \/ Negro n\u00facleo \/ Blanco tiza<\/span><\/li>\n<li class=\"gl-vspace-bpall-small\"><span>Modelo: GY5434<\/span><\/li>\n<\/ul>\n<\/div>\n<\/div>\n<\/div>\n<\/div>\n","protected":false},"excerpt":{"rendered":"<p>HOOPS 3.0 LOW CLASSIC VINTAGE Calzados de corte bajo inspiradas en el baloncesto para todas tus actividades cotidianas. Un estilo<\/p>\n","protected":false},"featured_media":61744,"comment_status":"open","ping_status":"closed","template":"","meta":{"nf_dc_page":""},"product_brand":[],"product_cat":[76],"product_tag":[],"class_list":{"0":"post-61743","1":"product","2":"type-product","3":"status-publish","4":"has-post-thumbnail","6":"product_cat-masculino","8":"first","9":"instock","10":"shipping-taxable","11":"purchasable","12":"product-type-simple"},"_links":{"self":[{"href":"https:\/\/brandss.com.py\/index\/wp-json\/wp\/v2\/product\/61743","targetHints":{"allow":["GET"]}}],"collection":[{"href":"https:\/\/brandss.com.py\/index\/wp-json\/wp\/v2\/product"}],"about":[{"href":"https:\/\/brandss.com.py\/index\/wp-json\/wp\/v2\/types\/product"}],"replies":[{"embeddable":true,"href":"https:\/\/brandss.com.py\/index\/wp-json\/wp\/v2\/comments?post=61743"}],"version-history":[{"count":1,"href":"https:\/\/brandss.com.py\/index\/wp-json\/wp\/v2\/product\/61743\/revisions"}],"predecessor-version":[{"id":61752,"href":"https:\/\/brandss.com.py\/index\/wp-json\/wp\/v2\/product\/61743\/revisions\/61752"}],"wp:featuredmedia":[{"embeddable":true,"href":"https:\/\/brandss.com.py\/index\/wp-json\/wp\/v2\/media\/61744"}],"wp:attachment":[{"href":"https:\/\/brandss.com.py\/index\/wp-json\/wp\/v2\/media?parent=61743"}],"wp:term":[{"taxonomy":"product_brand","embeddable":true,"href":"https:\/\/brandss.com.py\/index\/wp-json\/wp\/v2\/product_brand?post=61743"},{"taxonomy":"product_cat","embeddable":true,"href":"https:\/\/brandss.com.py\/index\/wp-json\/wp\/v2\/product_cat?post=61743"},{"taxonomy":"product_tag","embeddable":true,"href":"https:\/\/brandss.com.py\/index\/wp-json\/wp\/v2\/product_tag?post=61743"}],"curies":[{"name":"wp","href":"https:\/\/api.w.org\/{rel}","templated":true}]}}