{"id":61764,"date":"2024-11-21T14:48:11","date_gmt":"2024-11-21T14:48:11","guid":{"rendered":"https:\/\/brandss.com.py\/index\/?post_type=product&#038;p=61764"},"modified":"2024-11-21T14:48:54","modified_gmt":"2024-11-21T14:48:54","slug":"calzado-deportivo-masculino-adidas-solarboots-5","status":"publish","type":"product","link":"https:\/\/brandss.com.py\/index\/producto\/calzado-deportivo-masculino-adidas-solarboots-5\/","title":{"rendered":"CALZADO DEPORTIVO MASCULINO ADIDAS SOLARBOOTS 5"},"content":{"rendered":"<p><img loading=\"lazy\" decoding=\"async\" class=\"\" src=\"https:\/\/1000marcas.net\/wp-content\/uploads\/2024\/02\/Adidas-Logo-1991.png\" alt=\"Logo de Adidas: la historia y el significado del logotipo, la marca y el  s\u00edmbolo. | png, vector\" width=\"114\" height=\"64\" \/><\/p>\n<h1>SOLARBOOTS 5<\/h1>\n<h3 class=\"subtitle___9ljbp\">Tus calzados favoritos para entrenar y competir, hechas parcialmente con materiales reciclados.<\/h3>\n<p class=\"gl-vspace\">Cualquier salida a correr. Cualquier distancia. Siempre est\u00e1s listo para lograr tus objetivos con las adidas Solarboost 5. Son tus calzados de running para salir a correr a diario y ofrecen todo el soporte, la amortiguaci\u00f3n y la energ\u00eda que necesitas para aumentar tu consistencia o incrementar la distancia a recorrer. La mediasuela BOOST del tal\u00f3n a la punta te devuelve la energ\u00eda que das, y el sistema adidas LEP 2.0 te da un empujoncito extra en cada paso.<\/p>\n<h3 class=\"highlight-text__headline___25B2G\">Producto hecho parcialmente con materiales reciclados<\/h3>\n<p>La parte superior contiene al menos un 50% de materiales reciclados. Este producto representa solo una de nuestras soluciones para ayudar a acabar con los residuos pl\u00e1sticos.<\/p>\n<h3 class=\"highlight-text__headline___25B2G\">Energ\u00eda ilimitada<\/h3>\n<p>La tecnolog\u00eda adidas BOOST de \u00faltima generaci\u00f3n es la m\u00e1s ligera hasta la fecha y te ofrece un mayor retorno de energ\u00eda.<\/p>\n<h3 class=\"highlight-text__headline___25B2G\">adidas LEP 2.0<\/h3>\n<p>La evoluci\u00f3n de nuestro legendario Sistema Torsion. Ajustado a la suela para una zancada con respuesta.<\/p>\n<h3 class=\"highlight-text__headline___25B2G\">Solarboost<\/h3>\n<p>Dise\u00f1ado para competir y entrenar, Solarboost es un calzado de running resistente y receptivo.<\/p>\n<div class=\"accordion__header-text___2o9Im\">\n<h2 class=\"accordion-title___2sTgR\">Tecnolog\u00eda<\/h2>\n<\/div>\n<div class=\"accordion__header-icon___2FuRa\"><\/div>\n<div class=\"accordion__content___29x9h\">\n<div class=\"content-padding___2kVWQ\">\n<div class=\"technologies-section___3gZqW technologies-section--no-img___B_YZF\">\n<div class=\"technologies-content-container--no-img___wNKqW\">\n<h3 class=\"technologies-content-name___kkx_0\">BOOST<\/h3>\n<div class=\"technologies-content-title___moWj6\">Energ\u00eda Ilimitada<\/div>\n<p class=\"technologies-content-subtitle___2bGCf\">La amortiguaci\u00f3n adidas BOOST te proporciona m\u00e1ximo retorno de energ\u00eda y comodidad en cada paso.<\/p>\n<\/div>\n<\/div>\n<div class=\"technologies-section___3gZqW technologies-section--no-img___B_YZF\">\n<div class=\"technologies-content-container--no-img___wNKqW\">\n<h3 class=\"technologies-content-name___kkx_0\">LIGHT BOOST<\/h3>\n<div class=\"technologies-content-title___moWj6\">Energ\u00eda ilimitada, m\u00e1xima ligereza<\/div>\n<p class=\"technologies-content-subtitle___2bGCf\">La nueva generaci\u00f3n de adidas Boost, Light Boost, es 30% m\u00e1s ligera y te ofrece mayor retorno de energ\u00eda.<\/p>\n<div class=\"accordion__header-text___2o9Im\">\n<h2 class=\"accordion-title___2sTgR\">Caracter\u00edsticas<\/h2>\n<\/div>\n<div class=\"accordion__header-icon___2FuRa\"><\/div>\n<div class=\"accordion__content___29x9h\">\n<div class=\"content-padding___2kVWQ\">\n<div class=\"features-section___1pumR\">\n<div class=\"item___1X-1_\"><img decoding=\"async\" class=\"img_with_fallback___2aHBu feature-icon___3S9eQ\" src=\"https:\/\/brand.assets.adidas.com\/image\/upload\/road_24f719a743.png\" alt=\"\" data-auto-id=\"image\" \/><\/p>\n<p class=\"feature-icon-text___3Owgv\">Correr en asfalto<\/p>\n<\/div>\n<div class=\"item___1X-1_\"><img decoding=\"async\" class=\"img_with_fallback___2aHBu feature-icon___3S9eQ\" src=\"https:\/\/brand.assets.adidas.com\/image\/upload\/neutral_16b16d1637.png\" alt=\"\" data-auto-id=\"image\" \/><\/p>\n<p class=\"feature-icon-text___3Owgv\">Neutro<\/p>\n<\/div>\n<div class=\"item___1X-1_\"><img decoding=\"async\" class=\"img_with_fallback___2aHBu feature-icon___3S9eQ\" src=\"https:\/\/brand.assets.adidas.com\/image\/upload\/regular_a176d1f2d6.png\" alt=\"\" data-auto-id=\"image\" \/><\/p>\n<p class=\"feature-icon-text___3Owgv\">Horma cl\u00e1sica Hombre<\/p>\n<\/div>\n<div class=\"special-item___2Ohsx\">\n<h3 class=\"feature-icon-title___v-KQG\">10mm<\/h3>\n<p class=\"feature-icon-summary-small___31Rc0\">Ca\u00edda del tal\u00f3n a la punta<\/p>\n<p class=\"feature-icon-summary-small___31Rc0\">33mm \/ 23mm<\/p>\n<\/div>\n<div class=\"special-item___2Ohsx\">\n<h3 class=\"feature-icon-title___v-KQG\">280g<\/h3>\n<p class=\"feature-icon-summary-small___31Rc0\">Talla UK 8.5<\/p>\n<div class=\"accordion__header-text___2o9Im\">\n<h2 class=\"accordion-title___2sTgR\">Detalles<\/h2>\n<\/div>\n<div class=\"accordion__header-icon___2FuRa\"><\/div>\n<div class=\"accordion__content___29x9h\">\n<div class=\"content-padding___2kVWQ\">\n<div class=\"bullets___3bsSs\" data-auto-id=\"specifications-section\">\n<ul class=\"gl-list\">\n<li class=\"gl-vspace-bpall-small\">Ajuste cl\u00e1sico<\/li>\n<li class=\"gl-vspace-bpall-small\">Sistema de amarre de cordones<\/li>\n<li class=\"gl-vspace-bpall-small\">Parte superior textil<\/li>\n<li class=\"gl-vspace-bpall-small\">Tecnolog\u00eda Light BOOST<\/li>\n<li class=\"gl-vspace-bpall-small\">adidas LEP 2.0<\/li>\n<li class=\"gl-vspace-bpall-small\">Peso: 279 gramos<\/li>\n<li class=\"gl-vspace-bpall-small\">Ca\u00edda mediasuela: 10 mm (tal\u00f3n: 33 mm \/ antepi\u00e9: 23 mm)<\/li>\n<li class=\"gl-vspace-bpall-small\">Suela de caucho Continental\u2122 Rubber<\/li>\n<li class=\"gl-vspace-bpall-small\">La parte superior contiene al menos un 50% de material reciclado<\/li>\n<li class=\"gl-vspace-bpall-small\">Color: Crystal White \/ Grey Five \/ Solar Red<\/li>\n<li class=\"gl-vspace-bpall-small\">Modelo: GW1962<\/li>\n<\/ul>\n<\/div>\n<\/div>\n<\/div>\n<\/div>\n<\/div>\n<\/div>\n<\/div>\n<\/div>\n<\/div>\n<\/div>\n<\/div>\n","protected":false},"excerpt":{"rendered":"<p>SOLARBOOTS 5 Tus calzados favoritos para entrenar y competir, hechas parcialmente con materiales reciclados. Cualquier salida a correr. Cualquier distancia.<\/p>\n","protected":false},"featured_media":61765,"comment_status":"open","ping_status":"closed","template":"","meta":{"nf_dc_page":""},"product_brand":[],"product_cat":[76],"product_tag":[],"class_list":{"0":"post-61764","1":"product","2":"type-product","3":"status-publish","4":"has-post-thumbnail","6":"product_cat-masculino","8":"first","9":"instock","10":"shipping-taxable","11":"purchasable","12":"product-type-simple"},"_links":{"self":[{"href":"https:\/\/brandss.com.py\/index\/wp-json\/wp\/v2\/product\/61764","targetHints":{"allow":["GET"]}}],"collection":[{"href":"https:\/\/brandss.com.py\/index\/wp-json\/wp\/v2\/product"}],"about":[{"href":"https:\/\/brandss.com.py\/index\/wp-json\/wp\/v2\/types\/product"}],"replies":[{"embeddable":true,"href":"https:\/\/brandss.com.py\/index\/wp-json\/wp\/v2\/comments?post=61764"}],"version-history":[{"count":1,"href":"https:\/\/brandss.com.py\/index\/wp-json\/wp\/v2\/product\/61764\/revisions"}],"predecessor-version":[{"id":61776,"href":"https:\/\/brandss.com.py\/index\/wp-json\/wp\/v2\/product\/61764\/revisions\/61776"}],"wp:featuredmedia":[{"embeddable":true,"href":"https:\/\/brandss.com.py\/index\/wp-json\/wp\/v2\/media\/61765"}],"wp:attachment":[{"href":"https:\/\/brandss.com.py\/index\/wp-json\/wp\/v2\/media?parent=61764"}],"wp:term":[{"taxonomy":"product_brand","embeddable":true,"href":"https:\/\/brandss.com.py\/index\/wp-json\/wp\/v2\/product_brand?post=61764"},{"taxonomy":"product_cat","embeddable":true,"href":"https:\/\/brandss.com.py\/index\/wp-json\/wp\/v2\/product_cat?post=61764"},{"taxonomy":"product_tag","embeddable":true,"href":"https:\/\/brandss.com.py\/index\/wp-json\/wp\/v2\/product_tag?post=61764"}],"curies":[{"name":"wp","href":"https:\/\/api.w.org\/{rel}","templated":true}]}}