{"id":61789,"date":"2024-11-21T17:03:38","date_gmt":"2024-11-21T17:03:38","guid":{"rendered":"https:\/\/brandss.com.py\/index\/?post_type=product&#038;p=61789"},"modified":"2024-11-21T17:04:30","modified_gmt":"2024-11-21T17:04:30","slug":"calzado-deportivo-unisex-adidas-superstar-x-kseniaschanider","status":"publish","type":"product","link":"https:\/\/brandss.com.py\/index\/producto\/calzado-deportivo-unisex-adidas-superstar-x-kseniaschanider\/","title":{"rendered":"CALZADO DEPORTIVO UNISEX ADIDAS SUPERSTAR X KSENIASCHANIDER"},"content":{"rendered":"<p><img loading=\"lazy\" decoding=\"async\" class=\"\" src=\"https:\/\/1000marcas.net\/wp-content\/uploads\/2024\/02\/Adidas-Logo-1991.png\" alt=\"Logo de Adidas: la historia y el significado del logotipo, la marca y el  s\u00edmbolo. | png, vector\" width=\"157\" height=\"88\" \/><\/p>\n<h1>SUPERSTAR X KSENIASCHANIDER<\/h1>\n<div class=\"text-content___13aRm\">\n<h3 class=\"subtitle___9ljbp\">Los calzados adidas x KSENIASCHNAIDER reimaginan un cl\u00e1sico.<\/h3>\n<p class=\"gl-vspace\">La marca de ropa ucraniana KSENIASCHNAIDER no se conforma con lo establecido. Defienden la originalidad y buscan abrirse su propio camino. El dise\u00f1o de los adidas Superstar comparten ese esp\u00edritu innovador. Esta colaboraci\u00f3n con KSENIASCHNAIDER realza el dise\u00f1o cl\u00e1sico con el caracter\u00edstico estilo de la marca KS. Conserva detalles como los ojales del modelo original, pero los cordones se han sustituido por un c\u00f3modo cierre con tiras autoadherentes. Los detalles en verde ne\u00f3n de la firma KS complementan detalles imprescindibles como las 3 Franjas. Estos tenis rinden homenaje a tu individualidad y es la continuadora de una saga m\u00edtica.<\/p>\n<div class=\"accordion__content___29x9h\">\n<div class=\"content-padding___2kVWQ\">\n<div class=\"highlights___19JOq\">\n<div class=\"highlights-list___19FSM highlights-list--text-only___2yfW2\">\n<div class=\"highlight___3fa4r\">\n<div class=\"highlight-text___lgoJI\">\n<h3 class=\"highlight-text__headline___25B2G\">Nacidos en las canchas de b\u00e1squet<\/h3>\n<p>Arraigados en el deporte, acogidos por el hip-hop y consolidados como \u00edconos en la actualidad. Una leyenda del deporte y la moda urbana por m\u00e1s de 50 a\u00f1os.<\/p>\n<\/div>\n<\/div>\n<div class=\"highlight___3fa4r\">\n<div class=\"highlight-text___lgoJI\">\n<h3 class=\"highlight-text__headline___25B2G\">Ic\u00f3nica punta con relieve<\/h3>\n<p>Originalmente dise\u00f1ada para proteger los dedos del pie y ahora un detalle que identifica un calzado urbano emblem\u00e1tico. 100 % adidas.<\/p>\n<\/div>\n<\/div>\n<div class=\"highlight___3fa4r\">\n<div class=\"highlight-text___lgoJI\">\n<h3 class=\"highlight-text__headline___25B2G\">Logo KSENIASCHANIDER tipo sticker<\/h3>\n<p>El logotipo de KSENIASCHNAIDER a\u00f1ade un toque de contraste a su silueta.<\/p>\n<div class=\"accordion__header-text___2o9Im\">\n<h2 class=\"accordion-title___2sTgR\">Detalles<\/h2>\n<\/div>\n<div class=\"accordion__content___29x9h\">\n<div class=\"content-padding___2kVWQ\">\n<div class=\"bullets___3bsSs\" data-auto-id=\"specifications-section\">\n<ul class=\"gl-list\">\n<li class=\"gl-vspace-bpall-small\">Ajuste cl\u00e1sico<\/li>\n<li class=\"gl-vspace-bpall-small\">Tiras ajustables de cierre por contacto<\/li>\n<li class=\"gl-vspace-bpall-small\">Exterior de piel<\/li>\n<li class=\"gl-vspace-bpall-small\">Forro interno textil<\/li>\n<li class=\"gl-vspace-bpall-small\">Suela de caucho<\/li>\n<li class=\"gl-vspace-bpall-small\">Color: Cloud White \/ Cloud White \/ Clear Blue<\/li>\n<li class=\"gl-vspace-bpall-small\">Modelo: IG5927<\/li>\n<\/ul>\n<\/div>\n<\/div>\n<\/div>\n<\/div>\n<\/div>\n<\/div>\n<\/div>\n<\/div>\n<\/div>\n<\/div>\n","protected":false},"excerpt":{"rendered":"<p>SUPERSTAR X KSENIASCHANIDER Los calzados adidas x KSENIASCHNAIDER reimaginan un cl\u00e1sico. La marca de ropa ucraniana KSENIASCHNAIDER no se conforma<\/p>\n","protected":false},"featured_media":61790,"comment_status":"open","ping_status":"closed","template":"","meta":{"nf_dc_page":""},"product_brand":[],"product_cat":[73,76],"product_tag":[],"class_list":{"0":"post-61789","1":"product","2":"type-product","3":"status-publish","4":"has-post-thumbnail","6":"product_cat-femenino","7":"product_cat-masculino","9":"first","10":"instock","11":"shipping-taxable","12":"purchasable","13":"product-type-simple"},"_links":{"self":[{"href":"https:\/\/brandss.com.py\/index\/wp-json\/wp\/v2\/product\/61789","targetHints":{"allow":["GET"]}}],"collection":[{"href":"https:\/\/brandss.com.py\/index\/wp-json\/wp\/v2\/product"}],"about":[{"href":"https:\/\/brandss.com.py\/index\/wp-json\/wp\/v2\/types\/product"}],"replies":[{"embeddable":true,"href":"https:\/\/brandss.com.py\/index\/wp-json\/wp\/v2\/comments?post=61789"}],"version-history":[{"count":1,"href":"https:\/\/brandss.com.py\/index\/wp-json\/wp\/v2\/product\/61789\/revisions"}],"predecessor-version":[{"id":61801,"href":"https:\/\/brandss.com.py\/index\/wp-json\/wp\/v2\/product\/61789\/revisions\/61801"}],"wp:featuredmedia":[{"embeddable":true,"href":"https:\/\/brandss.com.py\/index\/wp-json\/wp\/v2\/media\/61790"}],"wp:attachment":[{"href":"https:\/\/brandss.com.py\/index\/wp-json\/wp\/v2\/media?parent=61789"}],"wp:term":[{"taxonomy":"product_brand","embeddable":true,"href":"https:\/\/brandss.com.py\/index\/wp-json\/wp\/v2\/product_brand?post=61789"},{"taxonomy":"product_cat","embeddable":true,"href":"https:\/\/brandss.com.py\/index\/wp-json\/wp\/v2\/product_cat?post=61789"},{"taxonomy":"product_tag","embeddable":true,"href":"https:\/\/brandss.com.py\/index\/wp-json\/wp\/v2\/product_tag?post=61789"}],"curies":[{"name":"wp","href":"https:\/\/api.w.org\/{rel}","templated":true}]}}