{"id":61802,"date":"2024-11-21T17:32:30","date_gmt":"2024-11-21T17:32:30","guid":{"rendered":"https:\/\/brandss.com.py\/index\/?post_type=product&#038;p=61802"},"modified":"2024-11-21T17:33:42","modified_gmt":"2024-11-21T17:33:42","slug":"calzado-deportivo-masculino-adidas-eqt-gazelle","status":"publish","type":"product","link":"https:\/\/brandss.com.py\/index\/producto\/calzado-deportivo-masculino-adidas-eqt-gazelle\/","title":{"rendered":"CALZADO DEPORTIVO MASCULINO ADIDAS EQT GAZELLE"},"content":{"rendered":"<p><img loading=\"lazy\" decoding=\"async\" class=\"\" src=\"https:\/\/1000marcas.net\/wp-content\/uploads\/2024\/02\/Adidas-Logo-1991.png\" alt=\"Logo de Adidas: la historia y el significado del logotipo, la marca y el  s\u00edmbolo. | png, vector\" width=\"84\" height=\"47\" \/><\/p>\n<h1>EQT GAZELLE<\/h1>\n<p>Los calzados universales de hombre Adidas Eqt Gazelle te permiten disfrutar de la comodidad y la libertad todos los d\u00edas. Es un modelo deportivo que hace referencia al dise\u00f1o de los proyectos anteriores de Adidas, a los que se les ha dado un nuevo look. El fabricante se ocup\u00f3 no solo de la satisfacci\u00f3n con la forma, sino que tambi\u00e9n asegur\u00f3 la m\u00e1s alta calidad de mano de obra. La parte superior est\u00e1 hecha de material (tejido), gracias al cual nuestro pie respira libremente. La suela, fabricada con una excelente mezcla de caucho, garantiza una amortiguaci\u00f3n y un buen agarre. La estabilizaci\u00f3n del pie, el ajuste perfecto y la sensaci\u00f3n de comodidad se deben a soluciones t\u00e9cnicas innovadoras. Los zapatos est\u00e1n pensados para ser usados durante la temporada: todo el a\u00f1o. Estilo original, libertad y comodidad as\u00ed es como se puede resumir este modelo de Adidas.<\/p>\n<h3>Detalles:<\/h3>\n<p>Modelo: EE7744<\/p>\n<p class=\" detalle-atributos__tabla\">Color: Blanco<\/p>\n<p class=\" detalle-atributos__tabla\">Tipo de calzado: Calzado deportivo.<\/p>\n<p class=\" detalle-atributos__tabla\">Disciplina: Running<\/p>\n<p class=\" detalle-atributos__tabla\">Altura Ca\u00f1a: Baja<\/p>\n","protected":false},"excerpt":{"rendered":"<p>EQT GAZELLE Los calzados universales de hombre Adidas Eqt Gazelle te permiten disfrutar de la comodidad y la libertad todos<\/p>\n","protected":false},"featured_media":61803,"comment_status":"open","ping_status":"closed","template":"","meta":{"nf_dc_page":""},"product_brand":[],"product_cat":[76],"product_tag":[],"class_list":{"0":"post-61802","1":"product","2":"type-product","3":"status-publish","4":"has-post-thumbnail","6":"product_cat-masculino","8":"first","9":"instock","10":"shipping-taxable","11":"purchasable","12":"product-type-simple"},"_links":{"self":[{"href":"https:\/\/brandss.com.py\/index\/wp-json\/wp\/v2\/product\/61802","targetHints":{"allow":["GET"]}}],"collection":[{"href":"https:\/\/brandss.com.py\/index\/wp-json\/wp\/v2\/product"}],"about":[{"href":"https:\/\/brandss.com.py\/index\/wp-json\/wp\/v2\/types\/product"}],"replies":[{"embeddable":true,"href":"https:\/\/brandss.com.py\/index\/wp-json\/wp\/v2\/comments?post=61802"}],"version-history":[{"count":1,"href":"https:\/\/brandss.com.py\/index\/wp-json\/wp\/v2\/product\/61802\/revisions"}],"predecessor-version":[{"id":61812,"href":"https:\/\/brandss.com.py\/index\/wp-json\/wp\/v2\/product\/61802\/revisions\/61812"}],"wp:featuredmedia":[{"embeddable":true,"href":"https:\/\/brandss.com.py\/index\/wp-json\/wp\/v2\/media\/61803"}],"wp:attachment":[{"href":"https:\/\/brandss.com.py\/index\/wp-json\/wp\/v2\/media?parent=61802"}],"wp:term":[{"taxonomy":"product_brand","embeddable":true,"href":"https:\/\/brandss.com.py\/index\/wp-json\/wp\/v2\/product_brand?post=61802"},{"taxonomy":"product_cat","embeddable":true,"href":"https:\/\/brandss.com.py\/index\/wp-json\/wp\/v2\/product_cat?post=61802"},{"taxonomy":"product_tag","embeddable":true,"href":"https:\/\/brandss.com.py\/index\/wp-json\/wp\/v2\/product_tag?post=61802"}],"curies":[{"name":"wp","href":"https:\/\/api.w.org\/{rel}","templated":true}]}}