{"id":61837,"date":"2024-11-21T19:06:55","date_gmt":"2024-11-21T19:06:55","guid":{"rendered":"https:\/\/brandss.com.py\/index\/?post_type=product&#038;p=61837"},"modified":"2024-11-21T19:07:58","modified_gmt":"2024-11-21T19:07:58","slug":"calzado-deportivo-masculino-adidas-rivalry-low-86","status":"publish","type":"product","link":"https:\/\/brandss.com.py\/index\/producto\/calzado-deportivo-masculino-adidas-rivalry-low-86\/","title":{"rendered":"CALZADO DEPORTIVO MASCULINO ADIDAS RIVALRY LOW 86"},"content":{"rendered":"<p><img loading=\"lazy\" decoding=\"async\" class=\"\" src=\"https:\/\/1000marcas.net\/wp-content\/uploads\/2024\/02\/Adidas-Logo-1991.png\" alt=\"Logo de Adidas: la historia y el significado del logotipo, la marca y el  s\u00edmbolo. | png, vector\" width=\"94\" height=\"53\" \/><\/p>\n<h1>RIVALRY LOW 86<\/h1>\n<h3 class=\"subtitle___9ljbp\">Calzados adidas Rivalry cargadas de estilo universitario.<\/h3>\n<p class=\"gl-vspace\">Alcanza tu m\u00e1ximo potencial con estos calzados adidas Rivalry. Presenta una parte superior de cuero con las 3 Tiras de pelo de poni que rinden homenaje a sus or\u00edgenes en el b\u00e1squet universitario. Unos calzados as\u00ed no se ven todos los d\u00edas, pero querr\u00e1s pon\u00e9rtelas cada d\u00eda. Consigue un estilo retro cuando los uses con unos pantalones deportivos holgados o un polo.<\/p>\n<div class=\"accordion__header-text___2o9Im\">\n<h2 class=\"accordion-title___2sTgR\">Detalles<\/h2>\n<\/div>\n<div class=\"accordion__header-icon___2FuRa\"><\/div>\n<div class=\"accordion__content___29x9h\">\n<div class=\"content-padding___2kVWQ\">\n<div class=\"bullets___3bsSs\" data-auto-id=\"specifications-section\">\n<ul class=\"gl-list\">\n<li class=\"gl-vspace-bpall-small\">Sistema de amarre de pasadores<\/li>\n<li class=\"gl-vspace-bpall-small\">Exterior de cuero<\/li>\n<li class=\"gl-vspace-bpall-small\">Forro interno textil<\/li>\n<li class=\"gl-vspace-bpall-small\">Suela de caucho<\/li>\n<li class=\"gl-vspace-bpall-small\">Color: Off White \/ Clear Sky \/ Orbit Grey<\/li>\n<li class=\"gl-vspace-bpall-small\">Modelo: IE7137<\/li>\n<\/ul>\n<\/div>\n<\/div>\n<\/div>\n","protected":false},"excerpt":{"rendered":"<p>RIVALRY LOW 86 Calzados adidas Rivalry cargadas de estilo universitario. Alcanza tu m\u00e1ximo potencial con estos calzados adidas Rivalry. Presenta<\/p>\n","protected":false},"featured_media":61838,"comment_status":"open","ping_status":"closed","template":"","meta":{"nf_dc_page":""},"product_brand":[],"product_cat":[76],"product_tag":[],"class_list":{"0":"post-61837","1":"product","2":"type-product","3":"status-publish","4":"has-post-thumbnail","6":"product_cat-masculino","8":"first","9":"instock","10":"shipping-taxable","11":"purchasable","12":"product-type-simple"},"_links":{"self":[{"href":"https:\/\/brandss.com.py\/index\/wp-json\/wp\/v2\/product\/61837","targetHints":{"allow":["GET"]}}],"collection":[{"href":"https:\/\/brandss.com.py\/index\/wp-json\/wp\/v2\/product"}],"about":[{"href":"https:\/\/brandss.com.py\/index\/wp-json\/wp\/v2\/types\/product"}],"replies":[{"embeddable":true,"href":"https:\/\/brandss.com.py\/index\/wp-json\/wp\/v2\/comments?post=61837"}],"version-history":[{"count":1,"href":"https:\/\/brandss.com.py\/index\/wp-json\/wp\/v2\/product\/61837\/revisions"}],"predecessor-version":[{"id":61848,"href":"https:\/\/brandss.com.py\/index\/wp-json\/wp\/v2\/product\/61837\/revisions\/61848"}],"wp:featuredmedia":[{"embeddable":true,"href":"https:\/\/brandss.com.py\/index\/wp-json\/wp\/v2\/media\/61838"}],"wp:attachment":[{"href":"https:\/\/brandss.com.py\/index\/wp-json\/wp\/v2\/media?parent=61837"}],"wp:term":[{"taxonomy":"product_brand","embeddable":true,"href":"https:\/\/brandss.com.py\/index\/wp-json\/wp\/v2\/product_brand?post=61837"},{"taxonomy":"product_cat","embeddable":true,"href":"https:\/\/brandss.com.py\/index\/wp-json\/wp\/v2\/product_cat?post=61837"},{"taxonomy":"product_tag","embeddable":true,"href":"https:\/\/brandss.com.py\/index\/wp-json\/wp\/v2\/product_tag?post=61837"}],"curies":[{"name":"wp","href":"https:\/\/api.w.org\/{rel}","templated":true}]}}