{"id":61850,"date":"2024-11-23T11:14:11","date_gmt":"2024-11-23T11:14:11","guid":{"rendered":"https:\/\/brandss.com.py\/index\/?post_type=product&#038;p=61850"},"modified":"2026-04-09T10:44:20","modified_gmt":"2026-04-09T10:44:20","slug":"calzado-deportivo-masculino-adidas-trae-young-1","status":"publish","type":"product","link":"https:\/\/brandss.com.py\/index\/producto\/calzado-deportivo-masculino-adidas-trae-young-1\/","title":{"rendered":"CALZADO DEPORTIVO MASCULINO ADIDAS TRAE YOUNG 1"},"content":{"rendered":"<p><img loading=\"lazy\" decoding=\"async\" class=\"\" src=\"https:\/\/1000marcas.net\/wp-content\/uploads\/2024\/02\/Adidas-Logo-1991.png\" alt=\"Logo de Adidas: la historia y el significado del logotipo, la marca y el  s\u00edmbolo. | png, vector\" width=\"89\" height=\"50\" \/><\/p>\n<h1>TRAE YOUNG 1<\/h1>\n<h3 class=\"subtitle___9ljbp\">adidas Baloncesto x Trae Young<\/h3>\n<p class=\"gl-vspace\">Atrevido, inconformista y con un talento innato para crear jugadas espectaculares, Trae Young define el baloncesto del futuro. Estos nuevos calzados de adidas Baloncesto y Trae Young se han dise\u00f1ado para adaptarse a tu juego veloz y sorpresivo en la cancha. Presentan una mediasuela ultraligera con amortiguaci\u00f3n BOOST y Lightstrike que proporciona un retorno de energ\u00eda incre\u00edble y mayor sujeci\u00f3n y estabilidad. Contiene material reciclado proveniente de retales, residuos de producci\u00f3n y residuos dom\u00e9sticos para reducir el impacto ambiental que conlleva el uso de materiales v\u00edrgenes.<\/p>\n<div class=\"accordion__header-text___2o9Im\">\n<h2 class=\"accordion-title___2sTgR\">Detalles<\/h2>\n<\/div>\n<div class=\"accordion__header-icon___2FuRa\"><\/div>\n<div class=\"accordion__content___29x9h\">\n<div class=\"content-padding___2kVWQ\">\n<div class=\"bullets___3bsSs\" data-auto-id=\"specifications-section\">\n<ul class=\"gl-list\">\n<li class=\"gl-vspace-bpall-small\">Horma cl\u00e1sica<\/li>\n<li class=\"gl-vspace-bpall-small\">Antepi\u00e9 sin cordones<\/li>\n<li class=\"gl-vspace-bpall-small\">Parte superior textil<\/li>\n<li class=\"gl-vspace-bpall-small\">Dise\u00f1o ligero de gran sujeci\u00f3n<\/li>\n<li class=\"gl-vspace-bpall-small\">Tecnolog\u00eda de amortiguaci\u00f3n Lightstrike<\/li>\n<li class=\"gl-vspace-bpall-small\">Mediasuela BOOST<\/li>\n<li class=\"gl-vspace-bpall-small\">Color: Red \/ Bold Gold \/ Team Navy<\/li>\n<li class=\"gl-vspace-bpall-small\">Modelo: GX6815<\/li>\n<\/ul>\n<\/div>\n<\/div>\n<\/div>\n","protected":false},"excerpt":{"rendered":"<p>TRAE YOUNG 1 adidas Baloncesto x Trae Young Atrevido, inconformista y con un talento innato para crear jugadas espectaculares, Trae<\/p>\n","protected":false},"featured_media":61851,"comment_status":"open","ping_status":"closed","template":"","meta":{"nf_dc_page":""},"product_brand":[],"product_cat":[76],"product_tag":[],"class_list":{"0":"post-61850","1":"product","2":"type-product","3":"status-publish","4":"has-post-thumbnail","6":"product_cat-masculino","8":"first","9":"instock","10":"shipping-taxable","11":"purchasable","12":"product-type-simple"},"_links":{"self":[{"href":"https:\/\/brandss.com.py\/index\/wp-json\/wp\/v2\/product\/61850","targetHints":{"allow":["GET"]}}],"collection":[{"href":"https:\/\/brandss.com.py\/index\/wp-json\/wp\/v2\/product"}],"about":[{"href":"https:\/\/brandss.com.py\/index\/wp-json\/wp\/v2\/types\/product"}],"replies":[{"embeddable":true,"href":"https:\/\/brandss.com.py\/index\/wp-json\/wp\/v2\/comments?post=61850"}],"version-history":[{"count":1,"href":"https:\/\/brandss.com.py\/index\/wp-json\/wp\/v2\/product\/61850\/revisions"}],"predecessor-version":[{"id":61859,"href":"https:\/\/brandss.com.py\/index\/wp-json\/wp\/v2\/product\/61850\/revisions\/61859"}],"wp:featuredmedia":[{"embeddable":true,"href":"https:\/\/brandss.com.py\/index\/wp-json\/wp\/v2\/media\/61851"}],"wp:attachment":[{"href":"https:\/\/brandss.com.py\/index\/wp-json\/wp\/v2\/media?parent=61850"}],"wp:term":[{"taxonomy":"product_brand","embeddable":true,"href":"https:\/\/brandss.com.py\/index\/wp-json\/wp\/v2\/product_brand?post=61850"},{"taxonomy":"product_cat","embeddable":true,"href":"https:\/\/brandss.com.py\/index\/wp-json\/wp\/v2\/product_cat?post=61850"},{"taxonomy":"product_tag","embeddable":true,"href":"https:\/\/brandss.com.py\/index\/wp-json\/wp\/v2\/product_tag?post=61850"}],"curies":[{"name":"wp","href":"https:\/\/api.w.org\/{rel}","templated":true}]}}