{"id":61909,"date":"2024-11-23T14:39:56","date_gmt":"2024-11-23T14:39:56","guid":{"rendered":"https:\/\/brandss.com.py\/index\/?post_type=product&#038;p=61909"},"modified":"2025-09-24T17:19:22","modified_gmt":"2025-09-24T17:19:22","slug":"polvo-facial-compacto-miss-rose-super-stay-12h","status":"publish","type":"product","link":"https:\/\/brandss.com.py\/index\/producto\/polvo-facial-compacto-miss-rose-super-stay-12h\/","title":{"rendered":"POLVO FACIAL COMPACTO MISS ROSE SUPER STAY 12H"},"content":{"rendered":"<p><img loading=\"lazy\" decoding=\"async\" class=\"\" src=\"https:\/\/missrose.com.pk\/cdn\/shop\/files\/MIss_Rose_Logo_Finalized_24Aug20_1_9acfb535-1764-4d54-a238-14790ccaecf0.png?v=1727673778&amp;width=600\" alt=\"Miss Rose Official Store \u2013 Miss Rose Com Pk\" width=\"141\" height=\"74\" \/><\/p>\n<h1>SUPER STAY 12H<\/h1>\n<p>\u00bfBuscas los mejores polvos compactos de los que las adictas al maquillaje no se cansan? Te presentamos nuestros polvos compactos Miss Rose 12H Super Stay. Estos polvos matificantes y que controlan el brillo te permiten decir adi\u00f3s al brillo del mediod\u00eda con solo pasar una brocha. Apl\u00edcalos sobre las zonas T grasas, fija el maquillaje y consigue un acabado suave, todo en uno con este maravilloso producto.<\/p>\n<p><strong>Por qu\u00e9 te encantar\u00e1:<\/strong><\/p>\n<p>Miss Rose 12H Super Stay Compact Powder proporciona un acabado de maquillaje perfecto. Se adapta perfectamente a la piel, d\u00e1ndole un aspecto mate y natural. Su textura delicada no crea manchas ni sensaci\u00f3n de pesadez. Se extiende f\u00e1cilmente. Recomendado para todo tipo de piel. El envase viene enriquecido con una esponja y un espejo.<\/p>\n<ul>\n<li>F\u00e1cil de distribuir.<\/li>\n<li>No crea rayas ni manchas.<\/li>\n<li>Equipado con espejo y esponja.<\/li>\n<\/ul>\n<p><strong>Modo de empleo:<\/strong><\/p>\n<p>Aplicar con brocha o esponja facial en todo el rostro, cuello y escote. Util\u00edzalo solo o sobre tu base l\u00edquida.<\/p>\n<p>Modelo: 7003-212N<\/p>\n","protected":false},"excerpt":{"rendered":"<p>SUPER STAY 12H \u00bfBuscas los mejores polvos compactos de los que las adictas al maquillaje no se cansan? Te presentamos<\/p>\n","protected":false},"featured_media":61910,"comment_status":"open","ping_status":"closed","template":"","meta":{"nf_dc_page":""},"product_brand":[221],"product_cat":[95],"product_tag":[259],"class_list":{"0":"post-61909","1":"product","2":"type-product","3":"status-publish","4":"has-post-thumbnail","6":"product_brand-miss-rose","7":"product_cat-maquillaje","8":"product_tag-259","10":"first","11":"instock","12":"shipping-taxable","13":"purchasable","14":"product-type-simple"},"_links":{"self":[{"href":"https:\/\/brandss.com.py\/index\/wp-json\/wp\/v2\/product\/61909","targetHints":{"allow":["GET"]}}],"collection":[{"href":"https:\/\/brandss.com.py\/index\/wp-json\/wp\/v2\/product"}],"about":[{"href":"https:\/\/brandss.com.py\/index\/wp-json\/wp\/v2\/types\/product"}],"replies":[{"embeddable":true,"href":"https:\/\/brandss.com.py\/index\/wp-json\/wp\/v2\/comments?post=61909"}],"version-history":[{"count":2,"href":"https:\/\/brandss.com.py\/index\/wp-json\/wp\/v2\/product\/61909\/revisions"}],"predecessor-version":[{"id":61930,"href":"https:\/\/brandss.com.py\/index\/wp-json\/wp\/v2\/product\/61909\/revisions\/61930"}],"wp:featuredmedia":[{"embeddable":true,"href":"https:\/\/brandss.com.py\/index\/wp-json\/wp\/v2\/media\/61910"}],"wp:attachment":[{"href":"https:\/\/brandss.com.py\/index\/wp-json\/wp\/v2\/media?parent=61909"}],"wp:term":[{"taxonomy":"product_brand","embeddable":true,"href":"https:\/\/brandss.com.py\/index\/wp-json\/wp\/v2\/product_brand?post=61909"},{"taxonomy":"product_cat","embeddable":true,"href":"https:\/\/brandss.com.py\/index\/wp-json\/wp\/v2\/product_cat?post=61909"},{"taxonomy":"product_tag","embeddable":true,"href":"https:\/\/brandss.com.py\/index\/wp-json\/wp\/v2\/product_tag?post=61909"}],"curies":[{"name":"wp","href":"https:\/\/api.w.org\/{rel}","templated":true}]}}