{"id":62115,"date":"2024-11-26T10:48:36","date_gmt":"2024-11-26T10:48:36","guid":{"rendered":"https:\/\/brandss.com.py\/index\/?post_type=product&#038;p=62115"},"modified":"2025-09-24T17:38:01","modified_gmt":"2025-09-24T17:38:01","slug":"base-facial-miss-rose-flawless-silk-foudation-30ml","status":"publish","type":"product","link":"https:\/\/brandss.com.py\/index\/producto\/base-facial-miss-rose-flawless-silk-foudation-30ml\/","title":{"rendered":"BASE FACIAL MISS ROSE FLAWLESS SILK FOUDATION 30ML"},"content":{"rendered":"<p><img loading=\"lazy\" decoding=\"async\" class=\"\" src=\"https:\/\/missroseofficial.com.pk\/cdn\/shop\/files\/download.png?v=1701971620\" alt=\"Miss Rose Official Website \u2013 Miss Rose\u00ae Official Store\" width=\"123\" height=\"64\" \/><\/p>\n<p><span>La <\/span>base Bisagna Miss Rose Flawless Silk Foundation<span> es un producto dise\u00f1ado para proporcionar un acabado de piel impecable y sedoso. Estas son sus caracter\u00edsticas principales:<\/span><\/p>\n<h3><strong><span>Caracter\u00edsticas:<\/span><\/strong><\/h3>\n<ol>\n<li><strong><span>Cobertura:<\/span><\/strong>\n<ul>\n<li><span>Ofrece una cobertura media a alta, ideal para disimular imperfecciones, manchas y poros.<\/span><\/li>\n<li><span>Permite construir capas sin dejar un aspecto pesado.<\/span><\/li>\n<\/ul>\n<\/li>\n<li><strong><span>Textura:<\/span><\/strong>\n<ul>\n<li><span>Su f\u00f3rmula tiene una textura ligera y sedada, que facilita su aplicaci\u00f3n y se siente c\u00f3moda en la piel.<\/span><\/li>\n<\/ul>\n<\/li>\n<li><strong><span>Terminado:<\/span><\/strong>\n<ul>\n<li><span>Proporciona un acabado mate-natural que equilibra el brillo sin resecar, ideal para lucir una piel fresca durante todo el d\u00eda.<\/span><\/li>\n<\/ul>\n<\/li>\n<li><strong><span>Duraci\u00f3n:<\/span><\/strong>\n<ul>\n<li><span>Promete una larga duraci\u00f3n, resistente a la humedad y al desgaste diario.<\/span><\/li>\n<\/ul>\n<\/li>\n<li><strong><span>Tipo de piel:<\/span><\/strong>\n<ul>\n<li><span>Formulada para adaptarse a distintos tipos de piel, especialmente piel normal a grasa.<\/span><\/li>\n<li><span>Contiene ingredientes hidratantes para evitar resequedad.<\/span><\/li>\n<\/ul>\n<\/li>\n<li><strong><span>Tono:<\/span><\/strong>\n<ul>\n<li><span>Disponible en una variedad de tonos que buscan adaptarse a diferentes tonos de piel.<\/span><\/li>\n<\/ul>\n<\/li>\n<li><strong><span>Aplicaci\u00f3n:<\/span><\/strong>\n<ul>\n<li><span>Puede aplicarse con brocha, esponja o directamente con los dedos para un acabado uniforme.<\/span><\/li>\n<\/ul>\n<\/li>\n<li><strong><span>Envase:<\/span><\/strong>\n<ul>\n<li><span>Presentaci\u00f3n elegante y pr\u00e1ctica, dise\u00f1ada para conservar la frescura del producto.<\/span><\/li>\n<\/ul>\n<\/li>\n<\/ol>\n","protected":false},"excerpt":{"rendered":"<p>La base Bisagna Miss Rose Flawless Silk Foundation es un producto dise\u00f1ado para proporcionar un acabado de piel impecable y<\/p>\n","protected":false},"featured_media":62116,"comment_status":"open","ping_status":"closed","template":"","meta":{"nf_dc_page":""},"product_brand":[221],"product_cat":[95],"product_tag":[281],"class_list":{"0":"post-62115","1":"product","2":"type-product","3":"status-publish","4":"has-post-thumbnail","6":"product_brand-miss-rose","7":"product_cat-maquillaje","8":"product_tag-281","10":"first","11":"instock","12":"shipping-taxable","13":"purchasable","14":"product-type-simple"},"_links":{"self":[{"href":"https:\/\/brandss.com.py\/index\/wp-json\/wp\/v2\/product\/62115","targetHints":{"allow":["GET"]}}],"collection":[{"href":"https:\/\/brandss.com.py\/index\/wp-json\/wp\/v2\/product"}],"about":[{"href":"https:\/\/brandss.com.py\/index\/wp-json\/wp\/v2\/types\/product"}],"replies":[{"embeddable":true,"href":"https:\/\/brandss.com.py\/index\/wp-json\/wp\/v2\/comments?post=62115"}],"version-history":[{"count":1,"href":"https:\/\/brandss.com.py\/index\/wp-json\/wp\/v2\/product\/62115\/revisions"}],"predecessor-version":[{"id":62123,"href":"https:\/\/brandss.com.py\/index\/wp-json\/wp\/v2\/product\/62115\/revisions\/62123"}],"wp:featuredmedia":[{"embeddable":true,"href":"https:\/\/brandss.com.py\/index\/wp-json\/wp\/v2\/media\/62116"}],"wp:attachment":[{"href":"https:\/\/brandss.com.py\/index\/wp-json\/wp\/v2\/media?parent=62115"}],"wp:term":[{"taxonomy":"product_brand","embeddable":true,"href":"https:\/\/brandss.com.py\/index\/wp-json\/wp\/v2\/product_brand?post=62115"},{"taxonomy":"product_cat","embeddable":true,"href":"https:\/\/brandss.com.py\/index\/wp-json\/wp\/v2\/product_cat?post=62115"},{"taxonomy":"product_tag","embeddable":true,"href":"https:\/\/brandss.com.py\/index\/wp-json\/wp\/v2\/product_tag?post=62115"}],"curies":[{"name":"wp","href":"https:\/\/api.w.org\/{rel}","templated":true}]}}