{"id":62615,"date":"2024-11-29T14:05:54","date_gmt":"2024-11-29T14:05:54","guid":{"rendered":"https:\/\/brandss.com.py\/index\/?post_type=product&#038;p=62615"},"modified":"2025-09-24T18:13:51","modified_gmt":"2025-09-24T18:13:51","slug":"mascara-capilar-karseell-bnc-con-colageno-de-argan-550ml","status":"publish","type":"product","link":"https:\/\/brandss.com.py\/index\/producto\/mascara-capilar-karseell-bnc-con-colageno-de-argan-550ml\/","title":{"rendered":"M\u00c1SCARA CAPILAR KARSEELL BNC CON COL\u00c1GENO DE ARG\u00c1N 550ML"},"content":{"rendered":"<p><img loading=\"lazy\" decoding=\"async\" class=\"\" src=\"https:\/\/www.karseell.com\/wp-content\/uploads\/2024\/08\/logo.png\" alt=\"karseell official store-Professional hair care products\" width=\"154\" height=\"71\" \/><\/p>\n<p><span>Dile adi\u00f3s al cabello seco y da\u00f1ado y dale la bienvenida a un cabello suave y sedoso con nuestro revolucionario tratamiento capilar. Ya sea que tu cabello sea rizado, liso, grueso o fino, este tratamiento hace maravillas para mejorar la salud y el aspecto general de tu cabello.<\/span><\/p>\n<h3><span>Beneficios clave:<\/span><\/h3>\n<p><strong><span>Hidrataci\u00f3n intensa:<\/span><\/strong><span>\u00a0\u00a0La mezcla de col\u00e1geno y aceite de arg\u00e1n proporciona una hidrataci\u00f3n profunda, garantizando que tu cabello se mantenga hidratado y brillante.<\/span><\/p>\n<p><strong><span>Reparar y fortalecer:<\/span><\/strong><span>\u00a0\u00a0este tratamiento se enfoca en el cabello da\u00f1ado, reparando las puntas abiertas y fortaleciendo cada hebra desde la ra\u00edz hasta las puntas.<img decoding=\"async\" class=\"alignleft\" src=\"https:\/\/www.karseell.com\/wp-content\/uploads\/2024\/08\/Karseell-BNC-Collagen-Hair-550ml.jpg\" \/><\/span><\/p>\n<p><strong><span>Suave y manejable:<\/span><\/strong><span>\u00a0\u00a0Controle el frizz y haga que su cabello sea m\u00e1s manejable con este tratamiento acondicionador, perfecto para el uso diario.<\/span><\/p>\n<p><strong><span>Todo tipo de cabello:<\/span><\/strong><span>\u00a0\u00a0adecuado para todo tipo y textura de cabello, lo que garantiza que todos puedan experimentar los beneficios de la f\u00f3rmula \u00fanica de KARSEELL.<\/span><\/p>\n<p><strong><span>Volumen y brillo:<\/span><\/strong><span>\u00a0\u00a0aumenta el volumen natural de tu cabello y a\u00f1ade un brillo radiante que llamar\u00e1 la atenci\u00f3n dondequiera que vayas.<\/span><\/p>\n<h3><span>Caracter\u00edsticas:<\/span><\/h3>\n<p><strong><span>Con col\u00e1geno:<\/span><\/strong><span>\u00a0\u00a0enriquece tu cabello con el poder del col\u00e1geno, conocido por su capacidad para reparar y rejuvenecer.<\/span><\/p>\n<p><strong><span>Magia del aceite de arg\u00e1n:<\/span><\/strong><span>\u00a0\u00a0Acondicionamiento profundo con aceite de arg\u00e1n, a menudo conocido como \u201coro l\u00edquido\u201d, por sus propiedades hidratantes y suavizantes.<\/span><\/p>\n<p><strong><span>F\u00e1cil aplicaci\u00f3n:<\/span><\/strong><span>\u00a0\u00a0F\u00e1cil de usar: solo apl\u00edquelo despu\u00e9s del champ\u00fa, d\u00e9jelo actuar unos minutos y enjuague para obtener resultados instant\u00e1neos.<\/span><\/p>\n<p><strong><span>Tama\u00f1o generoso:<\/span><\/strong><span>\u00a0\u00a0con 18,6 oz (550 ml), obtiene suficiente producto para garantizar beneficios duraderos.<\/span><\/p>\n<h3><span>Modo de empleo:<img loading=\"lazy\" decoding=\"async\" class=\"alignright\" src=\"https:\/\/www.karseell.com\/wp-content\/uploads\/2024\/08\/Karseell-BNC-Collagen-Hair-550ml-6.jpg\" width=\"650\" height=\"402\" \/><\/span><\/h3>\n<p><span>L\u00e1vate el cabello con champ\u00fa como de costumbre.<\/span><\/p>\n<p><span>Aplique una cantidad generosa de tratamiento capilar con col\u00e1geno KARSEELL BNC sobre el cabello mojado.<\/span><\/p>\n<p><span>Masajea suavemente el cuero cabelludo y a lo largo del cabello.<\/span><\/p>\n<p><span>D\u00e9jalo actuar durante 3-5 minutos para permitir que los nutrientes penetren.<\/span><\/p>\n<p><span>Enjuague bien con agua tibia.<\/span><\/p>\n<p><span>No dejes de transformar tu cabello con el tratamiento capilar con col\u00e1geno BNC de KARSEELL. Perfecto para combatir la sequedad, el da\u00f1o y el frizz, este tratamiento es un complemento imprescindible para tu rutina de cuidado capilar. Adem\u00e1s, \u00a1disfruta de nuestra oferta de aceite con gran descuento si compras ahora!<\/span><\/p>\n<h3><span>\u00bfEst\u00e1s listo para revitalizar tu cabello?<\/span><\/h3>\n<p><span>\u00a1Descubre hoy la magia del tratamiento con col\u00e1geno y arg\u00e1n de Karssell! Haz clic en &#8220;A\u00f1adir al carrito&#8221; y dale a tu cabello el cari\u00f1o que se merece con el tratamiento con col\u00e1geno MACA de KARSEELL.<\/span><\/p>\n<p><span>Experimente la diferencia. Vuelva a amar su cabello.<\/span><\/p>\n","protected":false},"excerpt":{"rendered":"<p>Dile adi\u00f3s al cabello seco y da\u00f1ado y dale la bienvenida a un cabello suave y sedoso con nuestro revolucionario<\/p>\n","protected":false},"featured_media":62616,"comment_status":"open","ping_status":"closed","template":"","meta":{"nf_dc_page":""},"product_brand":[115],"product_cat":[85],"product_tag":[331],"class_list":{"0":"post-62615","1":"product","2":"type-product","3":"status-publish","4":"has-post-thumbnail","6":"product_brand-karseell","7":"product_cat-cosmeticos","8":"product_tag-331","10":"first","11":"instock","12":"shipping-taxable","13":"purchasable","14":"product-type-simple"},"_links":{"self":[{"href":"https:\/\/brandss.com.py\/index\/wp-json\/wp\/v2\/product\/62615","targetHints":{"allow":["GET"]}}],"collection":[{"href":"https:\/\/brandss.com.py\/index\/wp-json\/wp\/v2\/product"}],"about":[{"href":"https:\/\/brandss.com.py\/index\/wp-json\/wp\/v2\/types\/product"}],"replies":[{"embeddable":true,"href":"https:\/\/brandss.com.py\/index\/wp-json\/wp\/v2\/comments?post=62615"}],"version-history":[{"count":1,"href":"https:\/\/brandss.com.py\/index\/wp-json\/wp\/v2\/product\/62615\/revisions"}],"predecessor-version":[{"id":62622,"href":"https:\/\/brandss.com.py\/index\/wp-json\/wp\/v2\/product\/62615\/revisions\/62622"}],"wp:featuredmedia":[{"embeddable":true,"href":"https:\/\/brandss.com.py\/index\/wp-json\/wp\/v2\/media\/62616"}],"wp:attachment":[{"href":"https:\/\/brandss.com.py\/index\/wp-json\/wp\/v2\/media?parent=62615"}],"wp:term":[{"taxonomy":"product_brand","embeddable":true,"href":"https:\/\/brandss.com.py\/index\/wp-json\/wp\/v2\/product_brand?post=62615"},{"taxonomy":"product_cat","embeddable":true,"href":"https:\/\/brandss.com.py\/index\/wp-json\/wp\/v2\/product_cat?post=62615"},{"taxonomy":"product_tag","embeddable":true,"href":"https:\/\/brandss.com.py\/index\/wp-json\/wp\/v2\/product_tag?post=62615"}],"curies":[{"name":"wp","href":"https:\/\/api.w.org\/{rel}","templated":true}]}}