{"id":62623,"date":"2024-11-29T14:49:28","date_gmt":"2024-11-29T14:49:28","guid":{"rendered":"https:\/\/brandss.com.py\/index\/?post_type=product&#038;p=62623"},"modified":"2025-09-20T13:24:51","modified_gmt":"2025-09-20T13:24:51","slug":"mascara-capilar-karseell-bnc-con-colageno-de-argan-500ml-refil","status":"publish","type":"product","link":"https:\/\/brandss.com.py\/index\/producto\/mascara-capilar-karseell-bnc-con-colageno-de-argan-500ml-refil\/","title":{"rendered":"M\u00c1SCARA CAPILAR KARSEELL BNC CON COL\u00c1GENO DE ARG\u00c1N 500ML REFIL"},"content":{"rendered":"<p><img loading=\"lazy\" decoding=\"async\" class=\"\" src=\"https:\/\/www.karseell.com\/wp-content\/uploads\/2024\/08\/logo.png\" alt=\"karseell official store-Professional hair care products\" width=\"126\" height=\"58\" \/><\/p>\n<p>La M\u00e1scara Capilar Karseell BNC Argan Collagen Treatment Refill 500ML es el tratamiento ideal para revitalizar y nutrir tu cabello. Formulada con aceite de arg\u00e1n y col\u00e1geno, esta m\u00e1scara proporciona hidrataci\u00f3n profunda, restaurando la suavidad y el brillo.<\/p>\n<p>&nbsp;<\/p>\n<p><img loading=\"lazy\" decoding=\"async\" class=\"alignleft\" src=\"https:\/\/www.karseell.com\/wp-content\/uploads\/2024\/08\/Karseell-Hair-Treatment-Conditioner-1.jpg\" width=\"286\" height=\"336\" \/><\/p>\n<p>Perfecta para todo\u00a0tipo de cabello, ayuda a reparar da\u00f1os, reducir el frizz y mejorar la elasticidad. Disfruta de un cabello saludable y radiante con Karseell BNC.<\/p>\n<p>\u00a1Transforma tu rutina de cuidado capilar hoy mismo!<\/p>\n","protected":false},"excerpt":{"rendered":"<p>La M\u00e1scara Capilar Karseell BNC Argan Collagen Treatment Refill 500ML es el tratamiento ideal para revitalizar y nutrir tu cabello.<\/p>\n","protected":false},"featured_media":62624,"comment_status":"open","ping_status":"closed","template":"","meta":{"nf_dc_page":""},"product_brand":[115],"product_cat":[85],"product_tag":[],"class_list":{"0":"post-62623","1":"product","2":"type-product","3":"status-publish","4":"has-post-thumbnail","6":"product_brand-karseell","7":"product_cat-cosmeticos","9":"first","10":"instock","11":"shipping-taxable","12":"purchasable","13":"product-type-simple"},"_links":{"self":[{"href":"https:\/\/brandss.com.py\/index\/wp-json\/wp\/v2\/product\/62623","targetHints":{"allow":["GET"]}}],"collection":[{"href":"https:\/\/brandss.com.py\/index\/wp-json\/wp\/v2\/product"}],"about":[{"href":"https:\/\/brandss.com.py\/index\/wp-json\/wp\/v2\/types\/product"}],"replies":[{"embeddable":true,"href":"https:\/\/brandss.com.py\/index\/wp-json\/wp\/v2\/comments?post=62623"}],"version-history":[{"count":1,"href":"https:\/\/brandss.com.py\/index\/wp-json\/wp\/v2\/product\/62623\/revisions"}],"predecessor-version":[{"id":62635,"href":"https:\/\/brandss.com.py\/index\/wp-json\/wp\/v2\/product\/62623\/revisions\/62635"}],"wp:featuredmedia":[{"embeddable":true,"href":"https:\/\/brandss.com.py\/index\/wp-json\/wp\/v2\/media\/62624"}],"wp:attachment":[{"href":"https:\/\/brandss.com.py\/index\/wp-json\/wp\/v2\/media?parent=62623"}],"wp:term":[{"taxonomy":"product_brand","embeddable":true,"href":"https:\/\/brandss.com.py\/index\/wp-json\/wp\/v2\/product_brand?post=62623"},{"taxonomy":"product_cat","embeddable":true,"href":"https:\/\/brandss.com.py\/index\/wp-json\/wp\/v2\/product_cat?post=62623"},{"taxonomy":"product_tag","embeddable":true,"href":"https:\/\/brandss.com.py\/index\/wp-json\/wp\/v2\/product_tag?post=62623"}],"curies":[{"name":"wp","href":"https:\/\/api.w.org\/{rel}","templated":true}]}}