{"id":62636,"date":"2024-11-29T16:54:51","date_gmt":"2024-11-29T16:54:51","guid":{"rendered":"https:\/\/brandss.com.py\/index\/?post_type=product&#038;p=62636"},"modified":"2026-02-13T10:59:42","modified_gmt":"2026-02-13T10:59:42","slug":"tratamiento-alisador-capilar-karseell-bnc-collagen-keratin-straightening-500ml","status":"publish","type":"product","link":"https:\/\/brandss.com.py\/index\/producto\/tratamiento-alisador-capilar-karseell-bnc-collagen-keratin-straightening-500ml\/","title":{"rendered":"TRATAMIENTO ALISADOR CAPILAR KARSEELL BNC COLLAGEN KERATIN STRAIGHTENING 500ML"},"content":{"rendered":"<p><img loading=\"lazy\" decoding=\"async\" class=\"\" src=\"https:\/\/www.karseell.com\/wp-content\/uploads\/2024\/08\/logo.png\" alt=\"karseell official store-Professional hair care products\" width=\"137\" height=\"63\" \/><\/p>\n<p>Descubre el Condicionador Karseell BNC Keratin, ideal para revitalizar y nutrir tu cabello. Formulado con queratina, este acondicionador repara y fortalece cada hebra, dej\u00e1ndola suave y manejable. Perfecto para cabellos da\u00f1ados y tratados qu\u00edmicamente, proporciona hidrataci\u00f3n profunda y brillo duradero. Mejora la salud capilar y facilita el peinado.<\/p>\n<p>\u00a1Transforma tu rutina de cuidado del cabello con Karseell BNC Keratin!<\/p>\n<h5>CABELLO SUAVE, BRILLANTE Y SEDOSO:<\/h5>\n<p>El tratamiento de queratina brasile\u00f1a Karseell con aceites de arg\u00e1n marroqu\u00edes y col\u00e1geno dejar\u00e1 tu cabello liso y suave para un brillo de belleza natural m\u00e1ximo. Nota: Este producto no puede ser utilizado por mujeres embarazadas.<\/p>\n<h5>CABELLO SECO DA\u00d1ADO Y RECUPERADOR ULTRA:<\/h5>\n<p>El tratamiento de terapia renovadora enriquecido con complejo de queratina restaura e hidrata el cabello te\u00f1ido y seco da\u00f1ado para recuperar la salud.<\/p>\n<p><img decoding=\"async\" class=\"alignleft\" src=\"https:\/\/www.cosmeticconnection.co.za\/cdn\/shop\/files\/KA01-0013_2.jpg?v=1710501512&amp;width=530\" \/><\/p>\n<h5>F\u00d3RMULA SEGURA:<\/h5>\n<p>El acondicionador de queratina Karseell utiliza una f\u00f3rmula segura sin sulfatos, sin parabenos y sin crueldad animal. Funciona para texturas de cabello lacio, ondulado y normal. Producto hidratante que no deja el cabello fino y delgado pesado.<\/p>\n<h5>HIDRATACI\u00d3N PROFUNDA Y DURADERA:<\/h5>\n<p>&nbsp;<\/p>\n<p>l tratamiento de queratina brasile\u00f1a hidratante y de hidrataci\u00f3n duradera le da a tu melena una nutrici\u00f3n profesional. Excelente cuidado reparador para cabello decolorado y te\u00f1ido.<\/p>\n<h5>CONTROL AVANZADO DEL ENCRESPAMIENTO:<\/h5>\n<p>&nbsp;<\/p>\n<p>La soluci\u00f3n avanzada para el control del encrespamiento alivia el encrespamiento del cabello, junto con un potenciador y fortalecedor de rizos que ayuda a que el cabello sea manejable para un peinado m\u00e1s suave.<\/p>\n","protected":false},"excerpt":{"rendered":"<p>Descubre el Condicionador Karseell BNC Keratin, ideal para revitalizar y nutrir tu cabello. Formulado con queratina, este acondicionador repara y<\/p>\n","protected":false},"featured_media":62637,"comment_status":"open","ping_status":"closed","template":"","meta":{"nf_dc_page":""},"product_brand":[115],"product_cat":[85],"product_tag":[332],"class_list":{"0":"post-62636","1":"product","2":"type-product","3":"status-publish","4":"has-post-thumbnail","6":"product_brand-karseell","7":"product_cat-cosmeticos","8":"product_tag-332","10":"first","11":"instock","12":"shipping-taxable","13":"purchasable","14":"product-type-simple"},"_links":{"self":[{"href":"https:\/\/brandss.com.py\/index\/wp-json\/wp\/v2\/product\/62636","targetHints":{"allow":["GET"]}}],"collection":[{"href":"https:\/\/brandss.com.py\/index\/wp-json\/wp\/v2\/product"}],"about":[{"href":"https:\/\/brandss.com.py\/index\/wp-json\/wp\/v2\/types\/product"}],"replies":[{"embeddable":true,"href":"https:\/\/brandss.com.py\/index\/wp-json\/wp\/v2\/comments?post=62636"}],"version-history":[{"count":2,"href":"https:\/\/brandss.com.py\/index\/wp-json\/wp\/v2\/product\/62636\/revisions"}],"predecessor-version":[{"id":75000,"href":"https:\/\/brandss.com.py\/index\/wp-json\/wp\/v2\/product\/62636\/revisions\/75000"}],"wp:featuredmedia":[{"embeddable":true,"href":"https:\/\/brandss.com.py\/index\/wp-json\/wp\/v2\/media\/62637"}],"wp:attachment":[{"href":"https:\/\/brandss.com.py\/index\/wp-json\/wp\/v2\/media?parent=62636"}],"wp:term":[{"taxonomy":"product_brand","embeddable":true,"href":"https:\/\/brandss.com.py\/index\/wp-json\/wp\/v2\/product_brand?post=62636"},{"taxonomy":"product_cat","embeddable":true,"href":"https:\/\/brandss.com.py\/index\/wp-json\/wp\/v2\/product_cat?post=62636"},{"taxonomy":"product_tag","embeddable":true,"href":"https:\/\/brandss.com.py\/index\/wp-json\/wp\/v2\/product_tag?post=62636"}],"curies":[{"name":"wp","href":"https:\/\/api.w.org\/{rel}","templated":true}]}}