{"id":62645,"date":"2024-11-29T17:41:31","date_gmt":"2024-11-29T17:41:31","guid":{"rendered":"https:\/\/brandss.com.py\/index\/?post_type=product&#038;p=62645"},"modified":"2025-09-24T18:14:26","modified_gmt":"2025-09-24T18:14:26","slug":"shampoo-karseell-bnc-argan-nourishing-500ml","status":"publish","type":"product","link":"https:\/\/brandss.com.py\/index\/producto\/shampoo-karseell-bnc-argan-nourishing-500ml\/","title":{"rendered":"SHAMPOO KARSEELL BNC ARG\u00c1N NOURISHING 500ML"},"content":{"rendered":"<p><img loading=\"lazy\" decoding=\"async\" class=\"\" src=\"https:\/\/www.karseell.com\/wp-content\/uploads\/2024\/08\/logo.png\" alt=\"karseell official store-Professional hair care products\" width=\"146\" height=\"67\" \/><\/p>\n<p>El Champ\u00fa Karseell BNC Argan es un tratamiento capilar de alta calidad dise\u00f1ado para proporcionar una limpieza profunda mientras hidrata y nutre el cabello desde la ra\u00edz hasta las puntas. Enriquecido con aceite de arg\u00e1n, conocido por sus poderosas propiedades hidratantes y reparadoras, este champ\u00fa es ideal para cabellos secos, da\u00f1ados y tratados qu\u00edmicamente que necesitan una dosis extra de hidrataci\u00f3n y nutrici\u00f3n.<\/p>\n<p>El aceite de arg\u00e1n, tambi\u00e9n llamado \u201coro l\u00edquido\u201d, es rico en vitamina E, antioxidantes y \u00e1cidos grasos esenciales, que ayudan a reparar y revitalizar el cabello da\u00f1ado, devolviendo el brillo y la suavidad natural al cabello. Este champ\u00fa hidrata profundamente el cuero cabelludo, evitando la sequedad y el encrespamiento, lo que lo convierte en una opci\u00f3n excelente para quienes buscan un cabello suave, manejable y saludable.<img loading=\"lazy\" decoding=\"async\" class=\"alignleft\" src=\"https:\/\/sc04.alicdn.com\/kf\/H8adee3fa48c749b199b68671498234e4E\/225118187\/H8adee3fa48c749b199b68671498234e4E.jpg\" width=\"540\" height=\"816\" \/><\/p>\n<p>El Champ\u00fa Karseell BNC Argan no solo limpia eficazmente el cabello, eliminando las impurezas y los residuos de productos, sino que tambi\u00e9n protege contra los da\u00f1os ambientales, incluidos los rayos UV y la contaminaci\u00f3n. Su f\u00f3rmula est\u00e1 dise\u00f1ada para proteger el cabello de los da\u00f1os causados por el calor, lo que lo convierte en un excelente aliado para quienes usan regularmente secadores, planchas o rizadores. El aceite de arg\u00e1n act\u00faa como una barrera protectora que mantiene el cabello hidratado y lo protege de la decoloraci\u00f3n y el desgaste provocado por la exposici\u00f3n diaria.<\/p>\n<p>Adem\u00e1s de sus propiedades hidratantes, este champ\u00fa tambi\u00e9n contiene ingredientes que mejoran la estructura del cabello, haci\u00e9ndolo m\u00e1s fuerte y resistente a la rotura. El Champ\u00fa Karseell BNC Argan es especialmente beneficioso para cabellos te\u00f1idos o tratados qu\u00edmicamente, ya que ayuda a mantener el color vibrante por m\u00e1s tiempo y a reparar los da\u00f1os causados por los tratamientos de coloraci\u00f3n.<\/p>\n<p>Otro de los aspectos destacados de este champ\u00fa es su fragancia encantadora de inspiraci\u00f3n italiana, que deja el cabello con un aroma agradable y duradero, sin ser abrumador. Al ser libre de sulfatos y parabenos, garantiza una limpieza suave y respetuosa con el cabello y el cuero cabelludo, sin eliminar los aceites naturales esenciales para mantenerlo saludable.<\/p>\n<p>Con el uso regular, el Champ\u00fa Karseell BNC Argan transforma el cabello seco y da\u00f1ado, dej\u00e1ndolo m\u00e1s suave, brillante y f\u00e1cil de manejar. Su f\u00f3rmula ligera no deja residuos grasos, lo que permite que el cabello se vea y se sienta fresco y limpio durante m\u00e1s tiempo. Este champ\u00fa es adecuado para todo tipo de cabello, pero sus beneficios son particularmente notables en cabellos que necesitan una nutrici\u00f3n extra y una reparaci\u00f3n intensiva.<\/p>\n","protected":false},"excerpt":{"rendered":"<p>El Champ\u00fa Karseell BNC Argan es un tratamiento capilar de alta calidad dise\u00f1ado para proporcionar una limpieza profunda mientras hidrata<\/p>\n","protected":false},"featured_media":62646,"comment_status":"open","ping_status":"closed","template":"","meta":{"nf_dc_page":""},"product_brand":[115],"product_cat":[85],"product_tag":[333],"class_list":{"0":"post-62645","1":"product","2":"type-product","3":"status-publish","4":"has-post-thumbnail","6":"product_brand-karseell","7":"product_cat-cosmeticos","8":"product_tag-333","10":"first","11":"instock","12":"shipping-taxable","13":"purchasable","14":"product-type-simple"},"_links":{"self":[{"href":"https:\/\/brandss.com.py\/index\/wp-json\/wp\/v2\/product\/62645","targetHints":{"allow":["GET"]}}],"collection":[{"href":"https:\/\/brandss.com.py\/index\/wp-json\/wp\/v2\/product"}],"about":[{"href":"https:\/\/brandss.com.py\/index\/wp-json\/wp\/v2\/types\/product"}],"replies":[{"embeddable":true,"href":"https:\/\/brandss.com.py\/index\/wp-json\/wp\/v2\/comments?post=62645"}],"version-history":[{"count":1,"href":"https:\/\/brandss.com.py\/index\/wp-json\/wp\/v2\/product\/62645\/revisions"}],"predecessor-version":[{"id":62653,"href":"https:\/\/brandss.com.py\/index\/wp-json\/wp\/v2\/product\/62645\/revisions\/62653"}],"wp:featuredmedia":[{"embeddable":true,"href":"https:\/\/brandss.com.py\/index\/wp-json\/wp\/v2\/media\/62646"}],"wp:attachment":[{"href":"https:\/\/brandss.com.py\/index\/wp-json\/wp\/v2\/media?parent=62645"}],"wp:term":[{"taxonomy":"product_brand","embeddable":true,"href":"https:\/\/brandss.com.py\/index\/wp-json\/wp\/v2\/product_brand?post=62645"},{"taxonomy":"product_cat","embeddable":true,"href":"https:\/\/brandss.com.py\/index\/wp-json\/wp\/v2\/product_cat?post=62645"},{"taxonomy":"product_tag","embeddable":true,"href":"https:\/\/brandss.com.py\/index\/wp-json\/wp\/v2\/product_tag?post=62645"}],"curies":[{"name":"wp","href":"https:\/\/api.w.org\/{rel}","templated":true}]}}