{"id":62664,"date":"2024-11-29T19:03:56","date_gmt":"2024-11-29T19:03:56","guid":{"rendered":"https:\/\/brandss.com.py\/index\/?post_type=product&#038;p=62664"},"modified":"2025-09-24T18:15:00","modified_gmt":"2025-09-24T18:15:00","slug":"acondicionador-capilar-karseell-bnc-argan-super-detangler-500ml","status":"publish","type":"product","link":"https:\/\/brandss.com.py\/index\/producto\/acondicionador-capilar-karseell-bnc-argan-super-detangler-500ml\/","title":{"rendered":"ACONDICIONADOR CAPILAR KARSEELL BNC ARG\u00c1N SUPER DETANGLER 500ML"},"content":{"rendered":"<p><img loading=\"lazy\" decoding=\"async\" class=\"\" src=\"https:\/\/www.karseell.com\/wp-content\/uploads\/2024\/08\/logo.png\" alt=\"karseell official store-Professional hair care products\" width=\"143\" height=\"66\" \/><\/p>\n<p>El Acondicionador Karseell BNC Argan es un tratamiento capilar intensivo formulado para hidratar profundamente, reparar y proteger el cabello seco y da\u00f1ado. Enriquecido con aceite de arg\u00e1n, conocido por sus propiedades altamente nutritivas e hidratantes, este acondicionador restaura la suavidad y el brillo natural del cabello, haci\u00e9ndolo m\u00e1s manejable y saludable desde la primera aplicaci\u00f3n.<\/p>\n<p>El aceite de arg\u00e1n, tambi\u00e9n conocido como \u201coro l\u00edquido\u201d, es famoso por su capacidad para nutrir profundamente cada hebra de cabello, aportando una hidrataci\u00f3n intensa que combate la sequedad y el encrespamiento. Rico en vitamina E y \u00e1cidos grasos esenciales, el aceite de arg\u00e1n ayuda a reparar las puntas abiertas, mejorando la elasticidad del cabello y dej\u00e1ndolo suave y brillante. Este acondicionador act\u00faa como un reparador natural, protegiendo el cabello de los da\u00f1os causados por factores ambientales como el calor, los rayos UV y la contaminaci\u00f3n.<br \/>\n<img loading=\"lazy\" decoding=\"async\" class=\"alignleft\" src=\"https:\/\/s.alicdn.com\/@sc04\/kf\/Ad0d718ebf7bd429a922528e20bbc3460P.png_720x720q50.jpg\" width=\"583\" height=\"583\" \/><br \/>\nEl Acondicionador Karseell BNC Argan no solo hidrata y nutre el cabello en profundidad, sino que tambi\u00e9n mejora la estructura capilar, haciendo que el cabello sea m\u00e1s fuerte y resistente a la rotura. Al estar formulado con ingredientes nutritivos y fortificantes, este acondicionador restaura la salud del cabello da\u00f1ado por el uso de herramientas t\u00e9rmicas o tratamientos qu\u00edmicos, ayudando a prevenir futuros da\u00f1os.<\/p>\n<p>La f\u00f3rmula ligera del acondicionador facilita su absorci\u00f3n r\u00e1pida, sin dejar residuos grasos ni pesados. Al usarlo regularmente, notar\u00e1s que el cabello se vuelve m\u00e1s manejable y f\u00e1cil de peinar, reduciendo el frizz y el encrespamiento. Su acci\u00f3n desenredante tambi\u00e9n asegura que el cabello est\u00e9 m\u00e1s suave, facilitando el peinado y dejando una sensaci\u00f3n sedosa durante todo el d\u00eda.<\/p>\n<p>Este acondicionador es adecuado para todo tipo de cabello, pero es especialmente beneficioso para aquellos con cabello seco, da\u00f1ado o te\u00f1ido que necesitan una hidrataci\u00f3n extra y una reparaci\u00f3n intensiva. La f\u00f3rmula libre de sulfatos y parabenos garantiza una experiencia de cuidado capilar m\u00e1s suave y natural, sin exponer el cabello a productos qu\u00edmicos agresivos. Adem\u00e1s, el Acondicionador Karseell BNC Argan tambi\u00e9n ayuda a mantener el color del cabello te\u00f1ido por m\u00e1s tiempo, preservando su brillo y vitalidad.<\/p>\n<p>Su fragancia de f\u00f3rmula italiana, suave pero duradera, a\u00f1ade un toque extra de frescura y sofisticaci\u00f3n a tu rutina de cuidado capilar, haciendo que el cabello huela fresco y limpio durante todo el d\u00eda.<\/p>\n","protected":false},"excerpt":{"rendered":"<p>El Acondicionador Karseell BNC Argan es un tratamiento capilar intensivo formulado para hidratar profundamente, reparar y proteger el cabello seco<\/p>\n","protected":false},"featured_media":62665,"comment_status":"open","ping_status":"closed","template":"","meta":{"nf_dc_page":""},"product_brand":[115],"product_cat":[85],"product_tag":[335],"class_list":{"0":"post-62664","1":"product","2":"type-product","3":"status-publish","4":"has-post-thumbnail","6":"product_brand-karseell","7":"product_cat-cosmeticos","8":"product_tag-335","10":"first","11":"instock","12":"shipping-taxable","13":"purchasable","14":"product-type-simple"},"_links":{"self":[{"href":"https:\/\/brandss.com.py\/index\/wp-json\/wp\/v2\/product\/62664","targetHints":{"allow":["GET"]}}],"collection":[{"href":"https:\/\/brandss.com.py\/index\/wp-json\/wp\/v2\/product"}],"about":[{"href":"https:\/\/brandss.com.py\/index\/wp-json\/wp\/v2\/types\/product"}],"replies":[{"embeddable":true,"href":"https:\/\/brandss.com.py\/index\/wp-json\/wp\/v2\/comments?post=62664"}],"version-history":[{"count":2,"href":"https:\/\/brandss.com.py\/index\/wp-json\/wp\/v2\/product\/62664\/revisions"}],"predecessor-version":[{"id":62676,"href":"https:\/\/brandss.com.py\/index\/wp-json\/wp\/v2\/product\/62664\/revisions\/62676"}],"wp:featuredmedia":[{"embeddable":true,"href":"https:\/\/brandss.com.py\/index\/wp-json\/wp\/v2\/media\/62665"}],"wp:attachment":[{"href":"https:\/\/brandss.com.py\/index\/wp-json\/wp\/v2\/media?parent=62664"}],"wp:term":[{"taxonomy":"product_brand","embeddable":true,"href":"https:\/\/brandss.com.py\/index\/wp-json\/wp\/v2\/product_brand?post=62664"},{"taxonomy":"product_cat","embeddable":true,"href":"https:\/\/brandss.com.py\/index\/wp-json\/wp\/v2\/product_cat?post=62664"},{"taxonomy":"product_tag","embeddable":true,"href":"https:\/\/brandss.com.py\/index\/wp-json\/wp\/v2\/product_tag?post=62664"}],"curies":[{"name":"wp","href":"https:\/\/api.w.org\/{rel}","templated":true}]}}