{"id":62688,"date":"2024-11-30T12:38:16","date_gmt":"2024-11-30T12:38:16","guid":{"rendered":"https:\/\/brandss.com.py\/index\/?post_type=product&#038;p=62688"},"modified":"2024-11-30T12:44:09","modified_gmt":"2024-11-30T12:44:09","slug":"teclado-inteligente-coteci-bt-portatil","status":"publish","type":"product","link":"https:\/\/brandss.com.py\/index\/producto\/teclado-inteligente-coteci-bt-portatil\/","title":{"rendered":"TECLADO INTELIGENTE COTECI BT PORT\u00c1TIL"},"content":{"rendered":"<p><img loading=\"lazy\" decoding=\"async\" class=\"\" src=\"https:\/\/static-01.daraz.com.np\/other\/shop\/a34edc99473f25314c9deb3eb43a3fc1.png\" alt=\"COTECI Magnetic Wireless Phone Cooler for Gaming with RGB Lights Cellphone  Radiator | Daraz.com.np\" width=\"82\" height=\"82\" \/><\/p>\n<p><span>Mejora tu experiencia con el iPad con el teclado Bluetooth. Este elegante y moderno teclado est\u00e1 dise\u00f1ado para proporcionar una escritura y navegaci\u00f3n fluidas en tu iPad. Fabricado con material ABS respetuoso con el medio ambiente, ofrece durabilidad y una experiencia de escritura c\u00f3moda. Disponible en blanco y negro, este teclado liviano pesa solo 185 g, lo que lo hace f\u00e1cil de transportar y usar en movimiento. Con un tiempo de carga r\u00e1pido de 2 a 3 horas, puedes disfrutar de una productividad ininterrumpida durante per\u00edodos m\u00e1s prolongados.\u00a0<\/span><\/p>\n<p><img loading=\"lazy\" decoding=\"async\" class=\"alignleft\" src=\"https:\/\/mobie.com.au\/cdn\/shop\/products\/333_7cc68574-e4a2-4bc0-b0e5-3f3f583feccd_700x.jpg?v=1704769074\" width=\"477\" height=\"477\" \/><\/p>\n<p><strong><span>Teclado redondo<\/span><\/strong><\/p>\n<ul>\n<li><span>El dise\u00f1o del teclado redondo agrega un toque de elegancia a su espacio de trabajo, al mismo tiempo que proporciona una experiencia de escritura c\u00f3moda e intuitiva.<\/span><\/li>\n<\/ul>\n<p><strong><span>Silencioso y mudo<\/span><\/strong><\/p>\n<ul>\n<li><span>El teclado cuenta con un funcionamiento silencioso y mudo, lo que garantiza un entorno tranquilo y pac\u00edfico mientras trabaja o escribe.<\/span><\/li>\n<\/ul>\n<p><strong><span>Teclas redondas c\u00f3modas de dise\u00f1o ergon\u00f3mico<\/span><\/strong><\/p>\n<ul>\n<li><span>El dise\u00f1o ergon\u00f3mico de las teclas redondas y c\u00f3modas reduce la tensi\u00f3n en las mu\u00f1ecas y los dedos, lo que permite una experiencia de escritura m\u00e1s c\u00f3moda y natural.<\/span><\/li>\n<\/ul>\n<h4><strong><span>Caracter\u00edsticas:<\/span><\/strong><\/h4>\n<ul>\n<li><strong><span>Ligero y port\u00e1til:<\/span><\/strong><span>\u00a0con un peso de tan solo 185 g, este teclado es liviano y port\u00e1til, lo que lo hace perfecto para usar en cualquier lugar. Ya sea que est\u00e9 de viaje, trabajando o estudiando, puede transportar y usar f\u00e1cilmente este teclado en cualquier lugar y en cualquier momento.<\/span><\/li>\n<\/ul>\n<ul>\n<li><strong><span>Duradero y elegante:<\/span><\/strong><span>\u00a0Fabricado con material ABS respetuoso con el medio ambiente, este teclado no solo es duradero, sino que tambi\u00e9n a\u00f1ade un toque de estilo a tu iPad. El dise\u00f1o elegante y la elecci\u00f3n de colores en blanco o negro lo convierten en el complemento perfecto para tu iPad.<\/span><\/li>\n<\/ul>\n<ul>\n<li><strong><span>Carga r\u00e1pida:<\/span><\/strong><span>\u00a0con un tiempo de carga de tan solo 2 o 3 horas, puedes recargar r\u00e1pidamente el teclado y disfrutar de un uso ininterrumpido durante per\u00edodos m\u00e1s prolongados. Mantente productivo y conectado sin preocuparte por quedarte sin bater\u00eda.<\/span><\/li>\n<\/ul>\n<ul>\n<li><strong><span>Ergonom\u00eda mejorada:<\/span><\/strong><span>\u00a0el dise\u00f1o de teclas redondas y c\u00f3modas garantiza una experiencia de escritura c\u00f3moda y ergon\u00f3mica, lo que reduce la tensi\u00f3n en los dedos y las mu\u00f1ecas. Diga adi\u00f3s a la fatiga al escribir y disfrute de sesiones de escritura prolongadas con facilidad.<\/span><\/li>\n<\/ul>\n<p>&nbsp;<\/p>\n<p><strong><span>Especificaci\u00f3n:<\/span><\/strong><\/p>\n<ul>\n<li><span>Marca: Coteci<\/span><\/li>\n<li><span>Estilo:64002<\/span><\/li>\n<li><span>Material: material de protecci\u00f3n ambiental ABS.<\/span><\/li>\n<li><span>Color: negro, blanco<\/span><\/li>\n<li><span>Peso: 185g<\/span><\/li>\n<li><span>Tiempo de carga: 2-3 horas<\/span><\/li>\n<li><span>Tama\u00f1o: 241 x 150 mm<\/span><\/li>\n<\/ul>\n","protected":false},"excerpt":{"rendered":"<p>Mejora tu experiencia con el iPad con el teclado Bluetooth. Este elegante y moderno teclado est\u00e1 dise\u00f1ado para proporcionar una<\/p>\n","protected":false},"featured_media":62689,"comment_status":"open","ping_status":"closed","template":"","meta":{"nf_dc_page":""},"product_brand":[],"product_cat":[89],"product_tag":[],"class_list":{"0":"post-62688","1":"product","2":"type-product","3":"status-publish","4":"has-post-thumbnail","6":"product_cat-electronicos","8":"first","9":"instock","10":"shipping-taxable","11":"purchasable","12":"product-type-simple"},"_links":{"self":[{"href":"https:\/\/brandss.com.py\/index\/wp-json\/wp\/v2\/product\/62688","targetHints":{"allow":["GET"]}}],"collection":[{"href":"https:\/\/brandss.com.py\/index\/wp-json\/wp\/v2\/product"}],"about":[{"href":"https:\/\/brandss.com.py\/index\/wp-json\/wp\/v2\/types\/product"}],"replies":[{"embeddable":true,"href":"https:\/\/brandss.com.py\/index\/wp-json\/wp\/v2\/comments?post=62688"}],"version-history":[{"count":1,"href":"https:\/\/brandss.com.py\/index\/wp-json\/wp\/v2\/product\/62688\/revisions"}],"predecessor-version":[{"id":62703,"href":"https:\/\/brandss.com.py\/index\/wp-json\/wp\/v2\/product\/62688\/revisions\/62703"}],"wp:featuredmedia":[{"embeddable":true,"href":"https:\/\/brandss.com.py\/index\/wp-json\/wp\/v2\/media\/62689"}],"wp:attachment":[{"href":"https:\/\/brandss.com.py\/index\/wp-json\/wp\/v2\/media?parent=62688"}],"wp:term":[{"taxonomy":"product_brand","embeddable":true,"href":"https:\/\/brandss.com.py\/index\/wp-json\/wp\/v2\/product_brand?post=62688"},{"taxonomy":"product_cat","embeddable":true,"href":"https:\/\/brandss.com.py\/index\/wp-json\/wp\/v2\/product_cat?post=62688"},{"taxonomy":"product_tag","embeddable":true,"href":"https:\/\/brandss.com.py\/index\/wp-json\/wp\/v2\/product_tag?post=62688"}],"curies":[{"name":"wp","href":"https:\/\/api.w.org\/{rel}","templated":true}]}}