{"id":62704,"date":"2024-11-30T13:44:08","date_gmt":"2024-11-30T13:44:08","guid":{"rendered":"https:\/\/brandss.com.py\/index\/?post_type=product&#038;p=62704"},"modified":"2025-10-20T10:24:05","modified_gmt":"2025-10-20T10:24:05","slug":"teclado-coteci-inalambrico-punk-style","status":"publish","type":"product","link":"https:\/\/brandss.com.py\/index\/producto\/teclado-coteci-inalambrico-punk-style\/","title":{"rendered":"TECLADO COTECI INAL\u00c1MBRICO PUNK STYLE"},"content":{"rendered":"<p><img loading=\"lazy\" decoding=\"async\" class=\"\" src=\"https:\/\/static-01.daraz.com.np\/other\/shop\/a34edc99473f25314c9deb3eb43a3fc1.png\" alt=\"COTECI Magnetic Wireless Phone Cooler for Gaming with RGB Lights Cellphone  Radiator | Daraz.com.np\" width=\"92\" height=\"92\" \/><\/p>\n<div class=\"flickityt4s-viewport\">\n<div class=\"flickityt4s-slider\">\n<p>&nbsp;<\/p>\n<\/div>\n<\/div>\n<div class=\"t4s-tab-wrapper\" data-t4s-tab-wrapper=\"\">\n<div id=\"t4s-tab-destemplate--19486255317314__main\" class=\"t4s-rte t4s-tab-content\" data-t4s-tab-content=\"\">\n<div class=\"flex-1 overflow-hidden\">\n<div class=\"react-scroll-to-bottom--css-rdysh-79elbk h-full\">\n<div class=\"react-scroll-to-bottom--css-rdysh-1n7m0yu\">\n<div class=\"flex flex-col text-sm pb-9\">\n<div class=\"w-full text-token-text-primary\" data-testid=\"conversation-turn-5\">\n<div class=\"px-4 py-2 justify-center text-base md:gap-6 m-auto\">\n<div class=\"flex flex-1 text-base mx-auto gap-3 md:px-5 lg:px-1 xl:px-5 md:max-w-3xl lg:max-w-[40rem] xl:max-w-[48rem] group final-completion\">\n<div class=\"relative flex w-full flex-col agent-turn\">\n<div class=\"flex-col gap-1 md:gap-3\">\n<div class=\"flex flex-grow flex-col max-w-full\">\n<div class=\"min-h-[20px] text-message flex flex-col items-start gap-3 whitespace-pre-wrap break-words [.text-message+&amp;]:mt-5 overflow-x-auto\" data-message-author-role=\"assistant\" data-message-id=\"015e90fa-b59e-4188-b052-8e71ad14c312\">\n<div class=\"markdown prose w-full break-words dark:prose-invert dark\">\n<p>El teclado inal\u00e1mbrico transparente COTECI PUNK 84012 te ofrece una experiencia de escritura \u00fanica, combinando estilo y rendimiento como ning\u00fan otro. Este innovador pad viene con opciones de conectividad de cable Bluetooth y tipo C, lo que le ofrece flexibilidad de uso seg\u00fan sus preferencias. Con una parte inferior antideslizante, el teclado COTECI PUNK permanece firmemente colocado en cualquier superficie, brind\u00e1ndole estabilidad y comodidad mientras escribe. No importa d\u00f3nde trabaje o viaje, puede contar con que su teclado permanecer\u00e1 en su lugar. El dise\u00f1o claro a\u00f1ade un toque moderno a cualquier escritorio, mientras que el dise\u00f1o delgado y liviano lo hace extremadamente port\u00e1til. Puedes guardarlo en tu bolso y llevarlo contigo a todas partes, sin a\u00f1adir volumen extra. Compatible con una amplia gama de dispositivos, el teclado COTECI PUNK se conecta perfectamente con tel\u00e9fonos inteligentes, tabletas, computadoras port\u00e1tiles y m\u00e1s. Adem\u00e1s, est\u00e1 dise\u00f1ado para funcionar perfectamente con el estuche correspondiente, brindando mayor protecci\u00f3n y estilo. Disfrute de la facilidad de uso y el rendimiento superior con el teclado inal\u00e1mbrico transparente COTECI PUNK 84012, el compa\u00f1ero perfecto para todas sus necesidades inform\u00e1ticas.<\/p>\n<div class=\"trix-content\">\n<div>El teclado inal\u00e1mbrico Coteci Punk Style 84012 ofrece una experiencia de escritura sin cables con conectividad Bluetooth. Con una bater\u00eda de 420mAh, proporciona hasta 4 horas de autonom\u00eda, lo que lo hace ideal para sesiones de trabajo prolongadas. Su interfaz USB-C permite una carga r\u00e1pida y f\u00e1cil. Compatible con una variedad de dispositivos, incluyendo Mac, Android, Windows y tablets, este teclado ofrece versatilidad y conveniencia para usuarios de diferentes plataformas. Su dise\u00f1o punk style agrega un toque de estilo y personalidad a tu escritorio.<\/div>\n<\/div>\n<p class=\"mb-3 sc-description\">\n<div class=\"trix-content\">\n<div><strong>&#8211; Modelo:<\/strong>\u00a084012.<\/div>\n<div><strong>&#8211; Color:<\/strong> Transparente\/Rosa\/ Negro\/ Blanco\/ Azul claro.<\/div>\n<div><strong>&#8211; Conectividad:\u00a0<\/strong>Bluetooth.<\/div>\n<div><strong>&#8211; Bater\u00eda:<\/strong>\u00a0420mAh.<\/div>\n<div><strong>&#8211; Autonom\u00eda:\u00a0<\/strong>4 horas.<\/div>\n<div><strong>&#8211; Interfaz:\u00a0<\/strong>USB-C.<\/div>\n<div><strong>&#8211; Compatible con:<\/strong>\u00a0Mac, Android, Windows y Tablet.<\/div>\n<\/div>\n<\/div>\n<\/div>\n<\/div>\n<\/div>\n<\/div>\n<\/div>\n<\/div>\n<\/div>\n<\/div>\n<\/div>\n<\/div>\n<\/div>\n<\/div>\n<\/div>\n","protected":false},"excerpt":{"rendered":"<p>&nbsp; El teclado inal\u00e1mbrico transparente COTECI PUNK 84012 te ofrece una experiencia de escritura \u00fanica, combinando estilo y rendimiento como<\/p>\n","protected":false},"featured_media":62705,"comment_status":"open","ping_status":"closed","template":"","meta":{"nf_dc_page":""},"product_brand":[1044],"product_cat":[92],"product_tag":[1063],"class_list":{"0":"post-62704","1":"product","2":"type-product","3":"status-publish","4":"has-post-thumbnail","6":"product_brand-coteci","7":"product_cat-informatica","8":"product_tag-1063","10":"first","11":"instock","12":"shipping-taxable","13":"purchasable","14":"product-type-simple"},"_links":{"self":[{"href":"https:\/\/brandss.com.py\/index\/wp-json\/wp\/v2\/product\/62704","targetHints":{"allow":["GET"]}}],"collection":[{"href":"https:\/\/brandss.com.py\/index\/wp-json\/wp\/v2\/product"}],"about":[{"href":"https:\/\/brandss.com.py\/index\/wp-json\/wp\/v2\/types\/product"}],"replies":[{"embeddable":true,"href":"https:\/\/brandss.com.py\/index\/wp-json\/wp\/v2\/comments?post=62704"}],"version-history":[{"count":1,"href":"https:\/\/brandss.com.py\/index\/wp-json\/wp\/v2\/product\/62704\/revisions"}],"predecessor-version":[{"id":62711,"href":"https:\/\/brandss.com.py\/index\/wp-json\/wp\/v2\/product\/62704\/revisions\/62711"}],"wp:featuredmedia":[{"embeddable":true,"href":"https:\/\/brandss.com.py\/index\/wp-json\/wp\/v2\/media\/62705"}],"wp:attachment":[{"href":"https:\/\/brandss.com.py\/index\/wp-json\/wp\/v2\/media?parent=62704"}],"wp:term":[{"taxonomy":"product_brand","embeddable":true,"href":"https:\/\/brandss.com.py\/index\/wp-json\/wp\/v2\/product_brand?post=62704"},{"taxonomy":"product_cat","embeddable":true,"href":"https:\/\/brandss.com.py\/index\/wp-json\/wp\/v2\/product_cat?post=62704"},{"taxonomy":"product_tag","embeddable":true,"href":"https:\/\/brandss.com.py\/index\/wp-json\/wp\/v2\/product_tag?post=62704"}],"curies":[{"name":"wp","href":"https:\/\/api.w.org\/{rel}","templated":true}]}}