{"id":62720,"date":"2024-11-30T16:59:21","date_gmt":"2024-11-30T16:59:21","guid":{"rendered":"https:\/\/brandss.com.py\/index\/?post_type=product&#038;p=62720"},"modified":"2024-11-30T17:00:19","modified_gmt":"2024-11-30T17:00:19","slug":"teclado-tchibo-2-en-1","status":"publish","type":"product","link":"https:\/\/brandss.com.py\/index\/producto\/teclado-tchibo-2-en-1\/","title":{"rendered":"TECLADO TCHIBO BT 2 EN 1"},"content":{"rendered":"<p><img loading=\"lazy\" decoding=\"async\" class=\"\" src=\"https:\/\/1000marcas.net\/wp-content\/uploads\/2021\/05\/Tchibo-logo.jpg\" alt=\"Tchibo logo - s\u00edmbolo, significado logotipo, historia, PNG\" width=\"96\" height=\"65\" \/><\/p>\n<p><span>El teclado <\/span><strong><span>Tchibo 2 en 1<\/span><\/strong><span> es un dispositivo vers\u00e1til dise\u00f1ado para ofrecer conectividad y comodidad en m\u00faltiples plataformas. Sus principales caracter\u00edsticas hijo:<\/span><\/p>\n<h3><strong><span>Conectividad<\/span><\/strong><\/h3>\n<ul>\n<li><strong><span>Bluetooth\u00ae 5.2<\/span><\/strong><span> : Ofrece una conexi\u00f3n inal\u00e1mbrica estable y de bajo consumo energ\u00e9tico. Ideal para usar con dispositivos que soportan Bluetooth, como tel\u00e9fonos, tabletas y port\u00e1tiles.<\/span><\/li>\n<li><strong><span>Radiofrecuencia de 2,4 GHz<\/span><\/strong><span> : Incluye un dongle USB para conexi\u00f3n inal\u00e1mbrica con dispositivos que no disponen de Bluetooth, como algunas PC de escritorio.<\/span><\/li>\n<li><span>Cambio entre modos r\u00e1pidos de conexi\u00f3n, lo que permite usarlo en distintos dispositivos sin complicaciones.<\/span><\/li>\n<\/ul>\n<h3><strong><span>Compatibilidad<\/span><\/strong><\/h3>\n<ul>\n<li><span>Compatible con <\/span><strong><span>Windows<\/span><\/strong><span> , <\/span><strong><span>MacOS<\/span><\/strong><span> , <\/span><strong><span>Android<\/span><\/strong><span> e <\/span><strong><span>iOS<\/span><\/strong><span> . Esto lo convierte en una soluci\u00f3n universal para trabajar en diferentes sistemas operativos con el mismo teclado.<\/span><\/li>\n<\/ul>\n<h3><strong><span>Dise\u00f1o<\/span><\/strong><\/h3>\n<ul>\n<li><span>Dise\u00f1o compacto y ligero, ideal para trabajar desde casa o en movilidad.<\/span><\/li>\n<li><span>Disposici\u00f3n de teclas optimizada para escribir c\u00f3modamente.<\/span><\/li>\n<li><strong><span>Teclas de acceso r\u00e1pido<\/span><\/strong><span> adaptadas para cada sistema operativo, ofreciendo funciones espec\u00edficas dependiendo del dispositivo conectado.<\/span><\/li>\n<\/ul>\n<h3>Detalles<\/h3>\n<div class=\"pdp__product-description__section__items\" data-v-0cc81e92=\"\">\n<div class=\"pdp__product-description__key-facts pdp__product-description__section__item\" data-v-0cc81e92=\"\"><\/div>\n<\/div>\n<div class=\"pdp__product-description__section__items\" data-v-0cc81e92=\"\">\n<div class=\"pdp__product-description__section__items\" data-v-0cc81e92=\"\">\n<div class=\"pdp__product-description__key-facts pdp__product-description__section__item\" data-v-0cc81e92=\"\">\n<ul class=\"tp-list\" data-v-0cc81e92=\"\">\n<li data-v-0cc81e92=\"\"><span>2 en 1: Bluetooth\u00ae 5.2 y radio 2,4 GHz<\/span><\/li>\n<li data-v-0cc81e92=\"\"><span>Compatible con Windows, Mac, Android e iOS<\/span><\/li>\n<li data-v-0cc81e92=\"\"><span>Plug and play: simplemente con\u00e9ctese y comience<\/span><\/li>\n<li data-v-0cc81e92=\"\"><span>Compatible con muchos dispositivos, como PC de escritorio, port\u00e1tiles y tel\u00e9fonos inteligentes<\/span><\/li>\n<li data-v-0cc81e92=\"\"><span>2 alturas diferentes ajustables<\/span><\/li>\n<li data-v-0cc81e92=\"\"><span>Apagado autom\u00e1tico despu\u00e9s de aproximadamente 10 minutos.<\/span><\/li>\n<li data-v-0cc81e92=\"\"><span>Interruptor de encendido\/apagado integrado<\/span><\/li>\n<li data-v-0cc81e92=\"\"><span>Incluye teclado num\u00e9rico<\/span><\/li>\n<li data-v-0cc81e92=\"\"><span>Dise\u00f1o QWERTZ<\/span><\/li>\n<li data-v-0cc81e92=\"\"><span>Compartimento integrado para dongle USB<\/span><\/li>\n<li data-v-0cc81e92=\"\"><span>Probado contra sustancias nocivas \u2013 por institutos externos acreditados<\/span><\/li>\n<\/ul>\n<\/div>\n<\/div>\n<div class=\"pdp__product-description__section__items\" data-v-0cc81e92=\"\">\n<dl data-v-0cc81e92=\"\">\n<dt data-v-0cc81e92=\"\"><strong>Color<\/strong><\/dt>\n<dd data-v-0cc81e92=\"\"><span>Color plata<\/span><\/dd>\n<\/dl>\n<dl data-v-0cc81e92=\"\">\n<dt data-v-0cc81e92=\"\"><strong>Material<\/strong><\/dt>\n<dd data-v-0cc81e92=\"\">pl\u00e1stico<\/dd>\n<\/dl>\n<dl data-v-0cc81e92=\"\">\n<dt data-v-0cc81e92=\"\"><strong>Masa<\/strong><\/dt>\n<dd data-v-0cc81e92=\"\"><span>Ancho x Alto x Fondo aprox. 44 x 26,5 x 13 cm.<\/span><\/dd>\n<\/dl>\n<dl data-v-0cc81e92=\"\">\n<dt data-v-0cc81e92=\"\"><strong>Contenido<\/strong><\/dt>\n<dd data-v-0cc81e92=\"\"><span>Incl. 1 pila LR3 (AAA), llave USB e instrucciones de funcionamiento<\/span><\/dd>\n<\/dl>\n<dl data-v-0cc81e92=\"\">\n<dt data-v-0cc81e92=\"\"><strong>Peso<\/strong><\/dt>\n<dd data-v-0cc81e92=\"\"><span>Aproximadamente 450 g.<\/span><\/dd>\n<\/dl>\n<\/div>\n<\/div>\n<h3><strong><span>Otras caracter\u00edsticas<\/span><\/strong><\/h3>\n<ul>\n<li><span>Alimentaci\u00f3n a trav\u00e9s de pilas o bater\u00eda recargable (dependiendo del modelo).<\/span><\/li>\n<li><span>Alcance inal\u00e1mbrico confiable para trabajar sin interrupciones.<\/span><\/li>\n<li><span>Funci\u00f3n de ahorro de energ\u00eda autom\u00e1tica para prolongar la vida \u00fatil de la bater\u00eda.<\/span><\/li>\n<\/ul>\n<p><span>Este teclado 2 en 1 combina practicidad y tecnolog\u00eda moderna para quienes buscan flexibilidad y compatibilidad en sus dispositivos electr\u00f3nicos.<\/span><\/p>\n","protected":false},"excerpt":{"rendered":"<p>El teclado Tchibo 2 en 1 es un dispositivo vers\u00e1til dise\u00f1ado para ofrecer conectividad y comodidad en m\u00faltiples plataformas. Sus<\/p>\n","protected":false},"featured_media":62721,"comment_status":"open","ping_status":"closed","template":"","meta":{"nf_dc_page":""},"product_brand":[],"product_cat":[89,72],"product_tag":[],"class_list":{"0":"post-62720","1":"product","2":"type-product","3":"status-publish","4":"has-post-thumbnail","6":"product_cat-electronicos","7":"product_cat-tchibo","9":"first","10":"instock","11":"shipping-taxable","12":"purchasable","13":"product-type-simple"},"_links":{"self":[{"href":"https:\/\/brandss.com.py\/index\/wp-json\/wp\/v2\/product\/62720","targetHints":{"allow":["GET"]}}],"collection":[{"href":"https:\/\/brandss.com.py\/index\/wp-json\/wp\/v2\/product"}],"about":[{"href":"https:\/\/brandss.com.py\/index\/wp-json\/wp\/v2\/types\/product"}],"replies":[{"embeddable":true,"href":"https:\/\/brandss.com.py\/index\/wp-json\/wp\/v2\/comments?post=62720"}],"version-history":[{"count":2,"href":"https:\/\/brandss.com.py\/index\/wp-json\/wp\/v2\/product\/62720\/revisions"}],"predecessor-version":[{"id":62724,"href":"https:\/\/brandss.com.py\/index\/wp-json\/wp\/v2\/product\/62720\/revisions\/62724"}],"wp:featuredmedia":[{"embeddable":true,"href":"https:\/\/brandss.com.py\/index\/wp-json\/wp\/v2\/media\/62721"}],"wp:attachment":[{"href":"https:\/\/brandss.com.py\/index\/wp-json\/wp\/v2\/media?parent=62720"}],"wp:term":[{"taxonomy":"product_brand","embeddable":true,"href":"https:\/\/brandss.com.py\/index\/wp-json\/wp\/v2\/product_brand?post=62720"},{"taxonomy":"product_cat","embeddable":true,"href":"https:\/\/brandss.com.py\/index\/wp-json\/wp\/v2\/product_cat?post=62720"},{"taxonomy":"product_tag","embeddable":true,"href":"https:\/\/brandss.com.py\/index\/wp-json\/wp\/v2\/product_tag?post=62720"}],"curies":[{"name":"wp","href":"https:\/\/api.w.org\/{rel}","templated":true}]}}