{"id":62862,"date":"2024-12-03T10:52:35","date_gmt":"2024-12-03T10:52:35","guid":{"rendered":"https:\/\/brandss.com.py\/index\/?post_type=product&#038;p=62862"},"modified":"2026-03-17T10:38:45","modified_gmt":"2026-03-17T10:38:45","slug":"perfume-femenino-maison-alhambra-infini-musk-edp-100ml","status":"publish","type":"product","link":"https:\/\/brandss.com.py\/index\/producto\/perfume-femenino-maison-alhambra-infini-musk-edp-100ml\/","title":{"rendered":"PERFUME FEMENINO MAISON ALHAMBRA INFINI MUSK EDP 100ML"},"content":{"rendered":"<p><img loading=\"lazy\" decoding=\"async\" class=\"\" src=\"https:\/\/cdn.aromastore.com.py\/upload\/brand\/maison-al-hambra.jpeg\" alt=\"Maison Al-Hambra | Aroma Store\" width=\"95\" height=\"95\" \/><\/p>\n<h1>INFINI MUSK<\/h1>\n<p>Esta fragancia es una joya incomparable que cautiva con una elegancia sin igual. En los sentidos con su efervescente frescura. Infini Musk Eau de Parfum de Maison Alhambra es una fragancia Almizcle Floral femenino que encarna la sensualidad, la delicadeza y la elegancia en su forma m\u00e1s pura y atemporal. Se trata de una fragancia que evoca suavidad e intimidad, proyectando una imagen de sofisticaci\u00f3n y encanto. Inspirado en Musk Therapy de Initio.<\/p>\n<h3>Notas Olfativas<\/h3>\n<h3><img decoding=\"async\" class=\"alignleft\" src=\"https:\/\/acdn.mitiendanube.com\/stores\/003\/709\/155\/products\/img_0397-a65d459d134b7d56c916982780813212-640-0.webp\" \/><\/h3>\n<p>&nbsp;<\/p>\n<p>Infini Musk Eau de Parfum de Maison Alhambra inicia su recorrido olfativo con notas de salida donde destacan la bergamota, mandarina, notas verdes y notas acu\u00e1ticas, brindando una apertura fresca y luminosa. A medida que se desarrolla la fragancia, el coraz\u00f3n revela una delicada composici\u00f3n de rosa, violeta, lirio de los valles y almizcle, creando un aura de suavidad y romanticismo. Las notas de fondo, marcadas por almizcle blanco, s\u00e1ndalo, vainilla y \u00e1mbar, aportan profundidad y sensualidad a la fragancia, creando una sensaci\u00f3n de calidez e intimidad.<\/p>\n<p>&nbsp;<\/p>\n<p>&nbsp;<\/p>\n<p><strong>Las Notas de salida son:<\/strong> Bergamota, Mandarina, grosellas negras.<\/p>\n<p><strong>Las Notas de coraz\u00f3n son:<\/strong> rosa, violeta, lirio de los valles, almizcle.<\/p>\n<p><strong>Las Notas de fondo son:<\/strong> almizcle blanco, s\u00e1ndalo, vainilla, \u00e1mbar.<\/p>\n<p>&nbsp;<\/p>\n<p>\u00a1Descubre el encanto de este cautivador perfume \u00e1rabe en presentaci\u00f3n completa o en nuestros decants, Infini Musk de Maison Alhambra en Brands!<\/p>\n","protected":false},"excerpt":{"rendered":"<p>INFINI MUSK Esta fragancia es una joya incomparable que cautiva con una elegancia sin igual. En los sentidos con su<\/p>\n","protected":false},"featured_media":62863,"comment_status":"open","ping_status":"closed","template":"","meta":{"nf_dc_page":""},"product_brand":[107],"product_cat":[84],"product_tag":[1851],"class_list":{"0":"post-62862","1":"product","2":"type-product","3":"status-publish","4":"has-post-thumbnail","6":"product_brand-maison-alhambra","7":"product_cat-perfumeria","8":"product_tag-1851","10":"first","11":"outofstock","12":"shipping-taxable","13":"purchasable","14":"product-type-simple"},"_links":{"self":[{"href":"https:\/\/brandss.com.py\/index\/wp-json\/wp\/v2\/product\/62862","targetHints":{"allow":["GET"]}}],"collection":[{"href":"https:\/\/brandss.com.py\/index\/wp-json\/wp\/v2\/product"}],"about":[{"href":"https:\/\/brandss.com.py\/index\/wp-json\/wp\/v2\/types\/product"}],"replies":[{"embeddable":true,"href":"https:\/\/brandss.com.py\/index\/wp-json\/wp\/v2\/comments?post=62862"}],"version-history":[{"count":1,"href":"https:\/\/brandss.com.py\/index\/wp-json\/wp\/v2\/product\/62862\/revisions"}],"predecessor-version":[{"id":62866,"href":"https:\/\/brandss.com.py\/index\/wp-json\/wp\/v2\/product\/62862\/revisions\/62866"}],"wp:featuredmedia":[{"embeddable":true,"href":"https:\/\/brandss.com.py\/index\/wp-json\/wp\/v2\/media\/62863"}],"wp:attachment":[{"href":"https:\/\/brandss.com.py\/index\/wp-json\/wp\/v2\/media?parent=62862"}],"wp:term":[{"taxonomy":"product_brand","embeddable":true,"href":"https:\/\/brandss.com.py\/index\/wp-json\/wp\/v2\/product_brand?post=62862"},{"taxonomy":"product_cat","embeddable":true,"href":"https:\/\/brandss.com.py\/index\/wp-json\/wp\/v2\/product_cat?post=62862"},{"taxonomy":"product_tag","embeddable":true,"href":"https:\/\/brandss.com.py\/index\/wp-json\/wp\/v2\/product_tag?post=62862"}],"curies":[{"name":"wp","href":"https:\/\/api.w.org\/{rel}","templated":true}]}}