{"id":62867,"date":"2024-12-03T11:33:35","date_gmt":"2024-12-03T11:33:35","guid":{"rendered":"https:\/\/brandss.com.py\/index\/?post_type=product&#038;p=62867"},"modified":"2026-03-17T10:41:22","modified_gmt":"2026-03-17T10:41:22","slug":"perfume-femenino-maison-alhambra-chic-velvet-pink-secret-edp-100ml","status":"publish","type":"product","link":"https:\/\/brandss.com.py\/index\/producto\/perfume-femenino-maison-alhambra-chic-velvet-pink-secret-edp-100ml\/","title":{"rendered":"PERFUME FEMENINO MAISON ALHAMBRA CHIC VELVET PINK SECRET EDP 100ML"},"content":{"rendered":"<p><img loading=\"lazy\" decoding=\"async\" class=\"\" src=\"https:\/\/cdn.aromastore.com.py\/upload\/brand\/maison-al-hambra.jpeg\" alt=\"Maison Al-Hambra | Aroma Store\" width=\"99\" height=\"99\" \/><\/p>\n<h1>CHIC VELVET PINK SECRET<\/h1>\n<p>Es una fragancia alegre y elegante que combina maravillosamente elementos frutales y florales con un final suave y delicado. Este Eau de Parfum ofrece un aroma refrescante y estimulante, perfecto para quienes aprecian una fragancia sofisticada pero juvenil.<\/p>\n<p><strong>Sofisticaci\u00f3n juvenil<\/strong> : Chic Velvet Pink Secret de Maison Alhambra combina el vibrante enebro con la dulzura del albaricoque y un suave acabado algodonoso. Esta fragancia refrescante y delicada es perfecta para quienes disfrutan de un aroma ligero y aireado con un toque de dulzura afrutada.<\/p>\n<p><strong>Una delicada fragancia para todos los d\u00edas<\/strong>\u00a0: con su elegante combinaci\u00f3n de notas frutales y florales, suavizadas por la flor de algod\u00f3n en polvo, Chic Velvet Pink Secret es una hermosa elecci\u00f3n de fragancia para quienes desean un aroma sutil pero cautivador que deje una impresi\u00f3n duradera.<\/p>\n<p><strong>La gama de perfumes Maison Alhambra <\/strong>fue creada para ofrecer perfumes de alta calidad sin gastar una fortuna. Fabricados por Lattafa Perfumes Industries, los perfumes est\u00e1n inspirados en fragancias de dise\u00f1adores famosos y huelen de manera similar a los perfumes de dise\u00f1adores, pero a una fracci\u00f3n del precio.<\/p>\n<h3>Notas Olfativas<img loading=\"lazy\" decoding=\"async\" class=\"alignleft\" src=\"https:\/\/priveperfumes.com\/cdn\/shop\/files\/Perfume-Maison-Alhambra-Chic-Velvet-Pink-EDP-U-100-ml.webp?v=1711037616&amp;width=800\" width=\"414\" height=\"414\" \/><\/h3>\n<p><span>La fragancia se abre con una fresca explosi\u00f3n de enebro, que ofrece una nota fresca y ligeramente a pino que aporta una energ\u00eda refrescante y vibrante al comienzo. El enebro le da al perfume una introducci\u00f3n vivaz y vigorizante, lo que lo hace brillante y estimulante.<\/span><\/p>\n<p><span>En el coraz\u00f3n, el aroma dulce y delicado de la flor de albaricoque se mezcla con la calidez afrutada del albaricoque. Esta combinaci\u00f3n crea un acorde floral-frutal suave y dulce que es a la vez seductor y delicado. La flor de albaricoque agrega un toque floral ligero, mientras que el albaricoque jugoso proporciona una calidez dulce y reconfortante que realza la feminidad y el encanto de la fragancia.<\/span><\/p>\n<p><span>A medida que el aroma se asienta, la flor de algod\u00f3n envuelve la composici\u00f3n en un suave abrazo polvoriento. Esta nota de base agrega un final limpio y reconfortante, que evoca la sensaci\u00f3n de la ropa de cama reci\u00e9n lavada. La naturaleza delicada y et\u00e9rea de la flor de algod\u00f3n le da a la fragancia una presencia ligera y persistente, lo que la hace perfecta para quienes disfrutan de los aromas sutiles y duraderos.<\/span><\/p>\n<p><span>Chic Velvet Pink Secret es ideal para el d\u00eda a d\u00eda y aporta una sensaci\u00f3n de frescura y ligereza a tu rutina diaria. Su combinaci\u00f3n de dulzura afrutada, flores suaves y notas limpias y aireadas lo hacen vers\u00e1til y adecuado para cualquier ocasi\u00f3n en la que quieras sentirte fresca, elegante y femenina sin esfuerzo.<\/span><\/p>\n<p>&nbsp;<\/p>\n<ul>\n<li><strong><span>Notas de salida<\/span><\/strong><span>\u00a0: Enebro<\/span><\/li>\n<li><strong><span>Notas medias<\/span><\/strong><span>\u00a0: flor de albaricoque, albaricoque<\/span><\/li>\n<li><strong><span>Notas de fondo<\/span><\/strong><span>\u00a0: Flor de algod\u00f3n<\/span><\/li>\n<\/ul>\n<p>\u00a1Nunca te decepcionar\u00e1s con tu compra de la gama Maison Alhambra!<\/p>\n","protected":false},"excerpt":{"rendered":"<p>CHIC VELVET PINK SECRET Es una fragancia alegre y elegante que combina maravillosamente elementos frutales y florales con un final<\/p>\n","protected":false},"featured_media":62868,"comment_status":"open","ping_status":"closed","template":"","meta":{"nf_dc_page":""},"product_brand":[107],"product_cat":[84],"product_tag":[1852],"class_list":{"0":"post-62867","1":"product","2":"type-product","3":"status-publish","4":"has-post-thumbnail","6":"product_brand-maison-alhambra","7":"product_cat-perfumeria","8":"product_tag-1852","10":"first","11":"outofstock","12":"shipping-taxable","13":"purchasable","14":"product-type-simple"},"_links":{"self":[{"href":"https:\/\/brandss.com.py\/index\/wp-json\/wp\/v2\/product\/62867","targetHints":{"allow":["GET"]}}],"collection":[{"href":"https:\/\/brandss.com.py\/index\/wp-json\/wp\/v2\/product"}],"about":[{"href":"https:\/\/brandss.com.py\/index\/wp-json\/wp\/v2\/types\/product"}],"replies":[{"embeddable":true,"href":"https:\/\/brandss.com.py\/index\/wp-json\/wp\/v2\/comments?post=62867"}],"version-history":[{"count":1,"href":"https:\/\/brandss.com.py\/index\/wp-json\/wp\/v2\/product\/62867\/revisions"}],"predecessor-version":[{"id":62874,"href":"https:\/\/brandss.com.py\/index\/wp-json\/wp\/v2\/product\/62867\/revisions\/62874"}],"wp:featuredmedia":[{"embeddable":true,"href":"https:\/\/brandss.com.py\/index\/wp-json\/wp\/v2\/media\/62868"}],"wp:attachment":[{"href":"https:\/\/brandss.com.py\/index\/wp-json\/wp\/v2\/media?parent=62867"}],"wp:term":[{"taxonomy":"product_brand","embeddable":true,"href":"https:\/\/brandss.com.py\/index\/wp-json\/wp\/v2\/product_brand?post=62867"},{"taxonomy":"product_cat","embeddable":true,"href":"https:\/\/brandss.com.py\/index\/wp-json\/wp\/v2\/product_cat?post=62867"},{"taxonomy":"product_tag","embeddable":true,"href":"https:\/\/brandss.com.py\/index\/wp-json\/wp\/v2\/product_tag?post=62867"}],"curies":[{"name":"wp","href":"https:\/\/api.w.org\/{rel}","templated":true}]}}