{"id":62875,"date":"2024-12-03T12:00:17","date_gmt":"2024-12-03T12:00:17","guid":{"rendered":"https:\/\/brandss.com.py\/index\/?post_type=product&#038;p=62875"},"modified":"2026-04-14T13:21:18","modified_gmt":"2026-04-14T13:21:18","slug":"perfume-unisex-lattafa-emeer-edp-100ml","status":"publish","type":"product","link":"https:\/\/brandss.com.py\/index\/producto\/perfume-unisex-lattafa-emeer-edp-100ml\/","title":{"rendered":"PERFUME UNISEX LATTAFA EMEER EDP 100ML"},"content":{"rendered":"<p><img loading=\"lazy\" decoding=\"async\" class=\"\" src=\"https:\/\/myscentjourney.s3.us-east-2.amazonaws.com\/2022\/02\/14\/29KIascent_j_marca_1644871114_202.png\" alt=\"MSJ::LATTAFA\" width=\"86\" height=\"102\" \/><\/p>\n<h1>EMEER<\/h1>\n<p>Un destello de luz refrescante y fresco. Un maravilloso aroma c\u00edtrico en un paquete impresionante. Un homenaje a tantas luces y destellos, suavidad y brillo no s\u00f3lo para el olfato, sino tambi\u00e9n para la vista. Una obra de arte de Lattafa que ser\u00e1 un regalo impresionante para tu ser querido o incluso para ti mismo. Un perfume unisex que se presenta con elegancia en una caja de lujo iluminada desde su interior, es una obra maestra sensorial que cautiva los sentidos.<\/p>\n<p>El aroma encarna una lujuria vertiginosa que encanta desde los primeros acordes. Lim\u00f3n, bergamota, salvia: componentes que le dar\u00e1n tanta energ\u00eda y confianza que incluso el d\u00eda m\u00e1s gris brillar\u00e1 con la luz del sol.<\/p>\n<p>Entre los rayos chispeantes, algo serio: las notas de coraz\u00f3n de s\u00e1ndalo, cardamomo, t\u00e9 blanco y ol\u00edbano aportar\u00e1n profundidad y flujo incontrolable. Un embriagador mundo de especias y un acento amaderado ahumado.<\/p>\n<p>La frescura y la pureza se definen por un marco lujoso y refinado que se compone de \u00e1mbar, pachul\u00ed, cedro y cachemira. Tanta elegancia, suavidad y profundidad en un aroma impresionante. Deje que su colecci\u00f3n de perfumes tambi\u00e9n brille con una luz dorada y deje que el cuerpo se inunde de una lujosa frescura.<\/p>\n<h3>Notas Olfativas<\/h3>\n<h3><img loading=\"lazy\" decoding=\"async\" class=\"alignleft\" src=\"https:\/\/www.atlanticoshop.com.py\/image\/catalog\/armaf\/lattafa%20emeer%20desc-1%20esp.jpg\" width=\"418\" height=\"418\" \/><\/h3>\n<p>una fragancia sofisticada y refrescante que combina c\u00edtricos, especias, y maderas para una experiencia \u00fanica y elegante. Las notas de salida abren con la acidez fresca del lim\u00f3n (lima \u00e1cida) y la bergamota, mezcladas con el toque herbal de la esclarea y la frescura seca de las bayas de enebro. Esta combinaci\u00f3n inicial es vibrante y energizante, perfecta para captar atenci\u00f3n desde el primer momento.<\/p>\n<p>Lattafa Emeer es ideal para quienes buscan una fragancia con frescura c\u00edtrica y toques especiados sobre una base rica y amaderada. Es perfecta para momentos en los que se desea proyectar sofisticaci\u00f3n y carisma duraderos.<\/p>\n<p><strong>Notas de salida:<\/strong>\u00a0lim\u00f3n, bergamota, salvia, bayas de enebro.<\/p>\n<p><strong>Notas de coraz\u00f3n:<\/strong>\u00a0cardamomo, t\u00e9 blanco, s\u00e1ndalo, ol\u00edbano.<\/p>\n<p><strong>Notas de fondo:<\/strong>\u00a0\u00e1mbar gris, pachul\u00ed, cedro, cachemira.<\/p>\n","protected":false},"excerpt":{"rendered":"<p>EMEER Un destello de luz refrescante y fresco. Un maravilloso aroma c\u00edtrico en un paquete impresionante. Un homenaje a tantas<\/p>\n","protected":false},"featured_media":62876,"comment_status":"open","ping_status":"closed","template":"","meta":{"nf_dc_page":""},"product_brand":[109],"product_cat":[84],"product_tag":[1853],"class_list":{"0":"post-62875","1":"product","2":"type-product","3":"status-publish","4":"has-post-thumbnail","6":"product_brand-lattafa","7":"product_cat-perfumeria","8":"product_tag-1853","10":"first","11":"instock","12":"shipping-taxable","13":"purchasable","14":"product-type-simple"},"_links":{"self":[{"href":"https:\/\/brandss.com.py\/index\/wp-json\/wp\/v2\/product\/62875","targetHints":{"allow":["GET"]}}],"collection":[{"href":"https:\/\/brandss.com.py\/index\/wp-json\/wp\/v2\/product"}],"about":[{"href":"https:\/\/brandss.com.py\/index\/wp-json\/wp\/v2\/types\/product"}],"replies":[{"embeddable":true,"href":"https:\/\/brandss.com.py\/index\/wp-json\/wp\/v2\/comments?post=62875"}],"version-history":[{"count":1,"href":"https:\/\/brandss.com.py\/index\/wp-json\/wp\/v2\/product\/62875\/revisions"}],"predecessor-version":[{"id":62880,"href":"https:\/\/brandss.com.py\/index\/wp-json\/wp\/v2\/product\/62875\/revisions\/62880"}],"wp:featuredmedia":[{"embeddable":true,"href":"https:\/\/brandss.com.py\/index\/wp-json\/wp\/v2\/media\/62876"}],"wp:attachment":[{"href":"https:\/\/brandss.com.py\/index\/wp-json\/wp\/v2\/media?parent=62875"}],"wp:term":[{"taxonomy":"product_brand","embeddable":true,"href":"https:\/\/brandss.com.py\/index\/wp-json\/wp\/v2\/product_brand?post=62875"},{"taxonomy":"product_cat","embeddable":true,"href":"https:\/\/brandss.com.py\/index\/wp-json\/wp\/v2\/product_cat?post=62875"},{"taxonomy":"product_tag","embeddable":true,"href":"https:\/\/brandss.com.py\/index\/wp-json\/wp\/v2\/product_tag?post=62875"}],"curies":[{"name":"wp","href":"https:\/\/api.w.org\/{rel}","templated":true}]}}