{"id":62881,"date":"2024-12-03T12:33:04","date_gmt":"2024-12-03T12:33:04","guid":{"rendered":"https:\/\/brandss.com.py\/index\/?post_type=product&#038;p=62881"},"modified":"2026-03-28T16:25:25","modified_gmt":"2026-03-28T16:25:25","slug":"perfume-unisex-lattafa-pride-la-collection-dantiquites-1505-edp-100ml","status":"publish","type":"product","link":"https:\/\/brandss.com.py\/index\/producto\/perfume-unisex-lattafa-pride-la-collection-dantiquites-1505-edp-100ml\/","title":{"rendered":"PERFUME UNISEX LATTAFA PRIDE LA COLLECTION D\u2019ANTIQUITES 1505 EDP 100ML"},"content":{"rendered":"<p><img loading=\"lazy\" decoding=\"async\" class=\"\" src=\"https:\/\/myscentjourney.s3.us-east-2.amazonaws.com\/2022\/02\/14\/29KIascent_j_marca_1644871114_202.png\" alt=\"MSJ::LATTAFA\" width=\"91\" height=\"108\" \/><\/p>\n<h1>PRIDE LA COLLECTION D\u2019ANTIQUITES 1505<\/h1>\n<p>La Collection d&#8217;Antiquit\u00e9s 1505 es una fragancia elegante y compleja, perfecta para quienes buscan un perfume de perfil cl\u00e1sico pero con un toque oriental y misterioso. Ideal para ocasiones formales o noches especiales, es una elecci\u00f3n sofisticada para los amantes de aromas profundos y \u00fanicos que evocan historia y distinci\u00f3n.<\/p>\n<h3>Notas Olfativas<\/h3>\n<p>La Collection d&#8217;Antiquites 1505 de Lattafa Pride es una fragancia unisex de la familia frutal oriental.<img loading=\"lazy\" decoding=\"async\" class=\"alignleft\" src=\"https:\/\/www.atlanticoshop.com.py\/image\/catalog\/armaf\/antiquites%201505-1%20esp.jpg\" width=\"555\" height=\"555\" \/><\/p>\n<p>Explora la esencia \u00fanica y envolvente de La Collection d&#8217;Antiquites 1505, un perfume de lujo que encanta los sentidos con su exclusiva combinaci\u00f3n de notas preciosas. Con sus seductoras notas altas de cereza y azafr\u00e1n, este perfume se abre con una dulzura intrigante que capta la atenci\u00f3n desde la primera aplicaci\u00f3n.<\/p>\n<p>En el coraz\u00f3n de esta refinada fragancia, encontrar\u00e1s una cautivadora mezcla de Osmanthus, Olibanum y Amyris, que a\u00f1aden profundidad y complejidad al aroma, creando una experiencia sensorial envolvente e inolvidable.<\/p>\n<p>Las notas de fondo de B\u00e1lsamo, Styrax, Aceite de Cypriol y Madera de Guaiac le dan a La Collection d&#8217;Antiquites 1505 una base rica y sensual que perdura en la piel, dejando un rastro de elegancia y misterio donde quiera que vaya.<\/p>\n<p>Descubra la belleza atemporal de La Collection d&#8217;Antiquites 1505 y sum\u00e9rjase en un viaje sensorial \u00fanico, donde el arte y la naturaleza se fusionan para crear una experiencia olfativa extraordinaria.<\/p>\n<p><strong>Notas de salida:<\/strong> cereza, azafr\u00e1n<\/p>\n<p><strong>Notas de coraz\u00f3n:<\/strong> Osmanthus, Olibanum, Amyris<\/p>\n<p><strong>Notas de fondo:<\/strong> B\u00e1lsamo, Styrax, Aceite de Cipriol, Madera de Guaiac.<\/p>\n","protected":false},"excerpt":{"rendered":"<p>PRIDE LA COLLECTION D\u2019ANTIQUITES 1505 La Collection d&#8217;Antiquit\u00e9s 1505 es una fragancia elegante y compleja, perfecta para quienes buscan un<\/p>\n","protected":false},"featured_media":62882,"comment_status":"open","ping_status":"closed","template":"","meta":{"nf_dc_page":""},"product_brand":[109],"product_cat":[84],"product_tag":[1854],"class_list":{"0":"post-62881","1":"product","2":"type-product","3":"status-publish","4":"has-post-thumbnail","6":"product_brand-lattafa","7":"product_cat-perfumeria","8":"product_tag-1854","10":"first","11":"outofstock","12":"shipping-taxable","13":"purchasable","14":"product-type-simple"},"_links":{"self":[{"href":"https:\/\/brandss.com.py\/index\/wp-json\/wp\/v2\/product\/62881","targetHints":{"allow":["GET"]}}],"collection":[{"href":"https:\/\/brandss.com.py\/index\/wp-json\/wp\/v2\/product"}],"about":[{"href":"https:\/\/brandss.com.py\/index\/wp-json\/wp\/v2\/types\/product"}],"replies":[{"embeddable":true,"href":"https:\/\/brandss.com.py\/index\/wp-json\/wp\/v2\/comments?post=62881"}],"version-history":[{"count":1,"href":"https:\/\/brandss.com.py\/index\/wp-json\/wp\/v2\/product\/62881\/revisions"}],"predecessor-version":[{"id":62887,"href":"https:\/\/brandss.com.py\/index\/wp-json\/wp\/v2\/product\/62881\/revisions\/62887"}],"wp:featuredmedia":[{"embeddable":true,"href":"https:\/\/brandss.com.py\/index\/wp-json\/wp\/v2\/media\/62882"}],"wp:attachment":[{"href":"https:\/\/brandss.com.py\/index\/wp-json\/wp\/v2\/media?parent=62881"}],"wp:term":[{"taxonomy":"product_brand","embeddable":true,"href":"https:\/\/brandss.com.py\/index\/wp-json\/wp\/v2\/product_brand?post=62881"},{"taxonomy":"product_cat","embeddable":true,"href":"https:\/\/brandss.com.py\/index\/wp-json\/wp\/v2\/product_cat?post=62881"},{"taxonomy":"product_tag","embeddable":true,"href":"https:\/\/brandss.com.py\/index\/wp-json\/wp\/v2\/product_tag?post=62881"}],"curies":[{"name":"wp","href":"https:\/\/api.w.org\/{rel}","templated":true}]}}