{"id":62895,"date":"2024-12-03T13:32:22","date_gmt":"2024-12-03T13:32:22","guid":{"rendered":"https:\/\/brandss.com.py\/index\/?post_type=product&#038;p=62895"},"modified":"2026-03-17T10:51:45","modified_gmt":"2026-03-17T10:51:45","slug":"perfume-unisex-lattafa-pride-ghanam-edp-100ml","status":"publish","type":"product","link":"https:\/\/brandss.com.py\/index\/producto\/perfume-unisex-lattafa-pride-ghanam-edp-100ml\/","title":{"rendered":"PERFUME UNISEX LATTAFA PRIDE GHARAM EDP 100ML"},"content":{"rendered":"<p><img loading=\"lazy\" decoding=\"async\" class=\"\" src=\"https:\/\/myscentjourney.s3.us-east-2.amazonaws.com\/2022\/02\/14\/29KIascent_j_marca_1644871114_202.png\" alt=\"MSJ::LATTAFA\" width=\"101\" height=\"119\" \/><\/p>\n<h1>PRIDE GHANAM<\/h1>\n<p>Es una fragancia lujosa que irradia una sensaci\u00f3n de orgullo y sofisticaci\u00f3n, una combinaci\u00f3n cautivadora de notas que deja una impresi\u00f3n duradera. La fragancia est\u00e1 dise\u00f1ada para evocar sentimientos de pasi\u00f3n, glamour y elegancia. El aroma duradero y el car\u00e1cter distintivo de Lattafa Pride Gharam EDP lo convierten en una opci\u00f3n ideal para quienes aprecian las fragancias excepcionales.<\/p>\n<p><span>Experimente la esencia de la elegancia y la calidez con Lattafa Pride Gharam EDP, un perfume que encarna el lujo en cada nota.<\/span><\/p>\n<ul class=\"tickmark_blue\">\n<li><span>Fragancia oriental para una experiencia sensual.<\/span><\/li>\n<li><span>Inspirado en las tradiciones \u00e1rabes de amabilidad y simpat\u00eda.<\/span><\/li>\n<li><span>Una sinfon\u00eda de notas c\u00e1lidas y ricas.<\/span><\/li>\n<li><span>Perfecto para los conocedores de perfumes.<\/span><\/li>\n<\/ul>\n<p><span>Dise\u00f1ado para quienes aprecian las cosas buenas de la vida, Lattafa Pride Gharam EDP es m\u00e1s que una fragancia; es un viaje a trav\u00e9s de lo ex\u00f3tico y lo opulento. Su combinaci\u00f3n \u00fanica de notas orientales garantiza que te destaques entre la multitud, lo que lo convierte en una valiosa incorporaci\u00f3n a cualquier colecci\u00f3n de perfumes.<\/span><\/p>\n<p>&nbsp;<\/p>\n<h3>Notas Olfativas<\/h3>\n<p><img loading=\"lazy\" decoding=\"async\" class=\"alignleft\" src=\"https:\/\/www.myperfumeshop.ae\/cdn\/shop\/files\/Gharam-lattafa-pride-middle-eastern-perfumes-australia-private-blends.webp?v=1714020050&amp;width=1000\" width=\"507\" height=\"507\" \/><\/p>\n<p>Gharam Eau de Parfum, una fragancia unisex \u00fanica de la famosa casa de Lattafa Pride. Esta es la combinaci\u00f3n perfecta de sofisticaci\u00f3n y elegancia, lo que la convierte en una deliciosa opci\u00f3n para el uso diario o para ocasiones especiales.<\/p>\n<p>La fragancia se abre con una mezcla energ\u00e9tica de pera, mandarina y pi\u00f1a, ofreciendo una explosi\u00f3n de frescura que estimula los sentidos.<\/p>\n<p>Esta animada introducci\u00f3n prepara el escenario para un viaje al coraz\u00f3n de la fragancia, donde el jazm\u00edn sambac, la gardenia y la magnolia se entrelazan para crear un ramo floral que es a la vez encantador y tranquilo.<\/p>\n<p>Notas de fondo de \u00e1mbar, madera de cachemira, s\u00e1ndalo, almizcle y pralin\u00e9, creando una base de calidez y profundidad que perdura mucho despu\u00e9s de la primera pulverizaci\u00f3n.<\/p>\n<p><strong>Notas de salida:<\/strong> Pera, Mandarina, Pi\u00f1a.<\/p>\n<p><strong>Notas de coraz\u00f3n:<\/strong> Jazm\u00edn Sambac, Gardenia, Magnolia.<\/p>\n<p><strong>Notas de fondo:<\/strong> \u00c1mbar, madera de cachemira, s\u00e1ndalo, almizcle, pralin\u00e9.<\/p>\n<p>&nbsp;<\/p>\n","protected":false},"excerpt":{"rendered":"<p>PRIDE GHANAM Es una fragancia lujosa que irradia una sensaci\u00f3n de orgullo y sofisticaci\u00f3n, una combinaci\u00f3n cautivadora de notas que<\/p>\n","protected":false},"featured_media":62896,"comment_status":"open","ping_status":"closed","template":"","meta":{"nf_dc_page":""},"product_brand":[109],"product_cat":[84],"product_tag":[1856],"class_list":{"0":"post-62895","1":"product","2":"type-product","3":"status-publish","4":"has-post-thumbnail","6":"product_brand-lattafa","7":"product_cat-perfumeria","8":"product_tag-1856","10":"first","11":"outofstock","12":"shipping-taxable","13":"purchasable","14":"product-type-simple"},"_links":{"self":[{"href":"https:\/\/brandss.com.py\/index\/wp-json\/wp\/v2\/product\/62895","targetHints":{"allow":["GET"]}}],"collection":[{"href":"https:\/\/brandss.com.py\/index\/wp-json\/wp\/v2\/product"}],"about":[{"href":"https:\/\/brandss.com.py\/index\/wp-json\/wp\/v2\/types\/product"}],"replies":[{"embeddable":true,"href":"https:\/\/brandss.com.py\/index\/wp-json\/wp\/v2\/comments?post=62895"}],"version-history":[{"count":2,"href":"https:\/\/brandss.com.py\/index\/wp-json\/wp\/v2\/product\/62895\/revisions"}],"predecessor-version":[{"id":72214,"href":"https:\/\/brandss.com.py\/index\/wp-json\/wp\/v2\/product\/62895\/revisions\/72214"}],"wp:featuredmedia":[{"embeddable":true,"href":"https:\/\/brandss.com.py\/index\/wp-json\/wp\/v2\/media\/62896"}],"wp:attachment":[{"href":"https:\/\/brandss.com.py\/index\/wp-json\/wp\/v2\/media?parent=62895"}],"wp:term":[{"taxonomy":"product_brand","embeddable":true,"href":"https:\/\/brandss.com.py\/index\/wp-json\/wp\/v2\/product_brand?post=62895"},{"taxonomy":"product_cat","embeddable":true,"href":"https:\/\/brandss.com.py\/index\/wp-json\/wp\/v2\/product_cat?post=62895"},{"taxonomy":"product_tag","embeddable":true,"href":"https:\/\/brandss.com.py\/index\/wp-json\/wp\/v2\/product_tag?post=62895"}],"curies":[{"name":"wp","href":"https:\/\/api.w.org\/{rel}","templated":true}]}}