{"id":62911,"date":"2024-12-03T14:46:36","date_gmt":"2024-12-03T14:46:36","guid":{"rendered":"https:\/\/brandss.com.py\/index\/?post_type=product&#038;p=62911"},"modified":"2026-03-17T17:03:02","modified_gmt":"2026-03-17T17:03:02","slug":"perfume-masculino-maison-alhambra-maitre-de-blue-edp-100ml","status":"publish","type":"product","link":"https:\/\/brandss.com.py\/index\/producto\/perfume-masculino-maison-alhambra-maitre-de-blue-edp-100ml\/","title":{"rendered":"PERFUME MASCULINO MAISON ALHAMBRA MAITRE DE BLUE EDP 100ML"},"content":{"rendered":"<p><img loading=\"lazy\" decoding=\"async\" class=\"\" src=\"https:\/\/cdn.aromastore.com.py\/upload\/brand\/maison-al-hambra.jpeg\" alt=\"Maison Al-Hambra | Aroma Store\" width=\"92\" height=\"92\" \/><\/p>\n<h1>MAITRE DE BLUE<\/h1>\n<p>Una fragancia sofisticada, amaderada y afrutada para el hombre moderno, Maitre de Blue apunta a la libertad infinita e ilimitada, que tiene un aroma a \u00e1mbar m\u00e1s sensual y oriental que sus predecesores. Posteriormente, el aroma de cedro y arom\u00e1ticos frutos dorados y el aroma de jazm\u00edn aportan calidez al aroma.<\/p>\n<p><span>Maison Alhambra Maitre De Blue EDP es una fragancia exquisita para el caballero moderno.<\/span><\/p>\n<ul class=\"tickmark_blue\">\n<li><span>Inspirado en el ic\u00f3nico Bleu De Chanel.<\/span><\/li>\n<li><span>Creado para una libertad y sensualidad sin l\u00edmites.<\/span><\/li>\n<li><span>Perfecto para cualquier ocasi\u00f3n, de d\u00eda o de noche.<\/span><\/li>\n<li><span>Mezcla robusta de notas c\u00edtricas y especiadas.<\/span><\/li>\n<\/ul>\n<p><span>Este sofisticado aroma combina una mezcla \u00fanica de atractivas notas de salida, que incluyen pomelo, lim\u00f3n y menta, con notas medias m\u00e1s profundas y sensuales. Est\u00e1 dise\u00f1ado para hombres que aprecian una fragancia que irradia elegancia y fuerza. Ya sea que se dirija a una reuni\u00f3n de negocios o a una velada rom\u00e1ntica, Maitre De Blue se asegura de que deje una impresi\u00f3n duradera.<\/span><\/p>\n<h3>Notas Olfativas<img loading=\"lazy\" decoding=\"async\" class=\"alignleft\" src=\"https:\/\/dupes.se\/cdn\/shop\/files\/FullSizeRender_bb0b4be6-1613-4fb5-b9de-d35a535f0d61.jpg?v=1714688213&amp;width=800\" width=\"379\" height=\"402\" \/><\/h3>\n<p>La fragancia MAITRE DE BLUE revela una cautivadora mezcla de notas frescas y acu\u00e1ticas, combinadas con acordes de frutas c\u00edtricas y un toque de maderas suaves, ofreciendo una experiencia olfativa memorable. Es una fragancia que combina una apertura c\u00edtrica y fresca con matices amaderados y c\u00e1lidos. Presenta una sensaci\u00f3n especiada y arom\u00e1tica que se mezcla con toques de \u00e1mbar y ahumado. La composici\u00f3n tambi\u00e9n incorpora notas bals\u00e1micas y verdes, junto con una base almizclada. En resumen, es un aroma multifac\u00e9tico que abarca desde la frescura c\u00edtrica hasta la calidez especiada y ahumada, con una profundidad arom\u00e1tica que evoca una sensaci\u00f3n de sofisticaci\u00f3n y encanto.<\/p>\n<p><strong>Notas de salida:<\/strong> pomelo, lim\u00f3n, menta, pimienta rosa<\/p>\n<p><strong>Notas de coraz\u00f3n:<\/strong> jengibre, nuez moscada y jazm\u00edn.<\/p>\n<p><strong>Notas de fondo:<\/strong> incienso, vetiver, cedro, s\u00e1ndalo, pachul\u00ed, l\u00e1dano y almizcle blanco.<\/p>\n","protected":false},"excerpt":{"rendered":"<p>MAITRE DE BLUE Una fragancia sofisticada, amaderada y afrutada para el hombre moderno, Maitre de Blue apunta a la libertad<\/p>\n","protected":false},"featured_media":62912,"comment_status":"open","ping_status":"closed","template":"","meta":{"nf_dc_page":""},"product_brand":[107],"product_cat":[84],"product_tag":[1857],"class_list":{"0":"post-62911","1":"product","2":"type-product","3":"status-publish","4":"has-post-thumbnail","6":"product_brand-maison-alhambra","7":"product_cat-perfumeria","8":"product_tag-1857","10":"first","11":"outofstock","12":"shipping-taxable","13":"purchasable","14":"product-type-simple"},"_links":{"self":[{"href":"https:\/\/brandss.com.py\/index\/wp-json\/wp\/v2\/product\/62911","targetHints":{"allow":["GET"]}}],"collection":[{"href":"https:\/\/brandss.com.py\/index\/wp-json\/wp\/v2\/product"}],"about":[{"href":"https:\/\/brandss.com.py\/index\/wp-json\/wp\/v2\/types\/product"}],"replies":[{"embeddable":true,"href":"https:\/\/brandss.com.py\/index\/wp-json\/wp\/v2\/comments?post=62911"}],"version-history":[{"count":1,"href":"https:\/\/brandss.com.py\/index\/wp-json\/wp\/v2\/product\/62911\/revisions"}],"predecessor-version":[{"id":62919,"href":"https:\/\/brandss.com.py\/index\/wp-json\/wp\/v2\/product\/62911\/revisions\/62919"}],"wp:featuredmedia":[{"embeddable":true,"href":"https:\/\/brandss.com.py\/index\/wp-json\/wp\/v2\/media\/62912"}],"wp:attachment":[{"href":"https:\/\/brandss.com.py\/index\/wp-json\/wp\/v2\/media?parent=62911"}],"wp:term":[{"taxonomy":"product_brand","embeddable":true,"href":"https:\/\/brandss.com.py\/index\/wp-json\/wp\/v2\/product_brand?post=62911"},{"taxonomy":"product_cat","embeddable":true,"href":"https:\/\/brandss.com.py\/index\/wp-json\/wp\/v2\/product_cat?post=62911"},{"taxonomy":"product_tag","embeddable":true,"href":"https:\/\/brandss.com.py\/index\/wp-json\/wp\/v2\/product_tag?post=62911"}],"curies":[{"name":"wp","href":"https:\/\/api.w.org\/{rel}","templated":true}]}}