{"id":62963,"date":"2024-12-04T12:47:16","date_gmt":"2024-12-04T12:47:16","guid":{"rendered":"https:\/\/brandss.com.py\/index\/?post_type=product&#038;p=62963"},"modified":"2026-03-17T17:33:00","modified_gmt":"2026-03-17T17:33:00","slug":"perfume-femenino-maison-alhambra-pink-shimmer-secret-edp-100ml","status":"publish","type":"product","link":"https:\/\/brandss.com.py\/index\/producto\/perfume-femenino-maison-alhambra-pink-shimmer-secret-edp-100ml\/","title":{"rendered":"PERFUME FEMENINO MAISON ALHAMBRA PINK SHIMMER SECRET EDP 100ML"},"content":{"rendered":"<p><img loading=\"lazy\" decoding=\"async\" class=\"\" src=\"https:\/\/cdn.aromastore.com.py\/upload\/brand\/maison-al-hambra.jpeg\" alt=\"Maison Al-Hambra | Aroma Store\" width=\"147\" height=\"147\" \/><\/p>\n<h1>PINK SHIMMER SECRET<\/h1>\n<p>Este perfume est\u00e1 creado para una mujer que siempre est\u00e1 en el epicentro de los acontecimientos y est\u00e1 llena de aventuras asombrosas y noticias vertiginosas. \u00a1Estas mujeres siempre est\u00e1n rodeadas de seguidores y su aparici\u00f3n en p\u00fablico es siempre una extravagancia!<\/p>\n<p>Con la fragancia Pink Shimmer Secret, todos se sentir\u00e1n como una verdadera estrella de Hollywood: hermosos y radiantes. Esta fragancia puede enfatizar y multiplicar el encanto y el encanto de su due\u00f1o. Pink Shimmer Secret es m\u00e1s que un simple perfume: es una experiencia olfativa, una declaraci\u00f3n de estilo y un complemento para tu look diario. Con cada rociado, no solo llevas una fragancia, sino tambi\u00e9n el legado de lujo y exquisita artesan\u00eda. Experimenta el cautivador encanto de Pink Shimmer Secret hoy mismo.<\/p>\n<p>&nbsp;<\/p>\n<h3>Notas Olfativas<\/h3>\n<p><img loading=\"lazy\" decoding=\"async\" class=\"alignleft\" src=\"https:\/\/www.atlanticoshop.com.py\/image\/catalog\/armaf\/pink-shimmer-secret-edp-desc-esp.jpg\" width=\"567\" height=\"567\" \/><\/p>\n<p>&nbsp;<\/p>\n<p>Descubre la fascinante Pink Shimmer Secret, una fragancia femenina que celebra la combinaci\u00f3n perfecta de sensualidad y diversi\u00f3n.<\/p>\n<p><span dir=\"auto\">La experiencia olfativa de Pink Shimmer Secret comienza con una refrescante explosi\u00f3n de\u00a0<\/span><span dir=\"auto\">notas de salida<\/span><span dir=\"auto\">, que incluye ex\u00f3tica\u00a0<\/span><span dir=\"auto\">maracuy\u00e1<\/span><span dir=\"auto\">,\u00a0<\/span><span dir=\"auto\">pomelo \u00e1cido,\u00a0<\/span><span dir=\"auto\">pi\u00f1a<\/span><span dir=\"auto\"> dulce,\u00a0<\/span><span dir=\"auto\">mandarina<\/span><span dir=\"auto\">\u00a0vibrante\u00a0y una jugosa\u00a0<\/span><span dir=\"auto\">fresa<\/span><span dir=\"auto\">. Esta embriagadora mezcla ofrece un inicio vigorizante, preparando el terreno para las notas de coraz\u00f3n de la fragancia.<\/span><\/p>\n<p><span dir=\"auto\">En el coraz\u00f3n de Pink Shimmer Secret se encuentran las\u00a0<\/span><span dir=\"auto\">notas de coraz\u00f3n<\/span><span dir=\"auto\">, una sinfon\u00eda de esencias florales y frutales. La rom\u00e1ntica\u00a0<\/span><span dir=\"auto\">peon\u00eda<\/span><span dir=\"auto\">, la exuberante\u00a0<\/span><span dir=\"auto\">orqu\u00eddea vainilla<\/span><span dir=\"auto\">,\u00a0<\/span><span dir=\"auto\">las c\u00edtricas bayas rojas<\/span><span dir=\"auto\">, el embriagador\u00a0<\/span><span dir=\"auto\">jazm\u00edn<\/span><span dir=\"auto\">\u00a0y el delicado\u00a0<\/span><span dir=\"auto\">lirio de los valles<\/span><span dir=\"auto\">\u00a0se combinan armoniosamente, creando un bouquet cautivador que sin duda cautivar\u00e1 tus sentidos.<\/span><\/p>\n<p><span dir=\"auto\">El viaje arom\u00e1tico concluye con\u00a0<\/span><span dir=\"auto\">notas de fondo<\/span><span dir=\"auto\"> de almizcle c\u00e1lido<\/span><span dir=\"auto\">, notas amaderadas<\/span><span dir=\"auto\">\u00a0y\u00a0<\/span><span dir=\"auto\">musgo<\/span><span dir=\"auto\"> de roble terroso. Estos aromas persistentes crean un final refinado y sofisticado, convirtiendo a Pink Shimmer Secret en la opci\u00f3n perfecta\u00a0<\/span><span dir=\"auto\">para la mujer moderna<\/span><span dir=\"auto\">\u00a0que aprecia la elegancia y la complejidad de una fragancia bien elaborada.<\/span><\/p>\n<p>&nbsp;<\/p>\n<p><strong>Notas de salida:<\/strong>\u00a0Pomelo, Maracuy\u00e1, Fresa, Mandarina, Pi\u00f1a.<\/p>\n<p><strong>Notas de coraz\u00f3n:<\/strong>\u00a0jazm\u00edn, bayas rojas, peon\u00eda, orqu\u00eddea, lirio de los valles.<\/p>\n<p><strong>Notas de fondo:<\/strong>\u00a0Notas amaderadas, musgo de roble, almizcle.<\/p>\n","protected":false},"excerpt":{"rendered":"<p>PINK SHIMMER SECRET Este perfume est\u00e1 creado para una mujer que siempre est\u00e1 en el epicentro de los acontecimientos y<\/p>\n","protected":false},"featured_media":62964,"comment_status":"open","ping_status":"closed","template":"","meta":{"nf_dc_page":""},"product_brand":[107],"product_cat":[84],"product_tag":[142],"class_list":{"0":"post-62963","1":"product","2":"type-product","3":"status-publish","4":"has-post-thumbnail","6":"product_brand-maison-alhambra","7":"product_cat-perfumeria","8":"product_tag-142","10":"first","11":"instock","12":"shipping-taxable","13":"purchasable","14":"product-type-simple"},"_links":{"self":[{"href":"https:\/\/brandss.com.py\/index\/wp-json\/wp\/v2\/product\/62963","targetHints":{"allow":["GET"]}}],"collection":[{"href":"https:\/\/brandss.com.py\/index\/wp-json\/wp\/v2\/product"}],"about":[{"href":"https:\/\/brandss.com.py\/index\/wp-json\/wp\/v2\/types\/product"}],"replies":[{"embeddable":true,"href":"https:\/\/brandss.com.py\/index\/wp-json\/wp\/v2\/comments?post=62963"}],"version-history":[{"count":3,"href":"https:\/\/brandss.com.py\/index\/wp-json\/wp\/v2\/product\/62963\/revisions"}],"predecessor-version":[{"id":89948,"href":"https:\/\/brandss.com.py\/index\/wp-json\/wp\/v2\/product\/62963\/revisions\/89948"}],"wp:featuredmedia":[{"embeddable":true,"href":"https:\/\/brandss.com.py\/index\/wp-json\/wp\/v2\/media\/62964"}],"wp:attachment":[{"href":"https:\/\/brandss.com.py\/index\/wp-json\/wp\/v2\/media?parent=62963"}],"wp:term":[{"taxonomy":"product_brand","embeddable":true,"href":"https:\/\/brandss.com.py\/index\/wp-json\/wp\/v2\/product_brand?post=62963"},{"taxonomy":"product_cat","embeddable":true,"href":"https:\/\/brandss.com.py\/index\/wp-json\/wp\/v2\/product_cat?post=62963"},{"taxonomy":"product_tag","embeddable":true,"href":"https:\/\/brandss.com.py\/index\/wp-json\/wp\/v2\/product_tag?post=62963"}],"curies":[{"name":"wp","href":"https:\/\/api.w.org\/{rel}","templated":true}]}}