{"id":62969,"date":"2024-12-04T13:57:28","date_gmt":"2024-12-04T13:57:28","guid":{"rendered":"https:\/\/brandss.com.py\/index\/?post_type=product&#038;p=62969"},"modified":"2026-03-17T17:54:13","modified_gmt":"2026-03-17T17:54:13","slug":"perfume-unisex-maison-alhambra-jean-lowe-fraiche-edp-100ml","status":"publish","type":"product","link":"https:\/\/brandss.com.py\/index\/producto\/perfume-unisex-maison-alhambra-jean-lowe-fraiche-edp-100ml\/","title":{"rendered":"PERFUME UNISEX MAISON ALHAMBRA JEAN LOWE FRAICHE EDP 100ML"},"content":{"rendered":"<p><img loading=\"lazy\" decoding=\"async\" class=\"\" src=\"https:\/\/cdn.aromastore.com.py\/upload\/brand\/maison-al-hambra.jpeg\" alt=\"Maison Al-Hambra | Aroma Store\" width=\"128\" height=\"128\" \/><\/p>\n<h1>JEAN LOWE FRAICHE<\/h1>\n<p>Presentamos &#8220;Jean Lowe Fraiche&#8221;, una fragancia que encarna la sofisticaci\u00f3n y el encanto, capturando la esencia de la elegancia atemporal a trav\u00e9s de su exquisita mezcla de notas.<\/p>\n<p>D\u00e9jate envolver por la elegancia atemporal de &#8220;Jean Lowe Fraiche&#8221;, una fragancia creada para quienes aprecian las cosas buenas de la vida y buscan deleitarse con la belleza de cada momento. Deja que te envuelva en su lujoso abrazo y realce tu presencia con su encanto cautivador.<\/p>\n<p><span>Maison Alhambra Jean Lowe Fraiche EDP es una fragancia exquisita que encarna elegancia y sofisticaci\u00f3n.<\/span><\/p>\n<ul class=\"tickmark_blue\">\n<li><span>Fragancia unisex para todas las ocasiones.<\/span><\/li>\n<li><span>Fragancia duradera con estela impresionante.<\/span><\/li>\n<li><span>Combina elementos frutales, florales y amaderados.<\/span><\/li>\n<li><span>Elaborado por perfumistas de renombre.<\/span><\/li>\n<\/ul>\n<p><span>Este lujoso Eau de Parfum se abre con una explosi\u00f3n de notas de salida vigorizantes, que preparan el escenario para un viaje olfativo cautivador. A medida que se desarrolla la fragancia, el coraz\u00f3n revela una mezcla armoniosa de delicadas notas florales y refrescantes notas acu\u00e1ticas. La base proporciona una impresi\u00f3n duradera con sus matices ricos y c\u00e1lidos, lo que la hace perfecta para cualquier temporada. Eleve su colecci\u00f3n de fragancias con Maison Alhambra Jean Lowe Fraiche EDP.<\/span><\/p>\n<h3>Notas Olfativas<\/h3>\n<h3><img loading=\"lazy\" decoding=\"async\" class=\"alignleft\" src=\"https:\/\/www.duneperfumes.com.au\/cdn\/shop\/files\/jean-lowe-fraiche-nouveau-100ml-edp-maison-alhambra-107398.jpg?v=1723518934&amp;width=823\" width=\"491\" height=\"491\" \/><\/h3>\n<p>&nbsp;<\/p>\n<p>Jean Lowe Fraiche de Maison Alhambra es una fragancia de la familia olfativa oriental para hombres y mujeres.<\/p>\n<p>Jean Lowe Fraiche es una fragancia que despierta una fascinaci\u00f3n inigualable con su mezcla irresistible.<\/p>\n<p>Los p\u00e9talos de rosa se entrelazan con un caramelo dulce, creando una apertura envolvente y tentadora.<\/p>\n<p>A medida que se desarrolla, el jazm\u00edn y el cacao aportan una sensualidad profunda, complementada por la madera de agar y el cuero que a\u00f1aden una elegancia enigm\u00e1tica.<\/p>\n<p>El \u00e1mbar y la vainilla se funden en un abrazo c\u00e1lido y adictivo, dejando una estela que atrae y envuelve.<\/p>\n<p>Cada nota revela una nueva capa de seducci\u00f3n, haciendo de Jean Lowe Fraiche una experiencia inconfundible y cautivadora!!!<\/p>\n<p>&nbsp;<\/p>\n<p>&nbsp;<\/p>\n<p><strong><span>Notas de salida: <\/span><\/strong>Una apertura cautivadora que recuerda a un rom\u00e1ntico jard\u00edn floreciente.<\/p>\n<ul>\n<li><span>Delicados p\u00e9talos de rosa<\/span><\/li>\n<li><span>Caramelo indulgente<\/span><\/li>\n<\/ul>\n<p>&nbsp;<\/p>\n<p><strong><span>Notas de coraz\u00f3n: <\/span><\/strong>Creando un coraz\u00f3n opulento que te transporta a tierras lejanas llenas de intriga.<\/p>\n<ul>\n<li><span>Jazm\u00edn sensual<\/span><\/li>\n<li><span>Cacao rico<\/span><\/li>\n<li><span>Madera de agar ex\u00f3tica (Oud)<\/span><\/li>\n<\/ul>\n<p>&nbsp;<\/p>\n<p><strong><span>Notas de fondo: <\/span><\/strong>A\u00f1adiendo profundidad y sensualidad, dejando una estela de sofisticaci\u00f3n y encanto.<\/p>\n<ul>\n<li><span>Cuero flexible<\/span><\/li>\n<li><span>\u00c1mbar c\u00e1lido<\/span><\/li>\n<li><span>Vainilla cremosa<\/span><\/li>\n<\/ul>\n","protected":false},"excerpt":{"rendered":"<p>JEAN LOWE FRAICHE Presentamos &#8220;Jean Lowe Fraiche&#8221;, una fragancia que encarna la sofisticaci\u00f3n y el encanto, capturando la esencia de<\/p>\n","protected":false},"featured_media":62970,"comment_status":"open","ping_status":"closed","template":"","meta":{"nf_dc_page":""},"product_brand":[107],"product_cat":[84],"product_tag":[1860],"class_list":{"0":"post-62969","1":"product","2":"type-product","3":"status-publish","4":"has-post-thumbnail","6":"product_brand-maison-alhambra","7":"product_cat-perfumeria","8":"product_tag-1860","10":"first","11":"outofstock","12":"shipping-taxable","13":"purchasable","14":"product-type-simple"},"_links":{"self":[{"href":"https:\/\/brandss.com.py\/index\/wp-json\/wp\/v2\/product\/62969","targetHints":{"allow":["GET"]}}],"collection":[{"href":"https:\/\/brandss.com.py\/index\/wp-json\/wp\/v2\/product"}],"about":[{"href":"https:\/\/brandss.com.py\/index\/wp-json\/wp\/v2\/types\/product"}],"replies":[{"embeddable":true,"href":"https:\/\/brandss.com.py\/index\/wp-json\/wp\/v2\/comments?post=62969"}],"version-history":[{"count":1,"href":"https:\/\/brandss.com.py\/index\/wp-json\/wp\/v2\/product\/62969\/revisions"}],"predecessor-version":[{"id":62979,"href":"https:\/\/brandss.com.py\/index\/wp-json\/wp\/v2\/product\/62969\/revisions\/62979"}],"wp:featuredmedia":[{"embeddable":true,"href":"https:\/\/brandss.com.py\/index\/wp-json\/wp\/v2\/media\/62970"}],"wp:attachment":[{"href":"https:\/\/brandss.com.py\/index\/wp-json\/wp\/v2\/media?parent=62969"}],"wp:term":[{"taxonomy":"product_brand","embeddable":true,"href":"https:\/\/brandss.com.py\/index\/wp-json\/wp\/v2\/product_brand?post=62969"},{"taxonomy":"product_cat","embeddable":true,"href":"https:\/\/brandss.com.py\/index\/wp-json\/wp\/v2\/product_cat?post=62969"},{"taxonomy":"product_tag","embeddable":true,"href":"https:\/\/brandss.com.py\/index\/wp-json\/wp\/v2\/product_tag?post=62969"}],"curies":[{"name":"wp","href":"https:\/\/api.w.org\/{rel}","templated":true}]}}